{"id":726349,"date":"2025-08-27T20:04:46","date_gmt":"2025-08-27T17:04:46","guid":{"rendered":"https:\/\/roveyayinevi.com.tr\/index.php\/urun\/yuzey-arastirmalari-isiginda-fatsa\/"},"modified":"2026-04-16T02:34:05","modified_gmt":"2026-04-15T23:34:05","slug":"yuzey-arastirmalari-isiginda-fatsa","status":"publish","type":"product","link":"https:\/\/roveyayinevi.com.tr\/index.php\/urun\/yuzey-arastirmalari-isiginda-fatsa\/","title":{"rendered":"Y\u00fczey Ara\u015ft\u0131rmalar\u0131 I\u015f\u0131\u011f\u0131nda Fatsa"},"content":{"rendered":"<p>Anadolu&#8217;nun zengin tarihsel ve k\u00fclt\u00fcr yelpazesinde \u00f6nemli bir yeri olan Do\u011fu Karadeniz B\u00f6lgesi&#8217;nde, mavi ile ye\u015filin i\u00e7 i\u00e7e oldu\u011fu do\u011fal g\u00fczellikleriyle, b\u00f6lgenin k\u00fclt\u00fcrel miras\u0131na katk\u0131 sunacak verileri i\u00e7inde bar\u0131nd\u0131ran Ordu\/Fatsa \u0130l\u00e7esi&#8217;nde 2011-2015 y\u0131llar\u0131 aras\u0131nda y\u00fcr\u00fct\u00fclen arkeolojik y\u00fczey ara\u015ft\u0131rmalar\u0131nda tespit edilen maddi kal\u0131nt\u0131lar, bu kitapta bir araya getirilerek sunulmaktad\u0131r. Alan \u00e7al\u0131\u015fmalar\u0131nda, b\u00f6lge kronolojisini Paleolitik D\u00f6neme kadar g\u00f6t\u00fcren materyale ula\u015fmas\u0131 \u00f6nem arz etmekte birlikte,\u0130l\u00e7e genelinde y\u00fcr\u00fct\u00fclen y\u00fczey ara\u015ft\u0131rmalar\u0131nda tespit edilen arkeolojikdoku, Hellenistik D\u00f6nemden Osmanl\u0131 D\u00f6nemine kadar giden b\u00f6lge yerle\u015fim tarihine tan\u0131kl\u0131k etmektedir. Karadeniz \u00e7al\u0131\u015fmalar\u0131 \u00f6zelinde, Anadolu arkeolojisine katk\u0131 sunmas\u0131 dile\u011fiyle.<\/p>\n","protected":false},"excerpt":{"rendered":"<p>Anadolu&#8217;nun zengin tarihsel ve k\u00fclt\u00fcr yelpazesinde \u00f6nemli bir yeri olan Do\u011fu Karadeniz B\u00f6lgesi&#8217;nde, mavi ile ye\u015filin i\u00e7 i\u00e7e oldu\u011fu do\u011fal g\u00fczellikleriyle, b\u00f6lgenin k\u00fclt\u00fcrel miras\u0131na katk\u0131 sunacak<span class=\"excerpt-hellip\"> [\u2026]<\/span><\/p>\n","protected":false},"featured_media":0,"template":"","meta":{"_monsterinsights_skip_tracking":false,"_monsterinsights_sitenote_active":false,"_monsterinsights_sitenote_note":"","_monsterinsights_sitenote_category":0},"product_brand":[],"product_cat":[12408,14197],"product_tag":[],"class_list":{"0":"post-726349","1":"product","2":"type-product","3":"status-publish","5":"product_cat-sanat","6":"product_cat-sanat-tarihi","7":"pa_cilt-ciltsiz","8":"pa_tur-kitap","9":"pa_yayinevi-bilgin-kultur-sanat","10":"pa_yazar-ayse-fatma-erol","12":"first","13":"instock","14":"sale","15":"shipping-taxable","16":"purchasable","17":"product-type-simple"},"_links":{"self":[{"href":"https:\/\/roveyayinevi.com.tr\/index.php\/wp-json\/wp\/v2\/product\/726349","targetHints":{"allow":["GET"]}}],"collection":[{"href":"https:\/\/roveyayinevi.com.tr\/index.php\/wp-json\/wp\/v2\/product"}],"about":[{"href":"https:\/\/roveyayinevi.com.tr\/index.php\/wp-json\/wp\/v2\/types\/product"}],"wp:attachment":[{"href":"https:\/\/roveyayinevi.com.tr\/index.php\/wp-json\/wp\/v2\/media?parent=726349"}],"wp:term":[{"taxonomy":"product_brand","embeddable":true,"href":"https:\/\/roveyayinevi.com.tr\/index.php\/wp-json\/wp\/v2\/product_brand?post=726349"},{"taxonomy":"product_cat","embeddable":true,"href":"https:\/\/roveyayinevi.com.tr\/index.php\/wp-json\/wp\/v2\/product_cat?post=726349"},{"taxonomy":"product_tag","embeddable":true,"href":"https:\/\/roveyayinevi.com.tr\/index.php\/wp-json\/wp\/v2\/product_tag?post=726349"}],"curies":[{"name":"wp","href":"https:\/\/api.w.org\/{rel}","templated":true}]}}