{"id":726345,"date":"2025-08-27T20:04:42","date_gmt":"2025-08-27T17:04:42","guid":{"rendered":"https:\/\/roveyayinevi.com.tr\/index.php\/urun\/patron\/"},"modified":"2026-04-16T02:34:05","modified_gmt":"2026-04-15T23:34:05","slug":"patron","status":"publish","type":"product","link":"https:\/\/roveyayinevi.com.tr\/index.php\/urun\/patron\/","title":{"rendered":"Patron"},"content":{"rendered":"<p>\u201cPembe bir zarf yanl\u0131\u015f bir ki\u015finin eline ge\u00e7ip maksimum ka\u00e7 ki\u015finin hayat\u0131n\u0131 zincirleme olarak bir Kusturica filmi kadar sa\u00e7ma, e\u011flenceli ve adrenalin dolu hale getirebilir?\u201d sorusunun kahkaha dolu cevab\u0131. Bu kitapta hayat\u0131n\u0131z\u0131 zehreden patronlar\u0131n en sefil hallerini bulacak, hakk\u0131yla g\u00fclecek, serotonin fazlas\u0131n\u0131 k\u00f6t\u00fc g\u00fcnleriniz i\u00e7in yast\u0131k alt\u0131nda saklayacaks\u0131n\u0131z. Tam bir yanl\u0131\u015fl\u0131klar komedisi&#8230; Hayat\u0131m\u0131zdaki t\u00fcm patronlara adanm\u0131\u015ft\u0131r. <\/p>\n","protected":false},"excerpt":{"rendered":"<p>\u201cPembe bir zarf yanl\u0131\u015f bir ki\u015finin eline ge\u00e7ip maksimum ka\u00e7 ki\u015finin hayat\u0131n\u0131 zincirleme olarak bir Kusturica filmi kadar sa\u00e7ma, e\u011flenceli ve adrenalin dolu hale getirebilir?\u201d sorusunun<span class=\"excerpt-hellip\"> [\u2026]<\/span><\/p>\n","protected":false},"featured_media":0,"template":"","meta":{"_monsterinsights_skip_tracking":false,"_monsterinsights_sitenote_active":false,"_monsterinsights_sitenote_note":"","_monsterinsights_sitenote_category":0},"product_brand":[],"product_cat":[12291,14825],"product_tag":[],"class_list":{"0":"post-726345","1":"product","2":"type-product","3":"status-publish","5":"product_cat-edebiyat","6":"product_cat-mizah","7":"pa_cilt-ciltsiz","8":"pa_tur-kitap","9":"pa_yayinevi-destek-yayinlari","10":"pa_yazar-ozlem-kumrular","12":"first","13":"instock","14":"sale","15":"shipping-taxable","16":"purchasable","17":"product-type-simple"},"_links":{"self":[{"href":"https:\/\/roveyayinevi.com.tr\/index.php\/wp-json\/wp\/v2\/product\/726345","targetHints":{"allow":["GET"]}}],"collection":[{"href":"https:\/\/roveyayinevi.com.tr\/index.php\/wp-json\/wp\/v2\/product"}],"about":[{"href":"https:\/\/roveyayinevi.com.tr\/index.php\/wp-json\/wp\/v2\/types\/product"}],"wp:attachment":[{"href":"https:\/\/roveyayinevi.com.tr\/index.php\/wp-json\/wp\/v2\/media?parent=726345"}],"wp:term":[{"taxonomy":"product_brand","embeddable":true,"href":"https:\/\/roveyayinevi.com.tr\/index.php\/wp-json\/wp\/v2\/product_brand?post=726345"},{"taxonomy":"product_cat","embeddable":true,"href":"https:\/\/roveyayinevi.com.tr\/index.php\/wp-json\/wp\/v2\/product_cat?post=726345"},{"taxonomy":"product_tag","embeddable":true,"href":"https:\/\/roveyayinevi.com.tr\/index.php\/wp-json\/wp\/v2\/product_tag?post=726345"}],"curies":[{"name":"wp","href":"https:\/\/api.w.org\/{rel}","templated":true}]}}