{"id":726342,"date":"2025-08-27T20:04:40","date_gmt":"2025-08-27T17:04:40","guid":{"rendered":"https:\/\/roveyayinevi.com.tr\/index.php\/urun\/kontrol-sende-guc-sende\/"},"modified":"2026-04-16T02:34:05","modified_gmt":"2026-04-15T23:34:05","slug":"kontrol-sende-guc-sende","status":"publish","type":"product","link":"https:\/\/roveyayinevi.com.tr\/index.php\/urun\/kontrol-sende-guc-sende\/","title":{"rendered":"Kontrol Sende G\u00fc\u00e7 Sende"},"content":{"rendered":"<p>ERKEN BO\u015eALMA SORUNUNA KANITA DAYALI KES\u0130N \u00c7\u00d6Z\u00dcMLER!Erken bo\u015falma cinsel yetersizlik ya da hastal\u0131k de\u011fil, cinsel denetimsizlik ve \u00e7iftin cinsel uyum sorunudur. Erken bo\u015falmaya yol a\u00e7an psikolojik, fiziksel, durumsal ya da ili\u015fkiyle ilgili nedenler ortadan kald\u0131r\u0131ld\u0131\u011f\u0131nda \u00e7\u00f6z\u00fcme ula\u015f\u0131l\u0131r. Cinsel terapistlerin erken bo\u015falma tedavisinde vazge\u00e7emeyecekleri bir el kitab\u0131 olan \u201cKontrol Sende G\u00fc\u00e7 Sende\u201d benzersiz ve yenilik\u00e7i bir tedavi program\u0131 sunuyor. Denenmi\u015f ve ba\u015far\u0131lar\u0131 kan\u0131tlanm\u0131\u015f \u00e7ok say\u0131da \u00e7\u00f6z\u00fcm, erken bo\u015falma sorunu y\u00fcz\u00fcnden cinsel ya\u015famlar\u0131 kabusa d\u00f6nm\u00fc\u015f olan erkeklerin ve \u00e7iftlerin y\u00fcz\u00fcn\u00fc g\u00fcld\u00fcrecek. &#8211; Cinsel Sa\u011fl\u0131k Enstit\u00fcs\u00fc Derne\u011fi (C\u0130SED)ERKEN BO\u015eALMA ARTIK B\u0130R SORUN OLMAYACAK!Erken bo\u015falma kal\u0131c\u0131 bir sorun ya da ya\u015fam boyu s\u00fcrecek bir k\u00e2bus de\u011fildir. Bu konudaki yanl\u0131\u015f bilgi ve alg\u0131lar, bu sorunu ya\u015fayan erkeklerin ve \u00e7iftlerin kendilerini \u00e7aresiz hissetmelerine neden olur. Erkekleri ve partnerlerini h\u00fcsrana u\u011fratan erken bo\u015falmay\u0131 bir sorun olmaktan \u00e7\u0131karacak yetkin ve etkili y\u00f6ntemlerle donat\u0131lm\u0131\u015f benzersiz bir kitap olan \u201cKontrol Sende G\u00fc\u00e7 Sende\u201d, erken bo\u015falmay\u0131 bir sonu\u00e7 olmaktan \u00e7\u0131kar\u0131p, bo\u015falma denetimini bir se\u00e7ime d\u00f6n\u00fc\u015ft\u00fcrecek, erkeklerin cinsel ya\u015famlar\u0131n\u0131n kontrol\u00fcn\u00fc ele ge\u00e7irmelerine yard\u0131m edecek ve cinsel terapistlerin erken bo\u015falma tedavisi konusundaki en \u00f6nemli ba\u015fvuru kayna\u011f\u0131 olacakt\u0131r. &#8211; Uluslararas\u0131 Entegratif Kognitif Psikoterapi Enstit\u00fcs\u00fc (IICPI)ERKEN BO\u015eALMA TEDAV\u0130S\u0130NDE HIZLI VE ETK\u0130L\u0130 \u00c7\u00d6Z\u00dcMLER!Halk aras\u0131nda \u201cbel gev\u015fekli\u011fi\u201d olarak bilinen erken bo\u015falma, T\u00fcrkiye\u2019deki en yayg\u0131n cinsel sorunlardan biridir. Cinsel Sa\u011fl\u0131k Enstit\u00fcs\u00fc Derne\u011fi (C\u0130SED) verilerine g\u00f6re, cinsel hayat\u0131 aktif olan her on erkekten yedisi hayat\u0131n\u0131n bir d\u00f6neminde bu sorunu ya\u015f\u0131yor. Multidisipliner bir bak\u0131\u015f a\u00e7\u0131s\u0131 ile teorik ve pratik bilgileri birle\u015ftiren \u201cKontrol Sende G\u00fc\u00e7 Sende\u201d, kolay uygulanabilir etkili teknikler ve egzersizlerle hem erken bo\u015falma sorunu ya\u015fayan erkekler ve \u00e7iftler i\u00e7in do\u011frudan \u00e7\u00f6z\u00fcme y\u00f6nelik bir rehber hem de cinsel terapistlerin erken bo\u015falma sorununun tedavisinde h\u0131zla yol alarak ba\u015far\u0131l\u0131 sonu\u00e7lar elde etmelerini sa\u011flayacak bir ba\u015fucu kitab\u0131d\u0131r. Umut her zaman vard\u0131r! \u2013 Pusula Yay\u0131nevi<\/p>\n","protected":false},"excerpt":{"rendered":"<p>ERKEN BO\u015eALMA SORUNUNA KANITA DAYALI KES\u0130N \u00c7\u00d6Z\u00dcMLER!Erken bo\u015falma cinsel yetersizlik ya da hastal\u0131k de\u011fil, cinsel denetimsizlik ve \u00e7iftin cinsel uyum sorunudur. Erken bo\u015falmaya yol a\u00e7an psikolojik,<span class=\"excerpt-hellip\"> [\u2026]<\/span><\/p>\n","protected":false},"featured_media":0,"template":"","meta":{"_monsterinsights_skip_tracking":false,"_monsterinsights_sitenote_active":false,"_monsterinsights_sitenote_note":"","_monsterinsights_sitenote_category":0},"product_brand":[],"product_cat":[35288,13365],"product_tag":[],"class_list":{"0":"post-726342","1":"product","2":"type-product","3":"status-publish","5":"product_cat-cinsellik-saglik","6":"product_cat-saglik","7":"pa_cilt-ciltsiz","8":"pa_tur-kitap","9":"pa_yayinevi-pusula-yayinevi-ankara","10":"pa_yazar-cem-kece-umut-ozdemir","12":"first","13":"instock","14":"sale","15":"shipping-taxable","16":"purchasable","17":"product-type-simple"},"_links":{"self":[{"href":"https:\/\/roveyayinevi.com.tr\/index.php\/wp-json\/wp\/v2\/product\/726342","targetHints":{"allow":["GET"]}}],"collection":[{"href":"https:\/\/roveyayinevi.com.tr\/index.php\/wp-json\/wp\/v2\/product"}],"about":[{"href":"https:\/\/roveyayinevi.com.tr\/index.php\/wp-json\/wp\/v2\/types\/product"}],"wp:attachment":[{"href":"https:\/\/roveyayinevi.com.tr\/index.php\/wp-json\/wp\/v2\/media?parent=726342"}],"wp:term":[{"taxonomy":"product_brand","embeddable":true,"href":"https:\/\/roveyayinevi.com.tr\/index.php\/wp-json\/wp\/v2\/product_brand?post=726342"},{"taxonomy":"product_cat","embeddable":true,"href":"https:\/\/roveyayinevi.com.tr\/index.php\/wp-json\/wp\/v2\/product_cat?post=726342"},{"taxonomy":"product_tag","embeddable":true,"href":"https:\/\/roveyayinevi.com.tr\/index.php\/wp-json\/wp\/v2\/product_tag?post=726342"}],"curies":[{"name":"wp","href":"https:\/\/api.w.org\/{rel}","templated":true}]}}