{"id":726340,"date":"2025-08-27T20:04:38","date_gmt":"2025-08-27T17:04:38","guid":{"rendered":"https:\/\/roveyayinevi.com.tr\/index.php\/urun\/ella-ve-owen-1-ejderhalar-hapsirinca-ciltli\/"},"modified":"2026-04-16T02:34:05","modified_gmt":"2026-04-15T23:34:05","slug":"ella-ve-owen-1-ejderhalar-hapsirinca-ciltli","status":"publish","type":"product","link":"https:\/\/roveyayinevi.com.tr\/index.php\/urun\/ella-ve-owen-1-ejderhalar-hapsirinca-ciltli\/","title":{"rendered":"Ella ve Owen 1 &#8211; Ejderhalar Hap\u015f\u0131r\u0131nca! ( Ciltli )"},"content":{"rendered":"<p>Ejderha ikizler Ella ve Owen birbiriyle hi\u00e7 anla\u015famazlar. Owen yata\u011f\u0131ndan \u00e7\u0131kmay\u0131p kitap okumak ister, maceraperest Ella ise onu ate\u015fli so\u011fuk alg\u0131nl\u0131\u011f\u0131na tedavi aramak i\u00e7in kendisiyle gelmeye ikna eder. Sonras\u0131nda macera bu iki ufakl\u0131\u011f\u0131n hayal dahi edemeyece\u011fi kadar korkun\u00e7 bir hal al\u0131r!Ella ve Owen acaba bir devden ka\u00e7may\u0131, \u015feytani sebze sihirbaz\u0131n\u0131 alt etmeyi ve Owen\u2019\u0131n hastal\u0131\u011f\u0131n\u0131 iyile\u015ftirmeyi ba\u015farabilecek midir?<\/p>\n","protected":false},"excerpt":{"rendered":"<p>Ejderha ikizler Ella ve Owen birbiriyle hi\u00e7 anla\u015famazlar. Owen yata\u011f\u0131ndan \u00e7\u0131kmay\u0131p kitap okumak ister, maceraperest Ella ise onu ate\u015fli so\u011fuk alg\u0131nl\u0131\u011f\u0131na tedavi aramak i\u00e7in kendisiyle gelmeye<span class=\"excerpt-hellip\"> [\u2026]<\/span><\/p>\n","protected":false},"featured_media":0,"template":"","meta":{"_monsterinsights_skip_tracking":false,"_monsterinsights_sitenote_active":false,"_monsterinsights_sitenote_note":"","_monsterinsights_sitenote_category":0},"product_brand":[],"product_cat":[12275,12274],"product_tag":[],"class_list":{"0":"post-726340","1":"product","2":"type-product","3":"status-publish","5":"product_cat-6-12-yas-kitaplari","6":"product_cat-cocuk-ve-genclik-kitaplari","7":"pa_cilt-ciltli","8":"pa_tur-kitap","9":"pa_yayinevi-babil-kitap","10":"pa_yazar-jaden-kent","12":"first","13":"instock","14":"sale","15":"shipping-taxable","16":"purchasable","17":"product-type-simple"},"_links":{"self":[{"href":"https:\/\/roveyayinevi.com.tr\/index.php\/wp-json\/wp\/v2\/product\/726340","targetHints":{"allow":["GET"]}}],"collection":[{"href":"https:\/\/roveyayinevi.com.tr\/index.php\/wp-json\/wp\/v2\/product"}],"about":[{"href":"https:\/\/roveyayinevi.com.tr\/index.php\/wp-json\/wp\/v2\/types\/product"}],"wp:attachment":[{"href":"https:\/\/roveyayinevi.com.tr\/index.php\/wp-json\/wp\/v2\/media?parent=726340"}],"wp:term":[{"taxonomy":"product_brand","embeddable":true,"href":"https:\/\/roveyayinevi.com.tr\/index.php\/wp-json\/wp\/v2\/product_brand?post=726340"},{"taxonomy":"product_cat","embeddable":true,"href":"https:\/\/roveyayinevi.com.tr\/index.php\/wp-json\/wp\/v2\/product_cat?post=726340"},{"taxonomy":"product_tag","embeddable":true,"href":"https:\/\/roveyayinevi.com.tr\/index.php\/wp-json\/wp\/v2\/product_tag?post=726340"}],"curies":[{"name":"wp","href":"https:\/\/api.w.org\/{rel}","templated":true}]}}