{"id":726337,"date":"2025-08-27T20:04:36","date_gmt":"2025-08-27T17:04:36","guid":{"rendered":"https:\/\/roveyayinevi.com.tr\/index.php\/urun\/yalanci-orman\/"},"modified":"2026-04-16T02:34:05","modified_gmt":"2026-04-15T23:34:05","slug":"yalanci-orman","status":"publish","type":"product","link":"https:\/\/roveyayinevi.com.tr\/index.php\/urun\/yalanci-orman\/","title":{"rendered":"Yalanc\u0131 Orman"},"content":{"rendered":"<p>Ger\u00e7ekler sakl\u0131 kalmayacak.Owen Foster hayal edebilece\u011fi her \u015feye sahipti. Fakat annesi okula gelip de bombay\u0131 patlat\u0131nca, do\u011fru sand\u0131\u011f\u0131 her \u015fey temelinden sars\u0131ld\u0131: Louisiana\u2019daki k\u00fc\u00e7\u00fck kasabalar\u0131n\u0131n en b\u00fcy\u00fck i\u015fvereni olan babas\u0131, aile \u015firketlerini zimmetine milyonlar ge\u00e7irmek ve \u00e7al\u0131\u015fanlar\u0131n\u0131n emeklilik hesaplar\u0131n\u0131 bo\u015faltmak i\u00e7in kulland\u0131ktan sonra s\u0131rra kadem bas\u0131p bu pisli\u011fi temizlemeyi ona ve annesine b\u0131rakm\u0131\u015ft\u0131.Lisedeki son y\u0131l\u0131n\u0131 bitirmek i\u00e7in kasabalar\u0131na d\u00f6nd\u00fc\u011f\u00fcnde, zar zor hat\u0131rlad\u0131\u011f\u0131 insanlar\u0131n ona di\u015f biledi\u011fini fark etti. Nereye giderse gitsin pe\u015fini b\u0131rakmayan f\u0131s\u0131lt\u0131lar ve bak\u0131\u015flar yetmezmi\u015f gibi, her g\u00fcn yeni bir tehdit mesaj\u0131yla u\u011fra\u015f\u0131yorlard\u0131. Tabii bir de babas\u0131ndan gelen ve hen\u00fcz kimseye s\u00f6ylemedi\u011fi not vard\u0131.Owen\u2019\u0131n yeg\u00e2ne s\u0131\u011f\u0131na\u011f\u0131, bir \u015feyler sakl\u0131yormu\u015f gibi dursa da ona her zaman yard\u0131m eden Gus\u2019\u0131n meyve bah\u00e7esiydi. Y\u0131llar \u00f6nce Vaiz Orman\u0131\u2019nda ya\u015fananlar tekerr\u00fcr etmenin e\u015fi\u011findeyken, yeni bir gelecek yazabilmek ad\u0131na ge\u00e7mi\u015fleriyle y\u00fczle\u015fmeleri gerekecekti. &#8220;Hik\u00e2ye o kadar ustaca \u00f6r\u00fclm\u00fc\u015f ki sonunda her \u015feyin birbirine ba\u011flanma \u015fekli son derecede tatmin edici. Yalanc\u0131 Orman uyand\u0131rd\u0131\u011f\u0131 heyecanla \u00e7a\u011fda\u015f gizem kitaplar\u0131n\u0131 seven okurlar i\u00e7in birebir. Sizi kesinlikle diken \u00fcst\u00fcnde tutacak.&#8221; \u2014The Young Folks\u201cG\u00fcn\u00fcm\u00fcz aile dinamiklerini ve k\u00fc\u00e7\u00fck \u015fehir s\u0131n\u0131f \u00e7at\u0131\u015fmalar\u0131n\u0131 i\u00e7eren ger\u00e7ek\u00e7i gizem romanlar\u0131n\u0131 seven okurlar Yalanc\u0131 Orman\u2019a bay\u0131lacak.\u201d \u2014BCCB\u201cMerak uyand\u0131ran olay \u00f6rg\u00fcs\u00fc ve bitmek bilmeyen s\u00fcrprizleriyle bir \u00e7\u0131rp\u0131da okuyacaks\u0131n\u0131z.\u201d \u2014Culturess\u201cKarakterleri okura yava\u015f\u00e7a tan\u0131tan, farkl\u0131 bak\u0131\u015f a\u00e7\u0131lar\u0131 aras\u0131nda dengeli ge\u00e7i\u015fler yapan ve olay \u00f6rg\u00fcs\u00fcn\u00fcn h\u0131z\u0131n\u0131n korumas\u0131na yard\u0131mc\u0131 olan ge\u00e7mi\u015ften gelen bir hik\u00e2yeyle desteklenmi\u015f harika bir gizem kitab\u0131. Gelecekleri babas\u0131 taraf\u0131ndan yok edilmi\u015f insanlar\u0131n yan\u0131 s\u0131ra Owen\u2019\u0131n \u00f6fkesi ve davran\u0131\u015flar\u0131 hem olduk\u00e7a anla\u015f\u0131l\u0131r hem de hik\u00e2yeyi tatmin edici bir sona g\u00f6t\u00fcr\u00fcyor.\u201d \u2014School Library Journal (starred review)\u201cElston\u2019\u0131n olay gerilimi, i\u00e7 i\u00e7e ge\u00e7mi\u015f hik\u00e2yeler ve b\u00fcy\u00fcleyici bir gizem yaratma konusundaki ustal\u0131\u011f\u0131na al\u0131\u015fm\u0131\u015f hayranlar, hayret verici bir sona tam gaz ilerlerken ge\u00e7mi\u015f ve gelecek aras\u0131nda gidip gelen bu yeni roman\u0131n\u0131 soluksuz okuyacaklar. Kendilerini kitaba o kadar kapt\u0131racaklar ki heyecandan yerlerinde duramad\u0131klar\u0131n\u0131 fark edemeyecekler bile.\u201d \u2014Kirkus (starred review)<\/p>\n","protected":false},"excerpt":{"rendered":"<p>Ger\u00e7ekler sakl\u0131 kalmayacak.Owen Foster hayal edebilece\u011fi her \u015feye sahipti. Fakat annesi okula gelip de bombay\u0131 patlat\u0131nca, do\u011fru sand\u0131\u011f\u0131 her \u015fey temelinden sars\u0131ld\u0131: Louisiana\u2019daki k\u00fc\u00e7\u00fck kasabalar\u0131n\u0131n en<span class=\"excerpt-hellip\"> [\u2026]<\/span><\/p>\n","protected":false},"featured_media":0,"template":"","meta":{"_monsterinsights_skip_tracking":false,"_monsterinsights_sitenote_active":false,"_monsterinsights_sitenote_note":"","_monsterinsights_sitenote_category":0},"product_brand":[],"product_cat":[12291,17033],"product_tag":[],"class_list":{"0":"post-726337","1":"product","2":"type-product","3":"status-publish","5":"product_cat-edebiyat","6":"product_cat-korku-gerilim","7":"pa_cilt-ciltsiz","8":"pa_tur-kitap","9":"pa_yayinevi-yabanci-yayinevi","10":"pa_yazar-ashley-elston","12":"first","13":"instock","14":"sale","15":"shipping-taxable","16":"purchasable","17":"product-type-simple"},"_links":{"self":[{"href":"https:\/\/roveyayinevi.com.tr\/index.php\/wp-json\/wp\/v2\/product\/726337","targetHints":{"allow":["GET"]}}],"collection":[{"href":"https:\/\/roveyayinevi.com.tr\/index.php\/wp-json\/wp\/v2\/product"}],"about":[{"href":"https:\/\/roveyayinevi.com.tr\/index.php\/wp-json\/wp\/v2\/types\/product"}],"wp:attachment":[{"href":"https:\/\/roveyayinevi.com.tr\/index.php\/wp-json\/wp\/v2\/media?parent=726337"}],"wp:term":[{"taxonomy":"product_brand","embeddable":true,"href":"https:\/\/roveyayinevi.com.tr\/index.php\/wp-json\/wp\/v2\/product_brand?post=726337"},{"taxonomy":"product_cat","embeddable":true,"href":"https:\/\/roveyayinevi.com.tr\/index.php\/wp-json\/wp\/v2\/product_cat?post=726337"},{"taxonomy":"product_tag","embeddable":true,"href":"https:\/\/roveyayinevi.com.tr\/index.php\/wp-json\/wp\/v2\/product_tag?post=726337"}],"curies":[{"name":"wp","href":"https:\/\/api.w.org\/{rel}","templated":true}]}}