{"id":726336,"date":"2025-08-27T20:04:35","date_gmt":"2025-08-27T17:04:35","guid":{"rendered":"https:\/\/roveyayinevi.com.tr\/index.php\/urun\/dilekler-taci\/"},"modified":"2026-04-16T02:34:05","modified_gmt":"2026-04-15T23:34:05","slug":"dilekler-taci","status":"publish","type":"product","link":"https:\/\/roveyayinevi.com.tr\/index.php\/urun\/dilekler-taci\/","title":{"rendered":"Dilekler Tac\u0131"},"content":{"rendered":"<p>Kadim bir s\u0131r. Beklenmedik bir ittifak.Gauri\u2019nin hayat\u0131 tehlikedeydi. Bharata\u2019n\u0131n Cevheri ve sava\u015f\u00e7\u0131 prensesiyken art\u0131k bir hi\u00e7ti. Zindanda \u00f6l\u00fcmle y\u00fczle\u015fmeyi bekledi\u011fi s\u0131rada kaderi hi\u00e7 ummad\u0131\u011f\u0131 biriyle kesi\u015fti \u2013 d\u00fc\u015fman krall\u0131\u011f\u0131n kurnaz prensi Vikram\u2019la.Kukla bir kraldan fazlas\u0131 olmak isteyen Vikram, Gauri\u2019nin yeteneklerine kar\u015f\u0131l\u0131k ona \u00f6zg\u00fcr bir gelecek vadediyordu. Farkl\u0131l\u0131klar\u0131yla birbirlerini tamamlay\u0131p tak\u0131m olmay\u0131 becerebilirlerse Dilekler Turnuvas\u0131\u2019nda galip gelebilir ve en derin arzular\u0131na kavu\u015fabilirlerdi.Zek\u00e2lar\u0131n\u0131 ve g\u00fc\u00e7lerinin s\u0131n\u0131rlar\u0131n\u0131 zorlayan s\u0131navlar, daha tan\u0131\u015ft\u0131klar\u0131 anda ba\u015flam\u0131\u015ft\u0131. B\u00fcy\u00fcl\u00fc \u015fehrin canavarlar\u0131ysa daha \u00f6nce kar\u015f\u0131la\u015ft\u0131klar\u0131 hi\u00e7bir \u015feye benzemiyordu: zehirli cariyeler, hik\u00e2ye ku\u015flar\u0131, korkular ziyafeti\u2026 Fakat \u00e7ok ge\u00e7meden Gauri ve Vikram, en \u00e7ok arzulad\u0131klar\u0131 \u015feyin en tehlikelisi oldu\u011funu ke\u015ffedeceklerdi. \u201cHerkesin sonsuza-dek-mutlu-ya\u015fad\u0131\u011f\u0131 peri masallar\u0131n\u0131 an\u0131msatan Dilekler Tac\u0131, ba\u015f belas\u0131 prensesleri seven okurlar i\u00e7in harika bir se\u00e7im.\u201d \u2014Kirkus Reviews\u201c\u00d6zenle yaz\u0131lm\u0131\u015f kurgusu, birden fazla bak\u0131\u015f a\u00e7\u0131s\u0131 ve nefes kesen maceralar\u0131yla bu \u00e7arp\u0131c\u0131 fantastik roman ger\u00e7ekten s\u00fcr\u00fckleyici.\u201d \u2014School Library Journal\u201cYepyeni ve sevilesi \u00e7iftin hik\u00e2yesi, daha g\u00fc\u00e7l\u00fc bir olay \u00f6rg\u00fcs\u00fcn\u00fc ve enfes bir yaz\u0131m tarz\u0131n\u0131 beraberinde getiriyor.\u201d \u2014Booklist\u201cChokshi, Alaka\u2019n\u0131n \u00e7ekici ve ilgin\u00e7 atmosferini Y\u0131ld\u0131zlara Sar\u0131l\u0131 Krali\u00e7e\u2019den \u00f6d\u00fcn\u00e7 al\u0131yor ve Hint k\u00fclt\u00fcr\u00fcne ait daha fazla unsur ekleyerek hem cezbedici hem korkun\u00e7 yarat\u0131klar\u0131 Dilekler Tac\u0131\u2019na ta\u015f\u0131yor.\u201d \u2014BCCB<\/p>\n","protected":false},"excerpt":{"rendered":"<p>Kadim bir s\u0131r. Beklenmedik bir ittifak.Gauri\u2019nin hayat\u0131 tehlikedeydi. Bharata\u2019n\u0131n Cevheri ve sava\u015f\u00e7\u0131 prensesiyken art\u0131k bir hi\u00e7ti. Zindanda \u00f6l\u00fcmle y\u00fczle\u015fmeyi bekledi\u011fi s\u0131rada kaderi hi\u00e7 ummad\u0131\u011f\u0131 biriyle kesi\u015fti<span class=\"excerpt-hellip\"> [\u2026]<\/span><\/p>\n","protected":false},"featured_media":0,"template":"","meta":{"_monsterinsights_skip_tracking":false,"_monsterinsights_sitenote_active":false,"_monsterinsights_sitenote_note":"","_monsterinsights_sitenote_category":0},"product_brand":[],"product_cat":[12291,14777],"product_tag":[],"class_list":{"0":"post-726336","1":"product","2":"type-product","3":"status-publish","5":"product_cat-edebiyat","6":"product_cat-fantastik","7":"pa_cilt-ciltsiz","8":"pa_tur-kitap","9":"pa_yayinevi-yabanci-yayinevi","10":"pa_yazar-roshani-choskhi","12":"first","13":"instock","14":"sale","15":"shipping-taxable","16":"purchasable","17":"product-type-simple"},"_links":{"self":[{"href":"https:\/\/roveyayinevi.com.tr\/index.php\/wp-json\/wp\/v2\/product\/726336","targetHints":{"allow":["GET"]}}],"collection":[{"href":"https:\/\/roveyayinevi.com.tr\/index.php\/wp-json\/wp\/v2\/product"}],"about":[{"href":"https:\/\/roveyayinevi.com.tr\/index.php\/wp-json\/wp\/v2\/types\/product"}],"wp:attachment":[{"href":"https:\/\/roveyayinevi.com.tr\/index.php\/wp-json\/wp\/v2\/media?parent=726336"}],"wp:term":[{"taxonomy":"product_brand","embeddable":true,"href":"https:\/\/roveyayinevi.com.tr\/index.php\/wp-json\/wp\/v2\/product_brand?post=726336"},{"taxonomy":"product_cat","embeddable":true,"href":"https:\/\/roveyayinevi.com.tr\/index.php\/wp-json\/wp\/v2\/product_cat?post=726336"},{"taxonomy":"product_tag","embeddable":true,"href":"https:\/\/roveyayinevi.com.tr\/index.php\/wp-json\/wp\/v2\/product_tag?post=726336"}],"curies":[{"name":"wp","href":"https:\/\/api.w.org\/{rel}","templated":true}]}}