{"id":726334,"date":"2025-08-27T20:04:33","date_gmt":"2025-08-27T17:04:33","guid":{"rendered":"https:\/\/roveyayinevi.com.tr\/index.php\/urun\/adak-cilt-3-hukum\/"},"modified":"2026-04-16T02:34:05","modified_gmt":"2026-04-15T23:34:05","slug":"adak-cilt-3-hukum","status":"publish","type":"product","link":"https:\/\/roveyayinevi.com.tr\/index.php\/urun\/adak-cilt-3-hukum\/","title":{"rendered":"Adak Cilt 3 &#8211; H\u00fck\u00fcm"},"content":{"rendered":"<p>Ve etraf\u0131ndaki g\u00f6lgelerin gitgide h\u0131zlanan dans\u0131nda, Nehir Efser ad\u0131mlar\u0131n\u0131 kar\u0131\u015ft\u0131rmak \u00fczereydi.Nehir Efser, muskalanm\u0131\u015f kurbanlar, zehir ve b\u00fcy\u00fc emarelerini se\u00e7meye ba\u015flad\u0131k\u00e7a nas\u0131l bir labirentte y\u00fcr\u00fcd\u00fc\u011f\u00fcn\u00fc fark ediyordu. \u00c7ok ge\u00e7ti art\u0131k. Korkusu yoktu. Pi\u015fmanl\u0131klar\u0131 da!Arim Alator&#8217;un Nehir Efser i\u00e7in, hem cellat hem de koruyucu olmas\u0131, kad\u0131nla aras\u0131nda korkun\u00e7 ve ayr\u0131cal\u0131kl\u0131 bir ili\u015fki yarat\u0131yordu. Bu, onun daha \u00f6nce denemedi\u011fi bir \u015feydi! Muhtemelen de \u00f6l\u00fcmc\u00fcld\u00fc.Arim Alator elini cesedin aln\u0131na koydu. F\u0131s\u0131ldad\u0131:\u201cNefesimizin ve karanl\u0131\u011f\u0131m\u0131z\u0131n sahibi, bizi \u015ferle s\u0131nad\u0131n, karanl\u0131kla da s\u0131na!\u201dNehir Efser \u015fiddetle \u00fcrperdi. Morgun havas\u0131nda bir de\u011fi\u015fiklik vard\u0131.\u201cBizi \u00f6l\u00fclerle s\u0131nad\u0131n! Cesetlerle de s\u0131na!\u201dBulunduklar\u0131 o buz gibi salon bir an yalpalad\u0131. Nehir Efser bir an zannetti ki, b\u00fct\u00fcn \u00e7ekmeceler a\u00e7\u0131lacak. \u0130\u00e7inde yatan onlarca ceset kalk\u0131p \u00f6l\u00fc g\u00f6zlerini onlara dikecek!<\/p>\n","protected":false},"excerpt":{"rendered":"<p>Ve etraf\u0131ndaki g\u00f6lgelerin gitgide h\u0131zlanan dans\u0131nda, Nehir Efser ad\u0131mlar\u0131n\u0131 kar\u0131\u015ft\u0131rmak \u00fczereydi.Nehir Efser, muskalanm\u0131\u015f kurbanlar, zehir ve b\u00fcy\u00fc emarelerini se\u00e7meye ba\u015flad\u0131k\u00e7a nas\u0131l bir labirentte y\u00fcr\u00fcd\u00fc\u011f\u00fcn\u00fc fark ediyordu.<span class=\"excerpt-hellip\"> [\u2026]<\/span><\/p>\n","protected":false},"featured_media":0,"template":"","meta":{"_monsterinsights_skip_tracking":false,"_monsterinsights_sitenote_active":false,"_monsterinsights_sitenote_note":"","_monsterinsights_sitenote_category":0},"product_brand":[],"product_cat":[12291,17033],"product_tag":[],"class_list":{"0":"post-726334","1":"product","2":"type-product","3":"status-publish","5":"product_cat-edebiyat","6":"product_cat-korku-gerilim","7":"pa_cilt-ciltsiz","8":"pa_tur-kitap","9":"pa_yayinevi-ithaki-yayinlari","10":"pa_yazar-deniz-erbulak","12":"first","13":"instock","14":"sale","15":"shipping-taxable","16":"purchasable","17":"product-type-simple"},"_links":{"self":[{"href":"https:\/\/roveyayinevi.com.tr\/index.php\/wp-json\/wp\/v2\/product\/726334","targetHints":{"allow":["GET"]}}],"collection":[{"href":"https:\/\/roveyayinevi.com.tr\/index.php\/wp-json\/wp\/v2\/product"}],"about":[{"href":"https:\/\/roveyayinevi.com.tr\/index.php\/wp-json\/wp\/v2\/types\/product"}],"wp:attachment":[{"href":"https:\/\/roveyayinevi.com.tr\/index.php\/wp-json\/wp\/v2\/media?parent=726334"}],"wp:term":[{"taxonomy":"product_brand","embeddable":true,"href":"https:\/\/roveyayinevi.com.tr\/index.php\/wp-json\/wp\/v2\/product_brand?post=726334"},{"taxonomy":"product_cat","embeddable":true,"href":"https:\/\/roveyayinevi.com.tr\/index.php\/wp-json\/wp\/v2\/product_cat?post=726334"},{"taxonomy":"product_tag","embeddable":true,"href":"https:\/\/roveyayinevi.com.tr\/index.php\/wp-json\/wp\/v2\/product_tag?post=726334"}],"curies":[{"name":"wp","href":"https:\/\/api.w.org\/{rel}","templated":true}]}}