{"id":726333,"date":"2025-08-27T20:04:32","date_gmt":"2025-08-27T17:04:32","guid":{"rendered":"https:\/\/roveyayinevi.com.tr\/index.php\/urun\/adak-cilt-ii-eski-soy\/"},"modified":"2026-04-16T02:34:05","modified_gmt":"2026-04-15T23:34:05","slug":"adak-cilt-ii-eski-soy","status":"publish","type":"product","link":"https:\/\/roveyayinevi.com.tr\/index.php\/urun\/adak-cilt-ii-eski-soy\/","title":{"rendered":"Adak Cilt II &#8211; Eski Soy"},"content":{"rendered":"<p>Bu \u015fehirde perdeleri a\u00e7\u0131nca g\u00fcn \u0131\u015f\u0131\u011f\u0131 dolmuyor, sabah olunca k\u00e2buslar kaybolmuyordu.Burada geceler u\u011fursuzdu. G\u00fcnd\u00fczlerse oldu\u011fu gibi karanl\u0131\u011fa adanm\u0131\u015f.Burada herkes erkenden evine \u00e7ekilir, burada erkenden ge\u00e7 olurdu\u2026Gen\u00e7 kad\u0131na yard\u0131m eden tek ki\u015fi, tozlu eczanesinde kaybolmu\u015f gibi duran eczac\u0131yd\u0131\u2026 ve Eski Soy\u2019un y\u00f6ntemleri hakk\u0131nda \u00e7ok fazla \u015fey biliyormu\u015f gibiydi. Nehir Efser, dik ba\u015fl\u0131l\u0131\u011f\u0131n\u0131n bedelini \u00e7ok a\u011f\u0131r \u00f6deyebilirdi. Zira Arim Alator, soyunun y\u00fczy\u0131llar \u00f6nce terk etti\u011fi en karanl\u0131k rit\u00fcellere geri d\u00f6n\u00fcyor; kendine ba\u015fkald\u0131ran\u0131 bulmak i\u00e7in ortal\u0131\u011f\u0131 kas\u0131p kavuruyordu.\u201cNe pahas\u0131na ve ne \u015fekilde olursa olsun,\u201d diyordu Arim Alator o kal\u0131n sesiyle. Al\u00e7akt\u0131. Yine de tok ve kudretli.\u201cBen cemiyetime yeminle ba\u011flanm\u0131\u015f biriyim. \u00d6mr\u00fcm buna vakfedildi. Onlara ait her nefes benim nefesimdir. Onlara ait her hayat benim i\u00e7in emniyet, ya\u015fayacaklar\u0131 her \u00f6l\u00fcm intikam sebebimdir. G\u00f6z\u00fcn\u00fcze kat\u0131 g\u00f6r\u00fcnebilir. Anla\u015f\u0131lmas\u0131 beklenmez. Hi\u00e7bir zaman beklenmedi. Sizden de beklemeyece\u011fiz!\u201d<\/p>\n","protected":false},"excerpt":{"rendered":"<p>Bu \u015fehirde perdeleri a\u00e7\u0131nca g\u00fcn \u0131\u015f\u0131\u011f\u0131 dolmuyor, sabah olunca k\u00e2buslar kaybolmuyordu.Burada geceler u\u011fursuzdu. G\u00fcnd\u00fczlerse oldu\u011fu gibi karanl\u0131\u011fa adanm\u0131\u015f.Burada herkes erkenden evine \u00e7ekilir, burada erkenden ge\u00e7 olurdu\u2026Gen\u00e7<span class=\"excerpt-hellip\"> [\u2026]<\/span><\/p>\n","protected":false},"featured_media":0,"template":"","meta":{"_monsterinsights_skip_tracking":false,"_monsterinsights_sitenote_active":false,"_monsterinsights_sitenote_note":"","_monsterinsights_sitenote_category":0},"product_brand":[],"product_cat":[12291,17033],"product_tag":[],"class_list":{"0":"post-726333","1":"product","2":"type-product","3":"status-publish","5":"product_cat-edebiyat","6":"product_cat-korku-gerilim","7":"pa_cilt-ciltsiz","8":"pa_tur-kitap","9":"pa_yayinevi-ithaki-yayinlari","10":"pa_yazar-deniz-erbulak","12":"first","13":"instock","14":"sale","15":"shipping-taxable","16":"purchasable","17":"product-type-simple"},"_links":{"self":[{"href":"https:\/\/roveyayinevi.com.tr\/index.php\/wp-json\/wp\/v2\/product\/726333","targetHints":{"allow":["GET"]}}],"collection":[{"href":"https:\/\/roveyayinevi.com.tr\/index.php\/wp-json\/wp\/v2\/product"}],"about":[{"href":"https:\/\/roveyayinevi.com.tr\/index.php\/wp-json\/wp\/v2\/types\/product"}],"wp:attachment":[{"href":"https:\/\/roveyayinevi.com.tr\/index.php\/wp-json\/wp\/v2\/media?parent=726333"}],"wp:term":[{"taxonomy":"product_brand","embeddable":true,"href":"https:\/\/roveyayinevi.com.tr\/index.php\/wp-json\/wp\/v2\/product_brand?post=726333"},{"taxonomy":"product_cat","embeddable":true,"href":"https:\/\/roveyayinevi.com.tr\/index.php\/wp-json\/wp\/v2\/product_cat?post=726333"},{"taxonomy":"product_tag","embeddable":true,"href":"https:\/\/roveyayinevi.com.tr\/index.php\/wp-json\/wp\/v2\/product_tag?post=726333"}],"curies":[{"name":"wp","href":"https:\/\/api.w.org\/{rel}","templated":true}]}}