{"id":726332,"date":"2025-08-27T20:04:31","date_gmt":"2025-08-27T17:04:31","guid":{"rendered":"https:\/\/roveyayinevi.com.tr\/index.php\/urun\/adak-cilt-i-surgun\/"},"modified":"2026-04-16T02:34:05","modified_gmt":"2026-04-15T23:34:05","slug":"adak-cilt-i-surgun","status":"publish","type":"product","link":"https:\/\/roveyayinevi.com.tr\/index.php\/urun\/adak-cilt-i-surgun\/","title":{"rendered":"Adak Cilt I &#8211; S\u00fcrg\u00fcn"},"content":{"rendered":"<p>Nehir Efser, uzaklara s\u00fcr\u00fclm\u00fc\u015f gen\u00e7 bir \u00f6\u011fretmendi.Her \u015feyi geride b\u0131rakm\u0131\u015f, kendi yolunda y\u00fcr\u00fcm\u00fc\u015f, gen\u00e7, capcanl\u0131.Ama geldi\u011fi \u015fehirde kendisini bekleyen karanl\u0131\u011f\u0131 tahmin etmesi imk\u00e2ns\u0131zd\u0131.Cinayetlerin arkas\u0131 kesilmiyordu. Emniyet M\u00fcd\u00fcr\u00fc karanl\u0131k itikatlarla ilgili s\u00f6ylentilerden bezmi\u015fti. Eski Soy\u2019un lideri Arim Alator\u2019sa her \u015feyin fark\u0131ndayd\u0131. Yeni gelen \u00f6\u011fretmenin, karanl\u0131k soyun \u00e7ocuklar\u0131n\u0131 ay\u0131rt etmesi an meselesiydi art\u0131k.Bu \u015fehirde hi\u00e7bir \u015fey zannedildi\u011fi gibi de\u011fildi. Hi\u00e7bir \u015fey!Naci Bey hafif bir endi\u015feyle misafirine bakt\u0131:\u201c\u015eu ge\u00e7enlerde \u00f6ld\u00fcr\u00fclen adam m\u0131?\u201d\u201cEvet, yakla\u015f\u0131k \u00fc\u00e7 hafta \u00f6nce,\u201d dedi Arim Alator.\u201cAdak olarak adand\u0131\u011f\u0131na emin misiniz? Belki de\u2026\u201d\u201cAdam\u0131 buldu\u011fumda musallat olan h\u00e2l\u00e2 ba\u015f\u0131ndayd\u0131.\u201d\u201cAh,\u201d dedi adam. Bo\u011faz\u0131n\u0131 temizledi. \u201cKim musallat etmi\u015f peki?\u201d\u201c\u0130smi m\u00fch\u00fcrlenmi\u015f,\u201d dedi Arim Alator.<\/p>\n","protected":false},"excerpt":{"rendered":"<p>Nehir Efser, uzaklara s\u00fcr\u00fclm\u00fc\u015f gen\u00e7 bir \u00f6\u011fretmendi.Her \u015feyi geride b\u0131rakm\u0131\u015f, kendi yolunda y\u00fcr\u00fcm\u00fc\u015f, gen\u00e7, capcanl\u0131.Ama geldi\u011fi \u015fehirde kendisini bekleyen karanl\u0131\u011f\u0131 tahmin etmesi imk\u00e2ns\u0131zd\u0131.Cinayetlerin arkas\u0131 kesilmiyordu. Emniyet<span class=\"excerpt-hellip\"> [\u2026]<\/span><\/p>\n","protected":false},"featured_media":0,"template":"","meta":{"_monsterinsights_skip_tracking":false,"_monsterinsights_sitenote_active":false,"_monsterinsights_sitenote_note":"","_monsterinsights_sitenote_category":0},"product_brand":[],"product_cat":[12291,17033],"product_tag":[],"class_list":{"0":"post-726332","1":"product","2":"type-product","3":"status-publish","5":"product_cat-edebiyat","6":"product_cat-korku-gerilim","7":"pa_cilt-ciltsiz","8":"pa_tur-kitap","9":"pa_yayinevi-ithaki-yayinlari","10":"pa_yazar-deniz-erbulak","12":"first","13":"instock","14":"sale","15":"shipping-taxable","16":"purchasable","17":"product-type-simple"},"_links":{"self":[{"href":"https:\/\/roveyayinevi.com.tr\/index.php\/wp-json\/wp\/v2\/product\/726332","targetHints":{"allow":["GET"]}}],"collection":[{"href":"https:\/\/roveyayinevi.com.tr\/index.php\/wp-json\/wp\/v2\/product"}],"about":[{"href":"https:\/\/roveyayinevi.com.tr\/index.php\/wp-json\/wp\/v2\/types\/product"}],"wp:attachment":[{"href":"https:\/\/roveyayinevi.com.tr\/index.php\/wp-json\/wp\/v2\/media?parent=726332"}],"wp:term":[{"taxonomy":"product_brand","embeddable":true,"href":"https:\/\/roveyayinevi.com.tr\/index.php\/wp-json\/wp\/v2\/product_brand?post=726332"},{"taxonomy":"product_cat","embeddable":true,"href":"https:\/\/roveyayinevi.com.tr\/index.php\/wp-json\/wp\/v2\/product_cat?post=726332"},{"taxonomy":"product_tag","embeddable":true,"href":"https:\/\/roveyayinevi.com.tr\/index.php\/wp-json\/wp\/v2\/product_tag?post=726332"}],"curies":[{"name":"wp","href":"https:\/\/api.w.org\/{rel}","templated":true}]}}