{"id":726330,"date":"2025-08-27T20:04:30","date_gmt":"2025-08-27T17:04:30","guid":{"rendered":"https:\/\/roveyayinevi.com.tr\/index.php\/urun\/ermis-7\/"},"modified":"2026-04-16T02:34:05","modified_gmt":"2026-04-15T23:34:05","slug":"ermis-7","status":"publish","type":"product","link":"https:\/\/roveyayinevi.com.tr\/index.php\/urun\/ermis-7\/","title":{"rendered":"Ermi\u015f"},"content":{"rendered":"<p>\u201cBu kitap kalbimi ard\u0131na kadar a\u00e7t\u0131. Bence ayn\u0131s\u0131n\u0131 size de yapacak\u2026 Ermi\u015f\u2019i sayamayaca\u011f\u0131m kadar \u00e7ok defa okudum.\u201d \u2013Rupi KaurElvis Presley, John Lennon, David Bowie gibi \u00fcnl\u00fc isimleri etkilemi\u015f, eserleri y\u00fczden fazla dile terc\u00fcme edilmi\u015f ve her dilde \u00e7oksatanlar listesine girmi\u015f bir yazar Halil Cibran. Dinden beslenen ama dinin s\u0131n\u0131rlar\u0131n\u0131 da a\u015fan bir felsefesi olan, bir g\u00f6\u00e7men hayat\u0131 ya\u015fayan Cibran, Ermi\u015f\u2019le g\u00fcncelli\u011fini asla kaybetmeyecek sorulara cevap ar\u0131yor.On iki y\u0131ld\u0131r Orfales\u2019te ya\u015fayan El Mustafa, onu yurduna g\u00f6t\u00fcrecek gemiye binmeden \u00f6nce halk taraf\u0131ndan durdurulur. \u0130nsanlar ona a\u015fk, evlilik, \u00e7ocuklar, yemek ve i\u00e7mek, \u00e7al\u0131\u015fmak, keder ve ne\u015fe, su\u00e7 ve ceza, g\u00fczellik, k\u00f6t\u00fcl\u00fck ve iyilik, din, \u00f6l\u00fcm ve daha pek \u00e7ok konuda sorular sorarlar, El Mustafa da hepsine usul usul cevap verir. Halil Cibran, Ermi\u015f\u2019te \u00f6yle konulara de\u011finiyor ki okur da Orfales halk\u0131n\u0131n aras\u0131na kar\u0131\u015f\u0131p El Mustafa\u2019y\u0131 dinlerken buluyor kendini.<\/p>\n","protected":false},"excerpt":{"rendered":"<p>\u201cBu kitap kalbimi ard\u0131na kadar a\u00e7t\u0131. Bence ayn\u0131s\u0131n\u0131 size de yapacak\u2026 Ermi\u015f\u2019i sayamayaca\u011f\u0131m kadar \u00e7ok defa okudum.\u201d \u2013Rupi KaurElvis Presley, John Lennon, David Bowie gibi \u00fcnl\u00fc<span class=\"excerpt-hellip\"> [\u2026]<\/span><\/p>\n","protected":false},"featured_media":0,"template":"","meta":{"_monsterinsights_skip_tracking":false,"_monsterinsights_sitenote_active":false,"_monsterinsights_sitenote_note":"","_monsterinsights_sitenote_category":0},"product_brand":[],"product_cat":[12389,12388],"product_tag":[],"class_list":{"0":"post-726330","1":"product","2":"type-product","3":"status-publish","5":"product_cat-diger-felsefe","6":"product_cat-felsefe","7":"pa_cilt-ciltsiz","8":"pa_tur-kitap","9":"pa_yayinevi-ithaki-yayinlari","10":"pa_yazar-halil-cibran","12":"first","13":"instock","14":"sale","15":"shipping-taxable","16":"purchasable","17":"product-type-simple"},"_links":{"self":[{"href":"https:\/\/roveyayinevi.com.tr\/index.php\/wp-json\/wp\/v2\/product\/726330","targetHints":{"allow":["GET"]}}],"collection":[{"href":"https:\/\/roveyayinevi.com.tr\/index.php\/wp-json\/wp\/v2\/product"}],"about":[{"href":"https:\/\/roveyayinevi.com.tr\/index.php\/wp-json\/wp\/v2\/types\/product"}],"wp:attachment":[{"href":"https:\/\/roveyayinevi.com.tr\/index.php\/wp-json\/wp\/v2\/media?parent=726330"}],"wp:term":[{"taxonomy":"product_brand","embeddable":true,"href":"https:\/\/roveyayinevi.com.tr\/index.php\/wp-json\/wp\/v2\/product_brand?post=726330"},{"taxonomy":"product_cat","embeddable":true,"href":"https:\/\/roveyayinevi.com.tr\/index.php\/wp-json\/wp\/v2\/product_cat?post=726330"},{"taxonomy":"product_tag","embeddable":true,"href":"https:\/\/roveyayinevi.com.tr\/index.php\/wp-json\/wp\/v2\/product_tag?post=726330"}],"curies":[{"name":"wp","href":"https:\/\/api.w.org\/{rel}","templated":true}]}}