{"id":726326,"date":"2025-08-27T20:04:27","date_gmt":"2025-08-27T17:04:27","guid":{"rendered":"https:\/\/roveyayinevi.com.tr\/index.php\/urun\/es-semi-susma-konus-o-seni-duyar\/"},"modified":"2026-04-03T02:41:31","modified_gmt":"2026-04-02T23:41:31","slug":"es-semi-susma-konus-o-seni-duyar","status":"publish","type":"product","link":"https:\/\/roveyayinevi.com.tr\/index.php\/urun\/es-semi-susma-konus-o-seni-duyar\/","title":{"rendered":"Es Semi  Susma Konu\u015f O Seni Duyar"},"content":{"rendered":"<p>\u201cBen gizli bir hazine idim. Bilinmek istedim.\u201d Hep susturulduk. Sevdi\u011fimizi s\u00f6yleyemedik, rahats\u0131zl\u0131\u011f\u0131m\u0131z\u0131 anlatamad\u0131k, bunu istiyorum diyemedik. \u0130fade edemedik. Oysa ifade hayat\u0131n kilidini \u00e7\u00f6zer. \u00c7\u00fcnk\u00fc biz Allah\u2019\u0131n ifadesiyiz. Ve bu d\u00fcnyaya kendimizi ifade ederek asl\u0131nda O\u2019nu ifade etmek i\u00e7in geldik. \u0130fade yarat\u0131l\u0131\u015f\u0131n \u00f6z\u00fcd\u00fcr. \u0130fade edememek, susmak, varl\u0131\u011f\u0131n\u0131 ink\u00e2r etmek, Allah\u2019\u0131 reddetmektir. S\u00fclaleden, eski zamanlardan gelen ifade edilmemi\u015f duygular; blokaj, engel, \u00e7\u00f6z\u00fcms\u00fczl\u00fck, ac\u0131 ve kay\u0131plar olarak bize aktar\u0131l\u0131r. Biz bu kay\u0131tlar\u0131 fark etmeden ta\u015f\u0131r\u0131z. Hayat\u0131n s\u0131rr\u0131 kendini ifade etmekken, ifadeyi \u00e7\u00f6zen kilidi a\u00e7abilecekken susar, ayn\u0131 sarmalda d\u00f6ner durur, hayat\u0131 bir hapishanede gibi ya\u015far\u0131z. \u0130lk kitab\u0131 Kaderini De\u011fi\u015ftir\u2019de kendi tekni\u011fi ARTT (Uyan\u0131\u015f, Y\u00fckseli\u015f, De\u011fi\u015fim Tekni\u011fi) sayesinde on binlere sa\u011fl\u0131kl\u0131 ve mutlu bir hayat\u0131n kap\u0131lar\u0131n\u0131 a\u00e7an G\u00fcne\u015f Tan, Serhat Ko\u00e7ak\u2019la birlikte yazd\u0131\u011f\u0131 bu kitab\u0131nda kendimizi ifade etmemizin \u00f6n\u00fcndeki engelleri nas\u0131l kald\u0131raca\u011f\u0131m\u0131z\u0131, varolu\u015fumuzu korkmadan nas\u0131l ifade edebilece\u011fimizi anlat\u0131yor. Blokajlar nelerdir, atasal kay\u0131tlar nas\u0131l \u00e7\u00f6z\u00fcl\u00fcr, bizi rahats\u0131z eden varl\u0131k ve b\u00fcy\u00fc enerjilerinden nas\u0131l kurtulunur? Hastal\u0131klar nas\u0131l iyile\u015fir, ge\u00e7mi\u015fteki deh\u015fet hik\u00e2yelerinden, korku, endi\u015fe, taciz kay\u0131tlar\u0131ndan nas\u0131l \u00f6zg\u00fcrle\u015filir? Nas\u0131l huzurlu, mutlu bir hayat\u0131 sadece kendimiz olarak ya\u015far\u0131z?  Zamana damga vuran bir \u00f6zg\u00fcrle\u015fme kitab\u0131. \u00d6zg\u00fcrl\u00fc\u011fe ho\u015f geldin!   <\/p>\n","protected":false},"excerpt":{"rendered":"<p>\u201cBen gizli bir hazine idim. Bilinmek istedim.\u201d Hep susturulduk. Sevdi\u011fimizi s\u00f6yleyemedik, rahats\u0131zl\u0131\u011f\u0131m\u0131z\u0131 anlatamad\u0131k, bunu istiyorum diyemedik. \u0130fade edemedik. Oysa ifade hayat\u0131n kilidini \u00e7\u00f6zer. \u00c7\u00fcnk\u00fc biz Allah\u2019\u0131n<span class=\"excerpt-hellip\"> [\u2026]<\/span><\/p>\n","protected":false},"featured_media":0,"template":"","meta":{"_monsterinsights_skip_tracking":false,"_monsterinsights_sitenote_active":false,"_monsterinsights_sitenote_note":"","_monsterinsights_sitenote_category":0},"product_brand":[],"product_cat":[12364,12376],"product_tag":[],"class_list":{"0":"post-726326","1":"product","2":"type-product","3":"status-publish","5":"product_cat-genel-konular","6":"product_cat-kisisel-gelisim","7":"pa_cilt-ciltsiz","8":"pa_tur-kitap","9":"pa_yayinevi-dogan-novus","10":"pa_yazar-gunes-tan-serhat-kocak","12":"first","13":"instock","14":"sale","15":"shipping-taxable","16":"purchasable","17":"product-type-simple"},"_links":{"self":[{"href":"https:\/\/roveyayinevi.com.tr\/index.php\/wp-json\/wp\/v2\/product\/726326","targetHints":{"allow":["GET"]}}],"collection":[{"href":"https:\/\/roveyayinevi.com.tr\/index.php\/wp-json\/wp\/v2\/product"}],"about":[{"href":"https:\/\/roveyayinevi.com.tr\/index.php\/wp-json\/wp\/v2\/types\/product"}],"wp:attachment":[{"href":"https:\/\/roveyayinevi.com.tr\/index.php\/wp-json\/wp\/v2\/media?parent=726326"}],"wp:term":[{"taxonomy":"product_brand","embeddable":true,"href":"https:\/\/roveyayinevi.com.tr\/index.php\/wp-json\/wp\/v2\/product_brand?post=726326"},{"taxonomy":"product_cat","embeddable":true,"href":"https:\/\/roveyayinevi.com.tr\/index.php\/wp-json\/wp\/v2\/product_cat?post=726326"},{"taxonomy":"product_tag","embeddable":true,"href":"https:\/\/roveyayinevi.com.tr\/index.php\/wp-json\/wp\/v2\/product_tag?post=726326"}],"curies":[{"name":"wp","href":"https:\/\/api.w.org\/{rel}","templated":true}]}}