{"id":726325,"date":"2025-08-27T20:04:26","date_gmt":"2025-08-27T17:04:26","guid":{"rendered":"https:\/\/roveyayinevi.com.tr\/index.php\/urun\/yasim-19\/"},"modified":"2026-04-16T02:34:05","modified_gmt":"2026-04-15T23:34:05","slug":"yasim-19","status":"publish","type":"product","link":"https:\/\/roveyayinevi.com.tr\/index.php\/urun\/yasim-19\/","title":{"rendered":"Ya\u015f\u0131m 19"},"content":{"rendered":"<p>\u015eairin dizesi bana seni anlat\u0131yor.Hepimizin cennet g\u00fcl\u00fc\u015fl\u00fc kahraman\u0131yd\u0131n\u202619 ya\u015f\u0131ndayd\u0131n kansere yakaland\u0131n\u2026 \u0130ki y\u0131l ola\u011fan\u00fcst\u00fc bir m\u00fccadele verdin\u2026 \u015ea\u015fk\u0131nl\u0131kla, hayretle, sayg\u0131yla izledik seni.Daha \u00f6nce hi\u00e7 senin gibi birini tan\u0131mam\u0131\u015ft\u0131k.B\u00fcy\u00fclendik.\u00c7ok ama \u00e7ok sevdik.Galiba g\u00f6revliydin sen, geldin, hepimize bir \u015feyler \u00f6\u011frettin ve gittin. Cesur k\u0131z\u0131m, can\u0131m Neslim.Senin sayende, hepimizin kanserle m\u00fccadele alg\u0131s\u0131 de\u011fi\u015fti.Benim kahraman\u0131m oldun cennet g\u00fcl\u00fc\u015fl\u00fc k\u0131z. Seni unutmak m\u00fcmk\u00fcn de\u011fil. G\u00fcnl\u00fcklerin \u00e7ok iyi geldi bana, sanki seninle sohbet ediyormu\u015fum gibi.  Bir g\u00fcn tekrar bulu\u015funcaya kadar, ho\u015f\u00e7a kal\u2026Ay\u015fe Arman<\/p>\n","protected":false},"excerpt":{"rendered":"<p>\u015eairin dizesi bana seni anlat\u0131yor.Hepimizin cennet g\u00fcl\u00fc\u015fl\u00fc kahraman\u0131yd\u0131n\u202619 ya\u015f\u0131ndayd\u0131n kansere yakaland\u0131n\u2026 \u0130ki y\u0131l ola\u011fan\u00fcst\u00fc bir m\u00fccadele verdin\u2026 \u015ea\u015fk\u0131nl\u0131kla, hayretle, sayg\u0131yla izledik seni.Daha \u00f6nce hi\u00e7 senin gibi<span class=\"excerpt-hellip\"> [\u2026]<\/span><\/p>\n","protected":false},"featured_media":0,"template":"","meta":{"_monsterinsights_skip_tracking":false,"_monsterinsights_sitenote_active":false,"_monsterinsights_sitenote_note":"","_monsterinsights_sitenote_category":0},"product_brand":[],"product_cat":[18545,12291],"product_tag":[],"class_list":{"0":"post-726325","1":"product","2":"type-product","3":"status-publish","5":"product_cat-anlati","6":"product_cat-edebiyat","7":"pa_cilt-ciltsiz","8":"pa_tur-kitap","9":"pa_yayinevi-dogan-novus","10":"pa_yazar-neslican-tay","12":"first","13":"instock","14":"sale","15":"shipping-taxable","16":"purchasable","17":"product-type-simple"},"_links":{"self":[{"href":"https:\/\/roveyayinevi.com.tr\/index.php\/wp-json\/wp\/v2\/product\/726325","targetHints":{"allow":["GET"]}}],"collection":[{"href":"https:\/\/roveyayinevi.com.tr\/index.php\/wp-json\/wp\/v2\/product"}],"about":[{"href":"https:\/\/roveyayinevi.com.tr\/index.php\/wp-json\/wp\/v2\/types\/product"}],"wp:attachment":[{"href":"https:\/\/roveyayinevi.com.tr\/index.php\/wp-json\/wp\/v2\/media?parent=726325"}],"wp:term":[{"taxonomy":"product_brand","embeddable":true,"href":"https:\/\/roveyayinevi.com.tr\/index.php\/wp-json\/wp\/v2\/product_brand?post=726325"},{"taxonomy":"product_cat","embeddable":true,"href":"https:\/\/roveyayinevi.com.tr\/index.php\/wp-json\/wp\/v2\/product_cat?post=726325"},{"taxonomy":"product_tag","embeddable":true,"href":"https:\/\/roveyayinevi.com.tr\/index.php\/wp-json\/wp\/v2\/product_tag?post=726325"}],"curies":[{"name":"wp","href":"https:\/\/api.w.org\/{rel}","templated":true}]}}