{"id":726321,"date":"2025-08-27T20:04:23","date_gmt":"2025-08-27T17:04:23","guid":{"rendered":"https:\/\/roveyayinevi.com.tr\/index.php\/urun\/kisiligin-kaderin-mi\/"},"modified":"2026-04-12T02:40:56","modified_gmt":"2026-04-11T23:40:56","slug":"kisiligin-kaderin-mi","status":"publish","type":"product","link":"https:\/\/roveyayinevi.com.tr\/index.php\/urun\/kisiligin-kaderin-mi\/","title":{"rendered":"Ki\u015fili\u011fin Kaderin mi ?"},"content":{"rendered":"<p>Psikiyatri ve psikoloji bilimi on, hatta on bir ki\u015filik yap\u0131s\u0131 oldu\u011funu kabul ediyor. Herkesin nas\u0131l ki bir burcu varsa, bir de ki\u015filik yap\u0131s\u0131 var. \u0130stisnas\u0131z hepimiz bu ki\u015filik yap\u0131lar\u0131n\u0131n i\u00e7ine do\u011fuyoruz ama \u00e7o\u011fumuzun bundan haberi bile yok. \u015e\u00f6yle d\u00fc\u015f\u00fcn\u00fcn: Birileri bize do\u011farken bir isim koymu\u015f ama ismimizi bizim yerimize bilimin kula\u011f\u0131na f\u0131s\u0131ldam\u0131\u015f. Psikolog P\u0131nar Maro bu kitab\u0131nda, bize bizden gizlenmi\u015f o ismimizi s\u00f6yl\u00fcyor adeta. Kendimizi, insan\u0131, ba\u015f\u0131m\u0131za gelenleri ve gelecekleri anlamam\u0131zla, hayat\u0131m\u0131z\u0131n efendisi olmakla, kabul edip bar\u0131\u015fmakla ve devam etmekle do\u011frudan ili\u015fkili bu konuyu tanr\u0131lar da\u011f\u0131ndan indirip bize ait olabilece\u011fi bir alana \u00e7ekiyor. Okurunun, ilk roman\u0131 Mutluyken Zaman H\u0131zl\u0131 Akar\u2019dan bildi\u011fi o k\u0131vrak, yal\u0131n, derin ve zengin diliyle. Yine, tutturulmas\u0131 g\u00fc\u00e7 bir \u00f6l\u00e7\u00fcyle: Meselenin a\u00e7\u0131lmad\u0131k her ucuna dek cesurca giderek ama nerede duraca\u011f\u0131n\u0131 da \u00e7ok iyi bilerek. P\u0131nar Maro okuru u\u00e7lara g\u00f6t\u00fcr\u00fcrken kahkahaya bo\u011far, a\u011flanacak haline g\u00fcld\u00fcr\u00fcr ama uca var\u0131ld\u0131\u011f\u0131nda, yani g\u00fclerken a\u011flamaya ba\u015flad\u0131\u011f\u0131n\u0131zda birden durup yazar olarak aradan \u00e7ekilir ve sizi iyile\u015fmeniz i\u00e7in i\u00e7inizdeki de\u011ferli \u00f6zle ba\u015f ba\u015fa b\u0131rak\u0131r.Psikolog P\u0131nar Maro, be\u015finci bask\u0131y\u0131 yapan an\u0131 roman\u0131 Mutluyken Zaman H\u0131zl\u0131 Akar\u2019\u0131n ard\u0131ndan bir ba\u015fucu kitab\u0131yla okurlar\u0131yla bulu\u015fuyor. Psikolog kimli\u011fiyle kaleme ald\u0131\u011f\u0131 bu kitapta yazar ki\u015filik yap\u0131lar\u0131n\u0131 okuru hi\u00e7 s\u0131kmadan, tek tek ve \u00f6rneklerle masaya yat\u0131r\u0131rken farkl\u0131 karakterlerle ili\u015fki kurman\u0131n t\u00fcyolar\u0131n\u0131 da veriyor. Ki\u015fili\u011fin Kaderin mi? kendimizi ve \u00e7evremizi tan\u0131mak i\u00e7in elimizden d\u00fc\u015f\u00fcrmeyece\u011fimiz bir kitap.<\/p>\n","protected":false},"excerpt":{"rendered":"<p>Psikiyatri ve psikoloji bilimi on, hatta on bir ki\u015filik yap\u0131s\u0131 oldu\u011funu kabul ediyor. Herkesin nas\u0131l ki bir burcu varsa, bir de ki\u015filik yap\u0131s\u0131 var. \u0130stisnas\u0131z hepimiz<span class=\"excerpt-hellip\"> [\u2026]<\/span><\/p>\n","protected":false},"featured_media":0,"template":"","meta":{"_monsterinsights_skip_tracking":false,"_monsterinsights_sitenote_active":false,"_monsterinsights_sitenote_note":"","_monsterinsights_sitenote_category":0},"product_brand":[],"product_cat":[12364,12376],"product_tag":[],"class_list":{"0":"post-726321","1":"product","2":"type-product","3":"status-publish","5":"product_cat-genel-konular","6":"product_cat-kisisel-gelisim","7":"pa_cilt-ciltsiz","8":"pa_tur-kitap","9":"pa_yayinevi-artemis-yayinlari","10":"pa_yazar-pinar-maro","12":"first","13":"instock","14":"sale","15":"shipping-taxable","16":"purchasable","17":"product-type-simple"},"_links":{"self":[{"href":"https:\/\/roveyayinevi.com.tr\/index.php\/wp-json\/wp\/v2\/product\/726321","targetHints":{"allow":["GET"]}}],"collection":[{"href":"https:\/\/roveyayinevi.com.tr\/index.php\/wp-json\/wp\/v2\/product"}],"about":[{"href":"https:\/\/roveyayinevi.com.tr\/index.php\/wp-json\/wp\/v2\/types\/product"}],"wp:attachment":[{"href":"https:\/\/roveyayinevi.com.tr\/index.php\/wp-json\/wp\/v2\/media?parent=726321"}],"wp:term":[{"taxonomy":"product_brand","embeddable":true,"href":"https:\/\/roveyayinevi.com.tr\/index.php\/wp-json\/wp\/v2\/product_brand?post=726321"},{"taxonomy":"product_cat","embeddable":true,"href":"https:\/\/roveyayinevi.com.tr\/index.php\/wp-json\/wp\/v2\/product_cat?post=726321"},{"taxonomy":"product_tag","embeddable":true,"href":"https:\/\/roveyayinevi.com.tr\/index.php\/wp-json\/wp\/v2\/product_tag?post=726321"}],"curies":[{"name":"wp","href":"https:\/\/api.w.org\/{rel}","templated":true}]}}