{"id":726320,"date":"2025-08-27T20:04:22","date_gmt":"2025-08-27T17:04:22","guid":{"rendered":"https:\/\/roveyayinevi.com.tr\/index.php\/urun\/ben-dunyaya-geldigimde\/"},"modified":"2026-04-16T02:34:05","modified_gmt":"2026-04-15T23:34:05","slug":"ben-dunyaya-geldigimde","status":"publish","type":"product","link":"https:\/\/roveyayinevi.com.tr\/index.php\/urun\/ben-dunyaya-geldigimde\/","title":{"rendered":"Ben D\u00fcnyaya Geldi\u011fimde"},"content":{"rendered":"<p>Ben d\u00fcnyaya geldi\u011fimde, her \u015fey yeniydi.Her \u015fey yeni ba\u015fl\u0131yordu.Ben D\u00fcnyaya Geldi\u011fimde renkler, kokular, tatlar, do\u011fa,  hayvanlar ve \u00e7ok daha fazlas\u0131yla ilk kez tan\u0131\u015fan, d\u00fcnyaya yeni gelmi\u015f bir \u00e7ocu\u011fun \u00f6yk\u00fcs\u00fc.D\u00fcnyaya onun g\u00f6z\u00fcnden bakmaya ne dersiniz?<\/p>\n","protected":false},"excerpt":{"rendered":"<p>Ben d\u00fcnyaya geldi\u011fimde, her \u015fey yeniydi.Her \u015fey yeni ba\u015fl\u0131yordu.Ben D\u00fcnyaya Geldi\u011fimde renkler, kokular, tatlar, do\u011fa, hayvanlar ve \u00e7ok daha fazlas\u0131yla ilk kez tan\u0131\u015fan, d\u00fcnyaya yeni gelmi\u015f<span class=\"excerpt-hellip\"> [\u2026]<\/span><\/p>\n","protected":false},"featured_media":0,"template":"","meta":{"_monsterinsights_skip_tracking":false,"_monsterinsights_sitenote_active":false,"_monsterinsights_sitenote_note":"","_monsterinsights_sitenote_category":0},"product_brand":[],"product_cat":[12274,12631],"product_tag":[],"class_list":{"0":"post-726320","1":"product","2":"type-product","3":"status-publish","5":"product_cat-cocuk-ve-genclik-kitaplari","6":"product_cat-diger-cocuk-ve-genclik-kitaplari","7":"pa_cilt-ciltsiz","8":"pa_tur-kitap","9":"pa_yayinevi-koc-universitesi-yayinlari","10":"pa_yazar-isabel-minhos-martins-madalena-matoso","12":"first","13":"instock","14":"sale","15":"shipping-taxable","16":"purchasable","17":"product-type-simple"},"_links":{"self":[{"href":"https:\/\/roveyayinevi.com.tr\/index.php\/wp-json\/wp\/v2\/product\/726320","targetHints":{"allow":["GET"]}}],"collection":[{"href":"https:\/\/roveyayinevi.com.tr\/index.php\/wp-json\/wp\/v2\/product"}],"about":[{"href":"https:\/\/roveyayinevi.com.tr\/index.php\/wp-json\/wp\/v2\/types\/product"}],"wp:attachment":[{"href":"https:\/\/roveyayinevi.com.tr\/index.php\/wp-json\/wp\/v2\/media?parent=726320"}],"wp:term":[{"taxonomy":"product_brand","embeddable":true,"href":"https:\/\/roveyayinevi.com.tr\/index.php\/wp-json\/wp\/v2\/product_brand?post=726320"},{"taxonomy":"product_cat","embeddable":true,"href":"https:\/\/roveyayinevi.com.tr\/index.php\/wp-json\/wp\/v2\/product_cat?post=726320"},{"taxonomy":"product_tag","embeddable":true,"href":"https:\/\/roveyayinevi.com.tr\/index.php\/wp-json\/wp\/v2\/product_tag?post=726320"}],"curies":[{"name":"wp","href":"https:\/\/api.w.org\/{rel}","templated":true}]}}