{"id":726317,"date":"2025-08-27T20:04:20","date_gmt":"2025-08-27T17:04:20","guid":{"rendered":"https:\/\/roveyayinevi.com.tr\/index.php\/urun\/senin-adin-c-orona-olsun\/"},"modified":"2026-04-16T02:34:05","modified_gmt":"2026-04-15T23:34:05","slug":"senin-adin-c-orona-olsun","status":"publish","type":"product","link":"https:\/\/roveyayinevi.com.tr\/index.php\/urun\/senin-adin-c-orona-olsun\/","title":{"rendered":"Senin Ad\u0131n C orona Olsun\u2026"},"content":{"rendered":"<p>Belki&#8230; \u0130lginizi \u00e7eker buradaki \u201c\u00f6r\u00fclm\u00fc\u015f hik\u00e2yeler.\u201d   Belki&#8230; Biraz nefes alabildiklerinde, sa\u011fl\u0131k \u00e7al\u0131\u015fanlar\u0131 da, kendi tarihi yolculuklar\u0131na dair izler bulabilirler. Belki&#8230; \u0130nsanl\u0131\u011f\u0131n Salg\u0131n Maceralar\u0131 ge\u00e7mi\u015fe, bug\u00fcne ve gelece\u011fe dair k\u00fc\u00e7\u00fck pencereler a\u00e7ar&#8230; Bu \u00f6yk\u00fcleri bana okumam i\u00e7in g\u00f6nderdi\u011finde, onun deyimiyle \u201cher \u00f6yk\u00fcn\u00fcn elinden tuttu\u011fumda\u201d; Y\u0131llard\u0131r tan\u0131d\u0131\u011f\u0131m, gazetecilik d\u00f6nemlerindeki ser\u00fcvenini yak\u0131ndan izledi\u011fim, yaz\u0131lar\u0131n\u0131 severek okudu\u011fum Umur Talu, ger\u00e7ek anlamda gazetecili\u011fin, habercili\u011fin \u201cyerlerde s\u00fcr\u00fcnd\u00fc\u011f\u00fc \u201c bug\u00fcnlerde; ya\u015fad\u0131\u011f\u0131m\u0131z Co*rona G\u00fcnleri\u2019nin kap\u0131lar\u0131n\u0131 aralayarak bizleri farkl\u0131 yolculuklara ta\u015f\u0131yor. Tarihi, insanl\u0131\u011f\u0131n onbinlerce y\u0131ld\u0131r ya\u015fad\u0131\u011f\u0131 zaman s\u00fcrecinde yuvarlanan b\u00fcy\u00fck bir yuma\u011fa benzetirsek; Talu bu yuma\u011f\u0131 sarmalayan, toplumsal m\u00fccadelelerin, sava\u015flar\u0131n, yenilgi ve zaferlerin, y\u0131k\u0131mlar\u0131n, ki\u015filerin vb. aras\u0131ndan \u201csalg\u0131nlar\u0131n\u201d ipini \u00e7ekerek, bu ipin insanl\u0131kla nas\u0131l i\u00e7i\u00e7e oldu\u011funu de\u011fi\u015fik \u00f6yk\u00fclerde dile getiriyor. Umur\u2019un ustal\u0131kla yapt\u0131\u011f\u0131 \u201cinsanl\u0131\u011f\u0131n salg\u0131n ipini\u201d, tarihin yuma\u011f\u0131ndan \u00e7ekerken, adeta s\u0131r perdesi kalkan b\u00fcy\u00fck resmi, en ince ayr\u0131nt\u0131lar\u0131na kadar g\u00f6rebildim. Bunu yaparken tarihte d\u00fc\u011f\u00fcmlenmi\u015f, kaos haline gelmi\u015f kimi d\u00f6nemlerin olaylar\u0131n\u0131 ve bunlar\u0131n i\u00e7indeki ki\u015fileri t\u00fcm y\u00f6nleriyle yeniden ke\u015ffettim. \u0130tiraf etmeliyim ki, kimi zaman her \u00f6yk\u00fcde ortaya \u00e7\u0131kan tabloya \u00e7ok \u00f6nemsiz f\u0131r\u00e7a darbeleri de ekledim. Ancak bunlar Talu\u2019nun tarihin yuma\u011f\u0131 ile olan diyalektik ili\u015fkisini hi\u00e7 bozmad\u0131. \u0130\u00e7i\u00e7e girmi\u015f t\u00fcm \u00f6yk\u00fcler, olaylar, ki\u015filer, bir zamanlar \u00e7ok kulland\u0131\u011f\u0131m\u0131z \u201ctarihin \u00e7ark\u0131\u201d i\u00e7indeki d\u00f6nen di\u015flilerde yerini ald\u0131. Bu \u00f6yk\u00fcleri tek tek okurken salg\u0131n\u0131n, Co*rona\u2019n\u0131n ku\u015fatt\u0131\u011f\u0131 g\u00fcnl\u00fck hayat\u0131m\u0131z\u0131 nas\u0131l anlamland\u0131raca\u011f\u0131z? Bunu y\u0131llar \u00f6nce Einstein \u015f\u00f6yle dile getirmi\u015fti: \u201cBizim gibi fizi\u011fe inananlar bilirler ki; ge\u00e7mi\u015f, \u015fimdiki zaman ve gelecek aras\u0131ndaki farkl\u0131la\u015ft\u0131rma, inatla kal\u0131c\u0131 hale gelmi\u015f bir ill\u00fczyondan ibarettir.\u201d Umur\u2019un salg\u0131n \u00f6yk\u00fclerini bu g\u00f6zle okuyunca bunu daha iyi anlayacaks\u0131n\u0131z\u2026 -Fahri Aral <\/p>\n","protected":false},"excerpt":{"rendered":"<p>Belki&#8230; \u0130lginizi \u00e7eker buradaki \u201c\u00f6r\u00fclm\u00fc\u015f hik\u00e2yeler.\u201d Belki&#8230; Biraz nefes alabildiklerinde, sa\u011fl\u0131k \u00e7al\u0131\u015fanlar\u0131 da, kendi tarihi yolculuklar\u0131na dair izler bulabilirler. Belki&#8230; \u0130nsanl\u0131\u011f\u0131n Salg\u0131n Maceralar\u0131 ge\u00e7mi\u015fe, bug\u00fcne ve<span class=\"excerpt-hellip\"> [\u2026]<\/span><\/p>\n","protected":false},"featured_media":0,"template":"","meta":{"_monsterinsights_skip_tracking":false,"_monsterinsights_sitenote_active":false,"_monsterinsights_sitenote_note":"","_monsterinsights_sitenote_category":0},"product_brand":[],"product_cat":[13366,13365],"product_tag":[],"class_list":{"0":"post-726317","1":"product","2":"type-product","3":"status-publish","5":"product_cat-diger-saglik","6":"product_cat-saglik","7":"pa_cilt-ciltsiz","8":"pa_tur-kitap","9":"pa_yayinevi-literatur-yayinevi","10":"pa_yazar-umur-talu","12":"first","13":"instock","14":"sale","15":"shipping-taxable","16":"purchasable","17":"product-type-simple"},"_links":{"self":[{"href":"https:\/\/roveyayinevi.com.tr\/index.php\/wp-json\/wp\/v2\/product\/726317","targetHints":{"allow":["GET"]}}],"collection":[{"href":"https:\/\/roveyayinevi.com.tr\/index.php\/wp-json\/wp\/v2\/product"}],"about":[{"href":"https:\/\/roveyayinevi.com.tr\/index.php\/wp-json\/wp\/v2\/types\/product"}],"wp:attachment":[{"href":"https:\/\/roveyayinevi.com.tr\/index.php\/wp-json\/wp\/v2\/media?parent=726317"}],"wp:term":[{"taxonomy":"product_brand","embeddable":true,"href":"https:\/\/roveyayinevi.com.tr\/index.php\/wp-json\/wp\/v2\/product_brand?post=726317"},{"taxonomy":"product_cat","embeddable":true,"href":"https:\/\/roveyayinevi.com.tr\/index.php\/wp-json\/wp\/v2\/product_cat?post=726317"},{"taxonomy":"product_tag","embeddable":true,"href":"https:\/\/roveyayinevi.com.tr\/index.php\/wp-json\/wp\/v2\/product_tag?post=726317"}],"curies":[{"name":"wp","href":"https:\/\/api.w.org\/{rel}","templated":true}]}}