{"id":726315,"date":"2025-08-27T20:04:18","date_gmt":"2025-08-27T17:04:18","guid":{"rendered":"https:\/\/roveyayinevi.com.tr\/index.php\/urun\/bronz-caginda-alevilik\/"},"modified":"2026-03-23T02:41:12","modified_gmt":"2026-03-22T23:41:12","slug":"bronz-caginda-alevilik","status":"publish","type":"product","link":"https:\/\/roveyayinevi.com.tr\/index.php\/urun\/bronz-caginda-alevilik\/","title":{"rendered":"Bronz \u00c7a\u011f\u0131\u2019nda Alevilik"},"content":{"rendered":"<p>\u0130nsanl\u0131\u011f\u0131n yarat\u0131c\u0131s\u0131 ve en b\u00fcy\u00fck koruyucusu, bollu\u011fu ve bereketi yaratan, a\u015fk\u0131n ve d\u00f6llenmenin efendisi, S\u00fcmerlerin  \u201cSon \u00c7are Tanr\u0131s\u0131\u201d Enki; darda, zorda kalanlar\u0131n son s\u0131\u011f\u0131na\u011f\u0131, bollu\u011fun ve bereketin, a\u015fk\u0131n ve d\u00f6llenmenin piri, \u201cBozat&#8217;l\u0131 H\u0131z\u0131r\u201d olarak b\u00fct\u00fcn g\u00f6rkemi ile Alevi erk\u00e2n\u0131nda hala ya\u015f\u0131yor. Erken Bronz \u00c7a\u011f\u0131\u2019n\u0131n en kutsal bayram\u0131 &#8221;S\u00fcmer Yeni Y\u0131l Festivali&#8221;, Alevi erk\u00e2n\u0131nda, alt\u0131 bin y\u0131l \u00f6nceki gibi ayn\u0131 g\u00fcnlerde, ayn\u0131 dini pratikler ve rit\u00fceller e\u015fli\u011finde ve ayn\u0131 ruhla \u201cH\u0131z\u0131r haftas\u0131\u201d olarak kutlan\u0131lmaya devam ediyor. Alevi tarih yaz\u0131n\u0131n\u0131 b\u00fct\u00fcn\u00fc ile de\u011fi\u015ftirecek olan bu \u00e7al\u0131\u015fmada: \u00dc\u00e7ler, Yediler, K\u0131rklar, Hay, Haydar ve On ikiler, t\u00fcm Alevi bilinmezleri birer birer ayd\u0131nlan\u0131yor D\u00f6rt bin be\u015f y\u00fcz y\u0131l boyunca varl\u0131\u011f\u0131ndan haberdar olunmam\u0131\u015f b\u00fcy\u00fck bir imparatorluk, unutulmu\u015f bir Alevi uygarl\u0131\u011f\u0131, baz\u0131 tarih\u00e7ilere g\u00f6re yery\u00fcz\u00fcn\u00fcn ilk s\u00fcper g\u00fcc\u00fc; Ebla Krall\u0131\u011f\u0131 toprak alt\u0131ndan \u00e7\u0131k\u0131yor. Anadolu&#8217;nun, bug\u00fcn bile uygulanan pek \u00e7ok Alevi dini prati\u011fi ve rit\u00fceli ile Ebla Krall\u0131\u011f\u0131 d\u00f6neminde tan\u0131\u015ft\u0131\u011f\u0131n\u0131, Alevi m\u00fczi\u011fi ve \u00e2\u015f\u0131kl\u0131k gelene\u011finin ilk feyzini Ebla&#8217;l\u0131 \u00e2\u015f\u0131klardan ald\u0131\u011f\u0131n\u0131 ilk defa fark ediyoruz. M\u00d6. \u0130kinci biny\u0131l\u0131n ba\u015flar\u0131nda, Asurlu t\u00fcccarlar\u0131n Anadolu kentlerinin \u00e7eperlerinde kurduklar\u0131 tap\u0131na\u011f\u0131 olmayan al\u0131\u015fveri\u015f mahalleleri, kendilerine kutsall\u0131k atfedilmi\u015f ailelerin evlerinin\/ocaklar\u0131n\u0131n dini merkezler olarak kullan\u0131ld\u0131\u011f\u0131 ticaret kolonileri, soy a\u011fa\u00e7lar\u0131 karanl\u0131kta kalm\u0131\u015f Alevi ruhban s\u0131n\u0131f\u0131n\u0131n ba\u015flang\u0131c\u0131na g\u00f6t\u00fcr\u00fcyor bizleri. Alevi ocak sisteminin ve dedelik\/anal\u0131k kurumunun bu mahallelerde ba\u015flayan ve Asurlu t\u00fcccarlar\u0131n ticaret a\u011f\u0131 \u00fczerinden t\u00fcm Anadolu&#8217;ya yay\u0131lan ve bug\u00fcne kadar gelen ser\u00fcvenine tan\u0131k oluyoruz. Bu metin; on binlerce kil tabletten derlenen bilgi ve belgelerle yaz\u0131ya d\u00f6k\u00fcld\u00fc. \u201cAlevili\u011fin yaz\u0131l\u0131 kayna\u011f\u0131 yoktur\u201d diyenler i\u00e7in susma vaktidir. <\/p>\n","protected":false},"excerpt":{"rendered":"<p>\u0130nsanl\u0131\u011f\u0131n yarat\u0131c\u0131s\u0131 ve en b\u00fcy\u00fck koruyucusu, bollu\u011fu ve bereketi yaratan, a\u015fk\u0131n ve d\u00f6llenmenin efendisi, S\u00fcmerlerin \u201cSon \u00c7are Tanr\u0131s\u0131\u201d Enki; darda, zorda kalanlar\u0131n son s\u0131\u011f\u0131na\u011f\u0131, bollu\u011fun ve<span class=\"excerpt-hellip\"> [\u2026]<\/span><\/p>\n","protected":false},"featured_media":0,"template":"","meta":{"_monsterinsights_skip_tracking":false,"_monsterinsights_sitenote_active":false,"_monsterinsights_sitenote_note":"","_monsterinsights_sitenote_category":0},"product_brand":[],"product_cat":[13575,12718,12719],"product_tag":[],"class_list":{"0":"post-726315","1":"product","2":"type-product","3":"status-publish","5":"product_cat-alevilik-bektasilik","6":"product_cat-din","7":"product_cat-islam","8":"pa_cilt-ciltsiz","9":"pa_tur-kitap","10":"pa_yayinevi-kalkedon-yayincilik","11":"pa_yazar-erdogan-cinar","13":"first","14":"instock","15":"sale","16":"shipping-taxable","17":"purchasable","18":"product-type-simple"},"_links":{"self":[{"href":"https:\/\/roveyayinevi.com.tr\/index.php\/wp-json\/wp\/v2\/product\/726315","targetHints":{"allow":["GET"]}}],"collection":[{"href":"https:\/\/roveyayinevi.com.tr\/index.php\/wp-json\/wp\/v2\/product"}],"about":[{"href":"https:\/\/roveyayinevi.com.tr\/index.php\/wp-json\/wp\/v2\/types\/product"}],"wp:attachment":[{"href":"https:\/\/roveyayinevi.com.tr\/index.php\/wp-json\/wp\/v2\/media?parent=726315"}],"wp:term":[{"taxonomy":"product_brand","embeddable":true,"href":"https:\/\/roveyayinevi.com.tr\/index.php\/wp-json\/wp\/v2\/product_brand?post=726315"},{"taxonomy":"product_cat","embeddable":true,"href":"https:\/\/roveyayinevi.com.tr\/index.php\/wp-json\/wp\/v2\/product_cat?post=726315"},{"taxonomy":"product_tag","embeddable":true,"href":"https:\/\/roveyayinevi.com.tr\/index.php\/wp-json\/wp\/v2\/product_tag?post=726315"}],"curies":[{"name":"wp","href":"https:\/\/api.w.org\/{rel}","templated":true}]}}