{"id":726314,"date":"2025-08-27T20:04:17","date_gmt":"2025-08-27T17:04:17","guid":{"rendered":"https:\/\/roveyayinevi.com.tr\/index.php\/urun\/salgin\/"},"modified":"2026-04-16T02:34:04","modified_gmt":"2026-04-15T23:34:04","slug":"salgin","status":"publish","type":"product","link":"https:\/\/roveyayinevi.com.tr\/index.php\/urun\/salgin\/","title":{"rendered":"Salg\u0131n"},"content":{"rendered":"<p>D\u00fcnya tarihinde salg\u0131nlar\u0131n \u00e7ok b\u00fcy\u00fck etkileri oldu; bug\u00fcn de b\u00fct\u00fcn d\u00fcnya y\u00fcz binlerce insan\u0131n hayat\u0131n\u0131, i\u015fini kaybetti\u011fi, sosyo-psikolojik bedellerin inan\u0131lmaz boyutlarda oldu\u011fu bir salg\u0131nla kar\u015f\u0131 kar\u015f\u0131ya. Pek \u00e7ok insan belki de ilk defa ge\u00e7mi\u015fi, bug\u00fcn\u00fc ve gelece\u011fi sadece bireysel hayatlar ba\u011flam\u0131nda de\u011fil, k\u00fcresel ba\u011flamda da ele almaya ba\u015flad\u0131.Salg\u0131n: T\u00fckeni\u015f \u00c7a\u011f\u0131nda D\u00fcnyay\u0131 Yeniden D\u00fc\u015f\u00fcnmek salg\u0131n olgusunu \u00e7ok y\u00f6nl\u00fc bir yakla\u015f\u0131mla ele al\u0131yor; okuru bilim, ekonomi, siyaset, tarih, \u00e7evre, toplumsal cinsiyet, sosyoloji, psikoloji, halk sa\u011fl\u0131\u011f\u0131, t\u0131p tarihi, felsefe, edebiyat, medya, k\u00fclt\u00fcr ve sanat perspektifinden d\u00fcnyay\u0131 yeniden d\u00fc\u015f\u00fcnmeye davet ediyor. Derlemeye katk\u0131da bulunan yazarlar, kendi uzmanl\u0131k alanlar\u0131n\u0131n \u00e7er\u00e7evesinden d\u00fcne, bug\u00fcne ve gelece\u011fe bak\u0131yor.<\/p>\n","protected":false},"excerpt":{"rendered":"<p>D\u00fcnya tarihinde salg\u0131nlar\u0131n \u00e7ok b\u00fcy\u00fck etkileri oldu; bug\u00fcn de b\u00fct\u00fcn d\u00fcnya y\u00fcz binlerce insan\u0131n hayat\u0131n\u0131, i\u015fini kaybetti\u011fi, sosyo-psikolojik bedellerin inan\u0131lmaz boyutlarda oldu\u011fu bir salg\u0131nla kar\u015f\u0131 kar\u015f\u0131ya.<span class=\"excerpt-hellip\"> [\u2026]<\/span><\/p>\n","protected":false},"featured_media":0,"template":"","meta":{"_monsterinsights_skip_tracking":false,"_monsterinsights_sitenote_active":false,"_monsterinsights_sitenote_note":"","_monsterinsights_sitenote_category":0},"product_brand":[],"product_cat":[12365,12364],"product_tag":[],"class_list":{"0":"post-726314","1":"product","2":"type-product","3":"status-publish","5":"product_cat-diger-genel-konular","6":"product_cat-genel-konular","7":"pa_cilt-ciltsiz","8":"pa_tur-kitap","9":"pa_yayinevi-tellekt","10":"pa_yazar-tellekt-kolektif","12":"first","13":"instock","14":"sale","15":"shipping-taxable","16":"purchasable","17":"product-type-simple"},"_links":{"self":[{"href":"https:\/\/roveyayinevi.com.tr\/index.php\/wp-json\/wp\/v2\/product\/726314","targetHints":{"allow":["GET"]}}],"collection":[{"href":"https:\/\/roveyayinevi.com.tr\/index.php\/wp-json\/wp\/v2\/product"}],"about":[{"href":"https:\/\/roveyayinevi.com.tr\/index.php\/wp-json\/wp\/v2\/types\/product"}],"wp:attachment":[{"href":"https:\/\/roveyayinevi.com.tr\/index.php\/wp-json\/wp\/v2\/media?parent=726314"}],"wp:term":[{"taxonomy":"product_brand","embeddable":true,"href":"https:\/\/roveyayinevi.com.tr\/index.php\/wp-json\/wp\/v2\/product_brand?post=726314"},{"taxonomy":"product_cat","embeddable":true,"href":"https:\/\/roveyayinevi.com.tr\/index.php\/wp-json\/wp\/v2\/product_cat?post=726314"},{"taxonomy":"product_tag","embeddable":true,"href":"https:\/\/roveyayinevi.com.tr\/index.php\/wp-json\/wp\/v2\/product_tag?post=726314"}],"curies":[{"name":"wp","href":"https:\/\/api.w.org\/{rel}","templated":true}]}}