{"id":726312,"date":"2025-08-27T20:04:16","date_gmt":"2025-08-27T17:04:16","guid":{"rendered":"https:\/\/roveyayinevi.com.tr\/index.php\/urun\/kadinlar-direnis-ve-devrim\/"},"modified":"2026-04-16T02:34:04","modified_gmt":"2026-04-15T23:34:04","slug":"kadinlar-direnis-ve-devrim","status":"publish","type":"product","link":"https:\/\/roveyayinevi.com.tr\/index.php\/urun\/kadinlar-direnis-ve-devrim\/","title":{"rendered":"Kad\u0131nlar, Direni\u015f ve Devrim"},"content":{"rendered":"<p>1600\u2019lerden 1968\u2019e uzanan bir \u00f6zg\u00fcrle\u015fme tarihi\u2026 Kad\u0131nlar\u0131n benlik, kimlik, hak aray\u0131\u015f\u0131 ve \u00f6zg\u00fcrl\u00fck m\u00fccadelesiyle ge\u00e7en bu on y\u0131llar boyunca diren\u00e7 \u00f6rne\u011fi olu\u015fturan, ekmek ve g\u00fcl m\u00fccadelesini y\u00fckselten, d\u00fc\u015f\u00fcnen ve eyleyen isimler\u2026 Mary Wollstonecraft, Flora Tristan, Margaret Fuller, August Bebel, Eleanor Marx, Olive Schreiner, Sylvia Pankhurst, Emma Goldman, Aleksandra Kollontay, Ding Ling, Han Suyin\u2026 Feminizmin ve feminist yaz\u0131n\u0131n tarihinden kilometre ta\u015flar\u0131\u2026 Bir yanda unutulanlar: Edward Carpenter ve A\u015fk\u0131n Yeti\u015fkinlik \u00c7a\u011f\u0131 mesela. Di\u011fer yanda tekrar tekrar okunanlardaki yeni ayr\u0131nt\u0131lar: Engels ve Ailenin K\u00f6keni \u00f6rne\u011fin. Sadece kuramsal kitaplar de\u011fil, halk \u015fark\u0131lar\u0131ndaki, \u015fiirlerdeki, romanlardaki kad\u0131n portreleri. Ekmek kavgas\u0131 verenler, \u00f6zg\u00fcr a\u015fk i\u00e7in m\u00fccadele edenler ve ikisini birle\u015ftirenler\u2026 Devrim, sosyalizm ve ulusal kurtulu\u015f m\u00fccadelesi ile kad\u0131nlar\u0131n kurtulu\u015f m\u00fccadelesi aras\u0131ndaki ili\u015fkiler, gelgitler, gerilimler\u2026 Ve devrimlerin ba\u015fard\u0131klar\u0131 ile yar\u0131da b\u0131rak\u0131p ba\u015faramad\u0131klar\u0131\u2026 \u0130ngiltere\u2019deki oy hakk\u0131 m\u00fccadelesinde, Frans\u0131z Devrimi\u2019nde, Paris Kom\u00fcn\u00fc\u2019nde, Rus Devrimi\u2019nde, \u00c7in\u2019de, Vietnam\u2019da, K\u00fcba\u2019da, Cezayir\u2019deki kurtulu\u015f m\u00fccadelesinde yap\u0131lanlar, yap\u0131lamayanlar\u2026 Tarihte, d\u00fc\u015f\u00fcn\u00fcrlerde, kitaplarda, makalelerde, \u015fark\u0131larda, hayatlarda \u00fc\u00e7 y\u00fcz elli y\u0131ll\u0131k ola\u011fan\u00fcst\u00fc bir gezinti\u2026 Kad\u0131nlar, Direni\u015f ve Devrim Ya\u015fanan toplumsal devrimler i\u00e7erisinde kad\u0131nlar\u0131n \u201c\u00f6teki devrimi\u201dne odaklanan Sheila Rowbotham\u2019\u0131n bu devrimi anlatan s\u00f6zleri: \u201cDevrim i\u00e7inde devrim, kendi g\u00f6zlerinizle g\u00f6rmek, d\u0131\u015f d\u00fcnyaya kendi ellerinizle dokunmay\u0131 \u00f6\u011frenmek, deneyimleri kendi zihninize terc\u00fcme etmek, sesleri bi\u00e7imlendirmek, kendi s\u00f6zc\u00fcklerinizi \u00fcretmek ve size zorla kabul ettirilmekle kalmay\u0131p y\u00fczy\u0131llard\u0131r ba\u015fkas\u0131 taraf\u0131ndan y\u00f6netildi\u011finiz i\u00e7in art\u0131k derinize ve i\u00e7inize i\u015flemi\u015f maskeyi \u00e7\u0131kar\u0131p atmak anlam\u0131na gelir.\u201d <\/p>\n","protected":false},"excerpt":{"rendered":"<p>1600\u2019lerden 1968\u2019e uzanan bir \u00f6zg\u00fcrle\u015fme tarihi\u2026 Kad\u0131nlar\u0131n benlik, kimlik, hak aray\u0131\u015f\u0131 ve \u00f6zg\u00fcrl\u00fck m\u00fccadelesiyle ge\u00e7en bu on y\u0131llar boyunca diren\u00e7 \u00f6rne\u011fi olu\u015fturan, ekmek ve g\u00fcl m\u00fccadelesini<span class=\"excerpt-hellip\"> [\u2026]<\/span><\/p>\n","protected":false},"featured_media":0,"template":"","meta":{"_monsterinsights_skip_tracking":false,"_monsterinsights_sitenote_active":false,"_monsterinsights_sitenote_note":"","_monsterinsights_sitenote_category":0},"product_brand":[],"product_cat":[13590,12337],"product_tag":[],"class_list":{"0":"post-726312","1":"product","2":"type-product","3":"status-publish","5":"product_cat-arastirma-inceleme-politika-siyaset","6":"product_cat-politika-siyaset","7":"pa_cilt-ciltsiz","8":"pa_tur-kitap","9":"pa_yayinevi-yordam-kitap","10":"pa_yazar-sheila-rowbotham","12":"first","13":"instock","14":"sale","15":"shipping-taxable","16":"purchasable","17":"product-type-simple"},"_links":{"self":[{"href":"https:\/\/roveyayinevi.com.tr\/index.php\/wp-json\/wp\/v2\/product\/726312","targetHints":{"allow":["GET"]}}],"collection":[{"href":"https:\/\/roveyayinevi.com.tr\/index.php\/wp-json\/wp\/v2\/product"}],"about":[{"href":"https:\/\/roveyayinevi.com.tr\/index.php\/wp-json\/wp\/v2\/types\/product"}],"wp:attachment":[{"href":"https:\/\/roveyayinevi.com.tr\/index.php\/wp-json\/wp\/v2\/media?parent=726312"}],"wp:term":[{"taxonomy":"product_brand","embeddable":true,"href":"https:\/\/roveyayinevi.com.tr\/index.php\/wp-json\/wp\/v2\/product_brand?post=726312"},{"taxonomy":"product_cat","embeddable":true,"href":"https:\/\/roveyayinevi.com.tr\/index.php\/wp-json\/wp\/v2\/product_cat?post=726312"},{"taxonomy":"product_tag","embeddable":true,"href":"https:\/\/roveyayinevi.com.tr\/index.php\/wp-json\/wp\/v2\/product_tag?post=726312"}],"curies":[{"name":"wp","href":"https:\/\/api.w.org\/{rel}","templated":true}]}}