{"id":726311,"date":"2025-08-27T20:04:15","date_gmt":"2025-08-27T17:04:15","guid":{"rendered":"https:\/\/roveyayinevi.com.tr\/index.php\/urun\/lenz-belgeleri\/"},"modified":"2026-04-16T02:34:04","modified_gmt":"2026-04-15T23:34:04","slug":"lenz-belgeleri","status":"publish","type":"product","link":"https:\/\/roveyayinevi.com.tr\/index.php\/urun\/lenz-belgeleri\/","title":{"rendered":"Lenz Belgeleri"},"content":{"rendered":"<p>1849 bahar\u0131; Almanya\u2019n\u0131n Baden eyaleti. Liberal, sosyalist ve milliyet\u00e7i fikirlerin bir arada oldu\u011fu, canlanan ekonomi ve ticaretin krall\u0131\u011f\u0131n s\u0131n\u0131rlar\u0131n\u0131 ve kanunlar\u0131n\u0131 zorlad\u0131\u011f\u0131 bir devir. En temel haklar\u0131ndan yoksun b\u0131rak\u0131lm\u0131\u015f, yoksullukla y\u00fcz y\u00fcze bir halk&#8230; Bir devrim i\u00e7in en uygun ortam\u2026 Ve bu ortamda patlayan devrim.  Stefan Heym, t\u00fcr\u00fcn\u00fcn en \u00f6nemli \u00f6rneklerinden biri olan bu tarih\u00ee romanda May\u0131s 1849\u2019da patlayan Baden Devrimi\u2019nde rol alm\u0131\u015f ger\u00e7ek ki\u015fileri kurgu karakterlerle bir araya getiriyor. Devrimci politikac\u0131lar Gustav-Amalia Struve \u00e7ifti, General Franz Sigel, demokrat gazeteci Amand Goegg, liberal politikac\u0131 Lorenz Brentano,  I. Enternasyonal\u2019in kurucular\u0131ndan J.P. Becker birer roman karakterine d\u00f6n\u00fc\u015f\u00fcyor. K\u0131sa s\u00fcre \u00f6nce kaleme ald\u0131klar\u0131 Kom\u00fcnist Manifesto\u2019da devrim \u00e7a\u011fr\u0131lar\u0131 yapan Marx ve Engels de romana dahil oluyorlar, ku\u015fkuyla yakla\u015ft\u0131klar\u0131 Baden Devrimi\u2019ni di\u011fer roman kahramanlar\u0131yla birlikte masaya yat\u0131r\u0131yorlar.  Lenz Belgeleri, okura bir devrim laboratuvar\u0131na girme olana\u011f\u0131 sunuyor. Stefan Heym, sonunu bilsek de ba\u015fka t\u00fcrl\u00fc olmas\u0131n\u0131 umdu\u011fumuz, ba\u015fka t\u00fcrl\u00fc olabilece\u011fini de g\u00f6rd\u00fc\u011f\u00fcm\u00fcz bu k\u0131sa d\u00f6nemi, ozan Andreas Lenz\u2019in g\u00f6z\u00fcnden anlatarak, bir anlamda devrimin \u015fiirini de yaz\u0131yor. Siyasi-tarih\u00ee roman gelene\u011finin bu \u00f6nemli yap\u0131t\u0131, \u015fimdi T\u00fcrkiyeli okurlarla bulu\u015fuyor. <\/p>\n","protected":false},"excerpt":{"rendered":"<p>1849 bahar\u0131; Almanya\u2019n\u0131n Baden eyaleti. Liberal, sosyalist ve milliyet\u00e7i fikirlerin bir arada oldu\u011fu, canlanan ekonomi ve ticaretin krall\u0131\u011f\u0131n s\u0131n\u0131rlar\u0131n\u0131 ve kanunlar\u0131n\u0131 zorlad\u0131\u011f\u0131 bir devir. En temel<span class=\"excerpt-hellip\"> [\u2026]<\/span><\/p>\n","protected":false},"featured_media":0,"template":"","meta":{"_monsterinsights_skip_tracking":false,"_monsterinsights_sitenote_active":false,"_monsterinsights_sitenote_note":"","_monsterinsights_sitenote_category":0},"product_brand":[],"product_cat":[12291,12745],"product_tag":[],"class_list":{"0":"post-726311","1":"product","2":"type-product","3":"status-publish","5":"product_cat-edebiyat","6":"product_cat-tarihi-roman","7":"pa_cilt-ciltsiz","8":"pa_tur-kitap","9":"pa_yayinevi-yordam-kitap","10":"pa_yazar-stefan-heym","12":"first","13":"instock","14":"sale","15":"shipping-taxable","16":"purchasable","17":"product-type-simple"},"_links":{"self":[{"href":"https:\/\/roveyayinevi.com.tr\/index.php\/wp-json\/wp\/v2\/product\/726311","targetHints":{"allow":["GET"]}}],"collection":[{"href":"https:\/\/roveyayinevi.com.tr\/index.php\/wp-json\/wp\/v2\/product"}],"about":[{"href":"https:\/\/roveyayinevi.com.tr\/index.php\/wp-json\/wp\/v2\/types\/product"}],"wp:attachment":[{"href":"https:\/\/roveyayinevi.com.tr\/index.php\/wp-json\/wp\/v2\/media?parent=726311"}],"wp:term":[{"taxonomy":"product_brand","embeddable":true,"href":"https:\/\/roveyayinevi.com.tr\/index.php\/wp-json\/wp\/v2\/product_brand?post=726311"},{"taxonomy":"product_cat","embeddable":true,"href":"https:\/\/roveyayinevi.com.tr\/index.php\/wp-json\/wp\/v2\/product_cat?post=726311"},{"taxonomy":"product_tag","embeddable":true,"href":"https:\/\/roveyayinevi.com.tr\/index.php\/wp-json\/wp\/v2\/product_tag?post=726311"}],"curies":[{"name":"wp","href":"https:\/\/api.w.org\/{rel}","templated":true}]}}