{"id":726303,"date":"2025-08-27T20:04:08","date_gmt":"2025-08-27T17:04:08","guid":{"rendered":"https:\/\/roveyayinevi.com.tr\/index.php\/urun\/kara-koken\/"},"modified":"2026-04-16T02:34:04","modified_gmt":"2026-04-15T23:34:04","slug":"kara-koken","status":"publish","type":"product","link":"https:\/\/roveyayinevi.com.tr\/index.php\/urun\/kara-koken\/","title":{"rendered":"Kara K\u00f6ken"},"content":{"rendered":"<p>\u00c7a\u011fda\u015f medeniyetin k\u00f6kenlerine dair bildiklerinizi unutmaya haz\u0131r m\u0131s\u0131n\u0131z? Avrupa merkezli yorumlara g\u00f6re Antik Yunan, bug\u00fcnk\u00fc medeniyetin do\u011fum yeri olarak kabul edilir. Y\u00fczy\u0131llard\u0131r do\u011fru kabul edilen bu yorumun arkas\u0131nda Antik M\u0131s\u0131r medeniyeti ve onun k\u00f6keni ile ilgili ger\u00e7eklerin ink\u00e2r\u0131 var. Y\u0131llar\u0131n\u0131 M\u0131s\u0131r ve piramitler ile ilgili ara\u015ft\u0131rmalara vermi\u015f Robert Bauval ile Thomas Brophy Kara K\u00f6ken\u2019de, Firavunlar d\u00f6nemi \u00f6ncesi olarak bilinen, bug\u00fcnk\u00fc medeniyetin do\u011fu\u015funa katk\u0131da bulundu\u011funa dair kan\u0131tlar olan siyahi y\u0131ld\u0131z insanlar\u0131 ile ilgili ara\u015ft\u0131rmalar\u0131 okura sunuyor ve \u015fu sorular\u0131n pe\u015finde d\u00fc\u015f\u00fcyor: \u201cM\u0131s\u0131r sahras\u0131ndaki bu antik uygarl\u0131\u011f\u0131n gizemli halk\u0131 kimdi? Onlara M\u0131s\u0131rl\u0131lar diyebilir miydik? Ve daha kafa kar\u0131\u015ft\u0131r\u0131c\u0131 olan, bu insanlar nereden gelmi\u015flerdi?\u201d \u201cGenetik alan\u0131ndaki bilim insanlar\u0131, d\u00fcnyan\u0131n siyahi insanlar taraf\u0131ndan yarat\u0131ld\u0131\u011f\u0131n\u0131 s\u00f6ylemenin ger\u00e7ekten do\u011fru olabilece\u011fine i\u015faret ediyorlar. 2009 y\u0131l\u0131nda, en karanl\u0131k Afrika\u2019n\u0131n Livingstone, Burton, Stanley ve di\u011ferleri taraf\u0131ndan ke\u015ffinden bir y\u00fczy\u0131ldan fazla bir s\u00fcre sonra, BBC The Incredible Human Journey adl\u0131 bir belgesel dizisi yay\u0131nlad\u0131. Geni\u015f bir \u0130ngiliz kitlesine sunulan dizide, bug\u00fcn ya\u015fayan t\u00fcm insanlar\u0131n Afrika k\u00f6kenli oldu\u011fu, asl\u0131nda, bu k\u00f6kenlerin Afrika\u2019dan Havva olarak adland\u0131r\u0131lan tek bir Siyahi Afrikal\u0131 kad\u0131na kadar izlenebilece\u011fi fikri verildi.\u201d <\/p>\n","protected":false},"excerpt":{"rendered":"<p>\u00c7a\u011fda\u015f medeniyetin k\u00f6kenlerine dair bildiklerinizi unutmaya haz\u0131r m\u0131s\u0131n\u0131z? Avrupa merkezli yorumlara g\u00f6re Antik Yunan, bug\u00fcnk\u00fc medeniyetin do\u011fum yeri olarak kabul edilir. Y\u00fczy\u0131llard\u0131r do\u011fru kabul edilen bu<span class=\"excerpt-hellip\"> [\u2026]<\/span><\/p>\n","protected":false},"featured_media":0,"template":"","meta":{"_monsterinsights_skip_tracking":false,"_monsterinsights_sitenote_active":false,"_monsterinsights_sitenote_note":"","_monsterinsights_sitenote_category":0},"product_brand":[],"product_cat":[12312,12304],"product_tag":[],"class_list":{"0":"post-726303","1":"product","2":"type-product","3":"status-publish","5":"product_cat-diger","6":"product_cat-tarih","7":"pa_cilt-ciltsiz","8":"pa_tur-kitap","9":"pa_yayinevi-omega","10":"pa_yazar-robert-bauval-thomas-brophy","12":"first","13":"instock","14":"sale","15":"shipping-taxable","16":"purchasable","17":"product-type-simple"},"_links":{"self":[{"href":"https:\/\/roveyayinevi.com.tr\/index.php\/wp-json\/wp\/v2\/product\/726303","targetHints":{"allow":["GET"]}}],"collection":[{"href":"https:\/\/roveyayinevi.com.tr\/index.php\/wp-json\/wp\/v2\/product"}],"about":[{"href":"https:\/\/roveyayinevi.com.tr\/index.php\/wp-json\/wp\/v2\/types\/product"}],"wp:attachment":[{"href":"https:\/\/roveyayinevi.com.tr\/index.php\/wp-json\/wp\/v2\/media?parent=726303"}],"wp:term":[{"taxonomy":"product_brand","embeddable":true,"href":"https:\/\/roveyayinevi.com.tr\/index.php\/wp-json\/wp\/v2\/product_brand?post=726303"},{"taxonomy":"product_cat","embeddable":true,"href":"https:\/\/roveyayinevi.com.tr\/index.php\/wp-json\/wp\/v2\/product_cat?post=726303"},{"taxonomy":"product_tag","embeddable":true,"href":"https:\/\/roveyayinevi.com.tr\/index.php\/wp-json\/wp\/v2\/product_tag?post=726303"}],"curies":[{"name":"wp","href":"https:\/\/api.w.org\/{rel}","templated":true}]}}