{"id":726302,"date":"2025-08-27T20:04:07","date_gmt":"2025-08-27T17:04:07","guid":{"rendered":"https:\/\/roveyayinevi.com.tr\/index.php\/urun\/suphecinin-zihin-rehberi\/"},"modified":"2026-04-16T02:34:04","modified_gmt":"2026-04-15T23:34:04","slug":"suphecinin-zihin-rehberi","status":"publish","type":"product","link":"https:\/\/roveyayinevi.com.tr\/index.php\/urun\/suphecinin-zihin-rehberi\/","title":{"rendered":"\u015e\u00fcphecinin Zihin Rehberi"},"content":{"rendered":"<p>Bize tamamen mant\u0131kl\u0131 ve anlaml\u0131 gelen yarg\u0131lar\u0131m\u0131z ya kontrol\u00fcm\u00fcz\u00fcn d\u0131\u015f\u0131ndaysa? D\u00fcnyan\u0131n en bilinen isimlerinin 2500 y\u0131ll\u0131k \u00e7abalar\u0131na ve n\u00f6robilim alan\u0131ndaki son geli\u015fmelere ra\u011fmen, zihnin ne oldu\u011fu veya nas\u0131l i\u015fledi\u011fi hakk\u0131nda ne filozoflar ne de n\u00f6rologlar kesin bir yarg\u0131da bulunabiliyor. N\u00f6robilim, fMRI gibi etkili ve yeni ara\u00e7lar\u0131 kullanarak davran\u0131\u015flar\u0131 a\u00e7\u0131klamada \u00e7ok b\u00fcy\u00fck bir yol kat ettiyse de beynin yapt\u0131klar\u0131 ile zihnin deneyimledikleri aras\u0131ndaki \u201cb\u00f6lge\u201d h\u00e2l\u00e2 karanl\u0131k. \u015e\u00fcphecinin Zihin Rehberi, zihnin ne olabilece\u011fi ve nas\u0131l i\u015fledi\u011fine dair alg\u0131m\u0131z\u0131 yenilik\u00e7i bir bak\u0131\u015f a\u00e7\u0131s\u0131yla \u015fekillendiren, bizi beynin en b\u00fcy\u00fck gizemlerinden birine do\u011fru yolculu\u011fa \u00e7\u0131karan bir rehber. <\/p>\n","protected":false},"excerpt":{"rendered":"<p>Bize tamamen mant\u0131kl\u0131 ve anlaml\u0131 gelen yarg\u0131lar\u0131m\u0131z ya kontrol\u00fcm\u00fcz\u00fcn d\u0131\u015f\u0131ndaysa? D\u00fcnyan\u0131n en bilinen isimlerinin 2500 y\u0131ll\u0131k \u00e7abalar\u0131na ve n\u00f6robilim alan\u0131ndaki son geli\u015fmelere ra\u011fmen, zihnin ne oldu\u011fu<span class=\"excerpt-hellip\"> [\u2026]<\/span><\/p>\n","protected":false},"featured_media":0,"template":"","meta":{"_monsterinsights_skip_tracking":false,"_monsterinsights_sitenote_active":false,"_monsterinsights_sitenote_note":"","_monsterinsights_sitenote_category":0},"product_brand":[],"product_cat":[12365,12364],"product_tag":[],"class_list":{"0":"post-726302","1":"product","2":"type-product","3":"status-publish","5":"product_cat-diger-genel-konular","6":"product_cat-genel-konular","7":"pa_cilt-ciltsiz","8":"pa_tur-kitap","9":"pa_yayinevi-say-yayinlari","10":"pa_yazar-robert-a-burton","12":"first","13":"instock","14":"sale","15":"shipping-taxable","16":"purchasable","17":"product-type-simple"},"_links":{"self":[{"href":"https:\/\/roveyayinevi.com.tr\/index.php\/wp-json\/wp\/v2\/product\/726302","targetHints":{"allow":["GET"]}}],"collection":[{"href":"https:\/\/roveyayinevi.com.tr\/index.php\/wp-json\/wp\/v2\/product"}],"about":[{"href":"https:\/\/roveyayinevi.com.tr\/index.php\/wp-json\/wp\/v2\/types\/product"}],"wp:attachment":[{"href":"https:\/\/roveyayinevi.com.tr\/index.php\/wp-json\/wp\/v2\/media?parent=726302"}],"wp:term":[{"taxonomy":"product_brand","embeddable":true,"href":"https:\/\/roveyayinevi.com.tr\/index.php\/wp-json\/wp\/v2\/product_brand?post=726302"},{"taxonomy":"product_cat","embeddable":true,"href":"https:\/\/roveyayinevi.com.tr\/index.php\/wp-json\/wp\/v2\/product_cat?post=726302"},{"taxonomy":"product_tag","embeddable":true,"href":"https:\/\/roveyayinevi.com.tr\/index.php\/wp-json\/wp\/v2\/product_tag?post=726302"}],"curies":[{"name":"wp","href":"https:\/\/api.w.org\/{rel}","templated":true}]}}