{"id":726301,"date":"2025-08-27T20:04:06","date_gmt":"2025-08-27T17:04:06","guid":{"rendered":"https:\/\/roveyayinevi.com.tr\/index.php\/urun\/bay-yuzde-bes\/"},"modified":"2026-04-11T02:42:01","modified_gmt":"2026-04-10T23:42:01","slug":"bay-yuzde-bes","status":"publish","type":"product","link":"https:\/\/roveyayinevi.com.tr\/index.php\/urun\/bay-yuzde-bes\/","title":{"rendered":"Bay Y\u00fczde Be\u015f"},"content":{"rendered":"<p>1869&#8217;da \u0130stanbul&#8217;un \u00dcsk\u00fcdar semtinde do\u011fan Kalust G\u00fclbenkyan, 86 ya\u015f\u0131nda \u00f6ld\u00fc\u011f\u00fcnde d\u00fcnyan\u0131n en zengin adam\u0131yd\u0131. Ortado\u011fu petrol\u00fcndeki ki\u015fisel pay\u0131 nedeniyle \u201cBay Y\u00fczde Be\u015f\u201d olarak nam salm\u0131\u015ft\u0131. Kartellerle gizemli \u00e7\u0131kar ili\u015fkilerini gizli tutarak petrol barolar\u0131n\u0131 ve h\u00fck\u00fcmetleri tarafs\u0131zl\u0131\u011f\u0131na ikna eden G\u00fclbenkyan, yar\u0131m y\u00fczy\u0131l boyunca \u00fcst d\u00fczey petrol anla\u015fmalar\u0131na simsarl\u0131k yaparak b\u00fcy\u00fck bir servet elde etmi\u015fti. Kalust G\u00fclbenkyan\u2019\u0131n \u00f6zel hayat\u0131 da en az i\u015f hayat\u0131 kadar \u00e7etrefilliydi. En y\u00fcksek ahlaki de\u011ferlerde \u0131srar ederken e\u015finin cazibesini kendi \u00e7\u0131kar\u0131 i\u00e7in kullanmaktan \u00e7ekinmezdi. Gen\u00e7li\u011finde aktrisler ve rev\u00fc k\u0131zlar\u0131na e\u015flik etti\u011fi l\u00fcks bir hayat s\u00fcrd\u00fc, ilerleyen ya\u015flar\u0131nda da bir\u00e7ok kad\u0131nla birlikte oldu. Bu esnada Stalin\u2019in ona Hermitage M\u00fczesi\u2019nden satt\u0131\u011f\u0131 Rembrandt\u2019lar\u0131 da i\u00e7eren muhte\u015fem bir sanat koleksiyonu olu\u015fturdu. G\u00fclbenkyan\u2019\u0131n ad\u0131 bug\u00fcn de servetini ve m\u00fcthi\u015f sanat koleksiyonunu ba\u011f\u0131\u015flad\u0131\u011f\u0131 Lizbon\u2019daki G\u00fclbenkyan Vakf\u0131\u2019yla an\u0131l\u0131yor. G\u00fclbenkyan Vakf\u0131 ar\u015fivlerine ilk defa tam eri\u015fim sa\u011flanarak yaz\u0131lan Bay Y\u00fczde Be\u015f, modern petrol sanayisini \u015fekillendiren Kalust G\u00fclbenkyan&#8217;\u0131n karma\u015f\u0131k ve \u00e7ok y\u00f6nl\u00fc ya\u015fam\u0131n\u0131n heyecan verici hik\u00e2yesini g\u00fcn y\u00fcz\u00fcne \u00e7\u0131kar\u0131yor. <\/p>\n","protected":false},"excerpt":{"rendered":"<p>1869&#8217;da \u0130stanbul&#8217;un \u00dcsk\u00fcdar semtinde do\u011fan Kalust G\u00fclbenkyan, 86 ya\u015f\u0131nda \u00f6ld\u00fc\u011f\u00fcnde d\u00fcnyan\u0131n en zengin adam\u0131yd\u0131. Ortado\u011fu petrol\u00fcndeki ki\u015fisel pay\u0131 nedeniyle \u201cBay Y\u00fczde Be\u015f\u201d olarak nam salm\u0131\u015ft\u0131. Kartellerle<span class=\"excerpt-hellip\"> [\u2026]<\/span><\/p>\n","protected":false},"featured_media":0,"template":"","meta":{"_monsterinsights_skip_tracking":false,"_monsterinsights_sitenote_active":false,"_monsterinsights_sitenote_note":"","_monsterinsights_sitenote_category":0},"product_brand":[],"product_cat":[14009,12291],"product_tag":[],"class_list":{"0":"post-726301","1":"product","2":"type-product","3":"status-publish","5":"product_cat-biyografi-otobiyografi-edebiyat","6":"product_cat-edebiyat","7":"pa_cilt-ciltsiz","8":"pa_tur-kitap","9":"pa_yayinevi-mundi","10":"pa_yazar-jonathan-conlin","12":"first","13":"instock","14":"sale","15":"shipping-taxable","16":"purchasable","17":"product-type-simple"},"_links":{"self":[{"href":"https:\/\/roveyayinevi.com.tr\/index.php\/wp-json\/wp\/v2\/product\/726301","targetHints":{"allow":["GET"]}}],"collection":[{"href":"https:\/\/roveyayinevi.com.tr\/index.php\/wp-json\/wp\/v2\/product"}],"about":[{"href":"https:\/\/roveyayinevi.com.tr\/index.php\/wp-json\/wp\/v2\/types\/product"}],"wp:attachment":[{"href":"https:\/\/roveyayinevi.com.tr\/index.php\/wp-json\/wp\/v2\/media?parent=726301"}],"wp:term":[{"taxonomy":"product_brand","embeddable":true,"href":"https:\/\/roveyayinevi.com.tr\/index.php\/wp-json\/wp\/v2\/product_brand?post=726301"},{"taxonomy":"product_cat","embeddable":true,"href":"https:\/\/roveyayinevi.com.tr\/index.php\/wp-json\/wp\/v2\/product_cat?post=726301"},{"taxonomy":"product_tag","embeddable":true,"href":"https:\/\/roveyayinevi.com.tr\/index.php\/wp-json\/wp\/v2\/product_tag?post=726301"}],"curies":[{"name":"wp","href":"https:\/\/api.w.org\/{rel}","templated":true}]}}