{"id":726300,"date":"2025-08-27T20:04:05","date_gmt":"2025-08-27T17:04:05","guid":{"rendered":"https:\/\/roveyayinevi.com.tr\/index.php\/urun\/atmaca\/"},"modified":"2026-04-16T02:34:04","modified_gmt":"2026-04-15T23:34:04","slug":"atmaca","status":"publish","type":"product","link":"https:\/\/roveyayinevi.com.tr\/index.php\/urun\/atmaca\/","title":{"rendered":"Atmaca"},"content":{"rendered":"<p>Saat ikiyi on d\u00f6rt ge\u00e7iyordu. Daha fazla beklemenin anlam\u0131 yoktu art\u0131k. Aya\u011fa kalkmak i\u00e7in sandalyemi itti\u011fimde \u00e7\u0131kan g\u0131c\u0131rt\u0131 s\u0131n\u0131fta yank\u0131land\u0131. Sami Hoca tahtaya d\u00f6nm\u00fc\u015f bir \u015feyler yaz\u0131yordu, bir tek o duymad\u0131. Huzursuzca k\u0131p\u0131rdananlar, \u00f6ks\u00fcrenler oldu. Arkamdakilerin g\u00f6zlerini ensemde hissettim. Midemde ufak \u00e7apta bir f\u0131rt\u0131na kopuyordu. Neden bilmiyorum ama ceketimin \u00f6n\u00fcn\u00fc ilikledim. Kap\u0131ya vard\u0131\u011f\u0131mda Sami Hoca bana d\u00f6n\u00fcp, &#8220;Evlad\u0131m, gelirken yan s\u0131n\u0131ftan tebe\u015fir de ister misin sana zahmet,&#8221; dedi. &#8220;Bu d\u00fcd\u00fck kadar kalm\u0131\u015f, parma\u011f\u0131mdan kay\u0131yor.&#8221;\u00d6fke, k\u0131sa s\u00fcreli bir delilik halidir derler ama bazen \u00e7ok da k\u0131sa s\u00fcrmez, insan\u0131n \u00f6mr\u00fcn\u00fc ele ge\u00e7irir. Atmaca, gitgide artan \u00f6fkesiyle bo\u011fu\u015fan \u00d6mer&#8217;in lisede ba\u015flay\u0131p k\u0131rkl\u0131 ya\u015flar\u0131na, 90\u2019lardan bug\u00fcne uzanan \u00f6yk\u00fcs\u00fc. Hayal k\u0131r\u0131kl\u0131klar\u0131, karars\u0131zl\u0131klar, yar\u0131m kalan a\u015fklar, \u00e7aresizlik, \u00f6fke ve s\u00fcrekli bekleyi\u015f: Ger\u00e7ek hayat ne zaman ba\u015flayacak?<\/p>\n","protected":false},"excerpt":{"rendered":"<p>Saat ikiyi on d\u00f6rt ge\u00e7iyordu. Daha fazla beklemenin anlam\u0131 yoktu art\u0131k. Aya\u011fa kalkmak i\u00e7in sandalyemi itti\u011fimde \u00e7\u0131kan g\u0131c\u0131rt\u0131 s\u0131n\u0131fta yank\u0131land\u0131. Sami Hoca tahtaya d\u00f6nm\u00fc\u015f bir \u015feyler<span class=\"excerpt-hellip\"> [\u2026]<\/span><\/p>\n","protected":false},"featured_media":0,"template":"","meta":{"_monsterinsights_skip_tracking":false,"_monsterinsights_sitenote_active":false,"_monsterinsights_sitenote_note":"","_monsterinsights_sitenote_category":0},"product_brand":[],"product_cat":[12291,12711],"product_tag":[],"class_list":{"0":"post-726300","1":"product","2":"type-product","3":"status-publish","5":"product_cat-edebiyat","6":"product_cat-roman-oyku","7":"pa_cilt-ciltsiz","8":"pa_tur-kitap","9":"pa_yayinevi-can-yayinlari","10":"pa_yazar-hikmet-hukumenoglu","12":"first","13":"instock","14":"sale","15":"shipping-taxable","16":"purchasable","17":"product-type-simple"},"_links":{"self":[{"href":"https:\/\/roveyayinevi.com.tr\/index.php\/wp-json\/wp\/v2\/product\/726300","targetHints":{"allow":["GET"]}}],"collection":[{"href":"https:\/\/roveyayinevi.com.tr\/index.php\/wp-json\/wp\/v2\/product"}],"about":[{"href":"https:\/\/roveyayinevi.com.tr\/index.php\/wp-json\/wp\/v2\/types\/product"}],"wp:attachment":[{"href":"https:\/\/roveyayinevi.com.tr\/index.php\/wp-json\/wp\/v2\/media?parent=726300"}],"wp:term":[{"taxonomy":"product_brand","embeddable":true,"href":"https:\/\/roveyayinevi.com.tr\/index.php\/wp-json\/wp\/v2\/product_brand?post=726300"},{"taxonomy":"product_cat","embeddable":true,"href":"https:\/\/roveyayinevi.com.tr\/index.php\/wp-json\/wp\/v2\/product_cat?post=726300"},{"taxonomy":"product_tag","embeddable":true,"href":"https:\/\/roveyayinevi.com.tr\/index.php\/wp-json\/wp\/v2\/product_tag?post=726300"}],"curies":[{"name":"wp","href":"https:\/\/api.w.org\/{rel}","templated":true}]}}