{"id":726299,"date":"2025-08-27T20:04:04","date_gmt":"2025-08-27T17:04:04","guid":{"rendered":"https:\/\/roveyayinevi.com.tr\/index.php\/urun\/insanlarin-dunyasi-5\/"},"modified":"2026-04-16T02:34:04","modified_gmt":"2026-04-15T23:34:04","slug":"insanlarin-dunyasi-5","status":"publish","type":"product","link":"https:\/\/roveyayinevi.com.tr\/index.php\/urun\/insanlarin-dunyasi-5\/","title":{"rendered":"\u0130nsanlar\u0131n  D\u00fcnyas\u0131"},"content":{"rendered":"<p>\u0130nsanlar\u0131n D\u00fcnyas\u0131, Saint-Exup\u00e9ry\u2019nin, geride kalm\u0131\u015f mutlu \u00e7ocuklulu\u011funa te\u015fekk\u00fcr etmek, pilotluk mesle\u011finin zorluklar\u0131n\u0131 g\u00f6zler \u00f6n\u00fcne sermek, u\u00e7u\u015flar s\u0131ras\u0131nda kaybetti\u011fi meslekta\u015flar\u0131na sayg\u0131 duru\u015funda bulunmak, ku\u015fbak\u0131\u015f\u0131 g\u00f6rd\u00fc\u011f\u00fc d\u00fcnyay\u0131 herkese g\u00f6sterebilmek, teknisyeniyle ge\u00e7irdi\u011fi korkun\u00e7 kazay\u0131 anlatmak ve \u00e7\u00f6l\u00fcn gizemlerini ortaya \u00e7\u0131karmak i\u00e7in yazd\u0131\u011f\u0131, insana ve insan\u0131n ya\u015fad\u0131\u011f\u0131 d\u00fcnyaya dair en felsefi roman\u0131. Bu roman\u0131n sat\u0131rlar\u0131nda K\u00fc\u00e7\u00fck Prens\u2019in tilkisini bulacak ve t\u0131pk\u0131 gezegeninden s\u0131k\u0131l\u0131p yeni d\u00fcnyalar ke\u015ffetmeye \u00e7\u0131km\u0131\u015f o k\u00fc\u00e7\u00fck \u00e7ocuk gibi kendi d\u00fcnyan\u0131z\u0131n bilinmezlerini ke\u015ffedeceksiniz.<\/p>\n","protected":false},"excerpt":{"rendered":"<p>\u0130nsanlar\u0131n D\u00fcnyas\u0131, Saint-Exup\u00e9ry\u2019nin, geride kalm\u0131\u015f mutlu \u00e7ocuklulu\u011funa te\u015fekk\u00fcr etmek, pilotluk mesle\u011finin zorluklar\u0131n\u0131 g\u00f6zler \u00f6n\u00fcne sermek, u\u00e7u\u015flar s\u0131ras\u0131nda kaybetti\u011fi meslekta\u015flar\u0131na sayg\u0131 duru\u015funda bulunmak, ku\u015fbak\u0131\u015f\u0131 g\u00f6rd\u00fc\u011f\u00fc d\u00fcnyay\u0131 herkese<span class=\"excerpt-hellip\"> [\u2026]<\/span><\/p>\n","protected":false},"featured_media":0,"template":"","meta":{"_monsterinsights_skip_tracking":false,"_monsterinsights_sitenote_active":false,"_monsterinsights_sitenote_note":"","_monsterinsights_sitenote_category":0},"product_brand":[],"product_cat":[12291,12711],"product_tag":[],"class_list":{"0":"post-726299","1":"product","2":"type-product","3":"status-publish","5":"product_cat-edebiyat","6":"product_cat-roman-oyku","7":"pa_cilt-ciltsiz","8":"pa_tur-kitap","9":"pa_yayinevi-alfa-yayinlari","10":"pa_yazar-antoine-de-saint-exupery","12":"first","13":"instock","14":"sale","15":"shipping-taxable","16":"purchasable","17":"product-type-simple"},"_links":{"self":[{"href":"https:\/\/roveyayinevi.com.tr\/index.php\/wp-json\/wp\/v2\/product\/726299","targetHints":{"allow":["GET"]}}],"collection":[{"href":"https:\/\/roveyayinevi.com.tr\/index.php\/wp-json\/wp\/v2\/product"}],"about":[{"href":"https:\/\/roveyayinevi.com.tr\/index.php\/wp-json\/wp\/v2\/types\/product"}],"wp:attachment":[{"href":"https:\/\/roveyayinevi.com.tr\/index.php\/wp-json\/wp\/v2\/media?parent=726299"}],"wp:term":[{"taxonomy":"product_brand","embeddable":true,"href":"https:\/\/roveyayinevi.com.tr\/index.php\/wp-json\/wp\/v2\/product_brand?post=726299"},{"taxonomy":"product_cat","embeddable":true,"href":"https:\/\/roveyayinevi.com.tr\/index.php\/wp-json\/wp\/v2\/product_cat?post=726299"},{"taxonomy":"product_tag","embeddable":true,"href":"https:\/\/roveyayinevi.com.tr\/index.php\/wp-json\/wp\/v2\/product_tag?post=726299"}],"curies":[{"name":"wp","href":"https:\/\/api.w.org\/{rel}","templated":true}]}}