{"id":726297,"date":"2025-08-27T20:04:03","date_gmt":"2025-08-27T17:04:03","guid":{"rendered":"https:\/\/roveyayinevi.com.tr\/index.php\/urun\/alesta-ticaret-hukuku-ticari-isletme\/"},"modified":"2026-02-03T02:49:18","modified_gmt":"2026-02-02T23:49:18","slug":"alesta-ticaret-hukuku-ticari-isletme","status":"publish","type":"product","link":"https:\/\/roveyayinevi.com.tr\/index.php\/urun\/alesta-ticaret-hukuku-ticari-isletme\/","title":{"rendered":"Alesta Ticaret Hukuku, Ticari \u0130\u015fletme"},"content":{"rendered":"<p>Elinizdeki kitap akademik bir \u00e7al\u0131\u015fma olmay\u0131p yaln\u0131zca H\u00e2kimlik ve di\u011fer merkezi s\u0131navlara gireceklere y\u00f6nelik olarak haz\u0131rlanm\u0131\u015ft\u0131r. S\u0131nav sorular\u0131nda T\u00fcrk Ticaret Kanununa s\u0131k\u0131 s\u0131k\u0131ya ba\u011fl\u0131 kal\u0131nmakta, do\u011frudan bilgi sorular\u0131 soruldu\u011fu gibi \u00f6\u011frencinin soyut bilgiyi somut olaya uygulama kabiliyetini \u00f6l\u00e7en k\u00fc\u00e7\u00fck sorular da sorulmaktad\u0131r.Konu anlat\u0131m\u0131nda, TTK\u2019da yer alan kurumlar ve ticari i\u015fletme hukukunu ilgilendiren di\u011fer mevzuat sistematik ve \u00f6rnekler verilerek a\u00e7\u0131klanmaya \u00e7al\u0131\u015f\u0131lm\u0131\u015f, konunun \u00f6z\u00fcn\u00fc ifade eden anahtar kelime ya da kelime gruplar\u0131 vurgulanm\u0131\u015ft\u0131r.<\/p>\n","protected":false},"excerpt":{"rendered":"<p>Elinizdeki kitap akademik bir \u00e7al\u0131\u015fma olmay\u0131p yaln\u0131zca H\u00e2kimlik ve di\u011fer merkezi s\u0131navlara gireceklere y\u00f6nelik olarak haz\u0131rlanm\u0131\u015ft\u0131r. S\u0131nav sorular\u0131nda T\u00fcrk Ticaret Kanununa s\u0131k\u0131 s\u0131k\u0131ya ba\u011fl\u0131 kal\u0131nmakta, do\u011frudan<span class=\"excerpt-hellip\"> [\u2026]<\/span><\/p>\n","protected":false},"featured_media":0,"template":"","meta":{"_monsterinsights_skip_tracking":false,"_monsterinsights_sitenote_active":false,"_monsterinsights_sitenote_note":"","_monsterinsights_sitenote_category":0},"product_brand":[],"product_cat":[15350,17602],"product_tag":[],"class_list":{"0":"post-726297","1":"product","2":"type-product","3":"status-publish","5":"product_cat-hukuk","6":"product_cat-hukuk-uzerine","7":"pa_cilt-ciltsiz","8":"pa_tur-kitap","9":"pa_yayinevi-astana-yayinlari","10":"pa_yazar-mustafa-cesur","12":"first","13":"instock","14":"sale","15":"shipping-taxable","16":"purchasable","17":"product-type-simple"},"_links":{"self":[{"href":"https:\/\/roveyayinevi.com.tr\/index.php\/wp-json\/wp\/v2\/product\/726297","targetHints":{"allow":["GET"]}}],"collection":[{"href":"https:\/\/roveyayinevi.com.tr\/index.php\/wp-json\/wp\/v2\/product"}],"about":[{"href":"https:\/\/roveyayinevi.com.tr\/index.php\/wp-json\/wp\/v2\/types\/product"}],"wp:attachment":[{"href":"https:\/\/roveyayinevi.com.tr\/index.php\/wp-json\/wp\/v2\/media?parent=726297"}],"wp:term":[{"taxonomy":"product_brand","embeddable":true,"href":"https:\/\/roveyayinevi.com.tr\/index.php\/wp-json\/wp\/v2\/product_brand?post=726297"},{"taxonomy":"product_cat","embeddable":true,"href":"https:\/\/roveyayinevi.com.tr\/index.php\/wp-json\/wp\/v2\/product_cat?post=726297"},{"taxonomy":"product_tag","embeddable":true,"href":"https:\/\/roveyayinevi.com.tr\/index.php\/wp-json\/wp\/v2\/product_tag?post=726297"}],"curies":[{"name":"wp","href":"https:\/\/api.w.org\/{rel}","templated":true}]}}