{"id":726296,"date":"2025-08-27T20:04:02","date_gmt":"2025-08-27T17:04:02","guid":{"rendered":"https:\/\/roveyayinevi.com.tr\/index.php\/urun\/21-yuzyilda-orgutsel-davranista-21-guncel-yaklasim\/"},"modified":"2026-04-16T02:34:04","modified_gmt":"2026-04-15T23:34:04","slug":"21-yuzyilda-orgutsel-davranista-21-guncel-yaklasim","status":"publish","type":"product","link":"https:\/\/roveyayinevi.com.tr\/index.php\/urun\/21-yuzyilda-orgutsel-davranista-21-guncel-yaklasim\/","title":{"rendered":"21. Y\u00fczy\u0131lda \u00d6rg\u00fctsel Davran\u0131\u015fta 21 G\u00fcncel Yakla\u015f\u0131m"},"content":{"rendered":"<p>\u0130\u00e7indekiler 1. B\u00d6L\u00dcM: \u00d6rg\u00fctsel De\u011fi\u015fim Y\u00f6netimi 2. B\u00d6L\u00dcM: \u00d6rg\u00fctsel Sa\u011fl\u0131k 3. B\u00d6L\u00dcM: Psikolojik Sa\u011flaml\u0131k 4. B\u00d6L\u00dcM: Bireysellik ve Sosyal Sorumluluk 5. B\u00d6L\u00dcM: Empati 6. B\u00d6L\u00dcM: A\u015f\u0131r\u0131 Niteliklilik 7. B\u00d6L\u00dcM: \u00d6rg\u00fctsel Ustal\u0131k 8. B\u00d6L\u00dcM: \u00d6rg\u00fctsel Vicdan 9. B\u00d6L\u00dcM: \u00d6rg\u00fctsel Affedicilik 10. B\u00d6L\u00dcM: Kariyer Arzusu 11. B\u00d6L\u00dcM: Kariyer Stresi 12. B\u00d6L\u00dcM: \u00d6rg\u00fctsel Engel13. B\u00d6L\u00dcM: Kadercilik E\u011fitimi 14. B\u00d6L\u00dcM: Whistleblowing 15. B\u00d6L\u00dcM: \u00d6rg\u00fctsel Sohbet 16. B\u00d6L\u00dcM: Tak\u0131mda\u015fl\u0131k Davran\u0131\u015f\u0131 17. B\u00d6L\u00dcM: Erteleme Davran\u0131\u015f\u0131 18. B\u00d6L\u00dcM: \u00dcretkenlik Kar\u015f\u0131t\u0131 \u0130\u015f Davran\u0131\u015flar\u0131 19. B\u00d6L\u00dcM: \u0130\u015fyerinde S\u0131k\u0131lma 20. B\u00d6L\u00dcM: \u00d6rg\u00fctsel Yaln\u0131zl\u0131k ve D\u0131\u015flanma 21. B\u00d6L\u00dcM: Sanal Kaytarma <\/p>\n","protected":false},"excerpt":{"rendered":"<p>\u0130\u00e7indekiler 1. B\u00d6L\u00dcM: \u00d6rg\u00fctsel De\u011fi\u015fim Y\u00f6netimi 2. B\u00d6L\u00dcM: \u00d6rg\u00fctsel Sa\u011fl\u0131k 3. B\u00d6L\u00dcM: Psikolojik Sa\u011flaml\u0131k 4. B\u00d6L\u00dcM: Bireysellik ve Sosyal Sorumluluk 5. B\u00d6L\u00dcM: Empati 6. B\u00d6L\u00dcM: A\u015f\u0131r\u0131<span class=\"excerpt-hellip\"> [\u2026]<\/span><\/p>\n","protected":false},"featured_media":0,"template":"","meta":{"_monsterinsights_skip_tracking":false,"_monsterinsights_sitenote_active":false,"_monsterinsights_sitenote_note":"","_monsterinsights_sitenote_category":0},"product_brand":[],"product_cat":[13043,14381],"product_tag":[],"class_list":{"0":"post-726296","1":"product","2":"type-product","3":"status-publish","5":"product_cat-ekonomi","6":"product_cat-isletme-muhasebe-maliye","7":"pa_cilt-ciltsiz","8":"pa_tur-kitap","9":"pa_yayinevi-gazi-kitabevi","10":"pa_yazar-gulbeniz-akduman","12":"first","13":"instock","14":"sale","15":"shipping-taxable","16":"purchasable","17":"product-type-simple"},"_links":{"self":[{"href":"https:\/\/roveyayinevi.com.tr\/index.php\/wp-json\/wp\/v2\/product\/726296","targetHints":{"allow":["GET"]}}],"collection":[{"href":"https:\/\/roveyayinevi.com.tr\/index.php\/wp-json\/wp\/v2\/product"}],"about":[{"href":"https:\/\/roveyayinevi.com.tr\/index.php\/wp-json\/wp\/v2\/types\/product"}],"wp:attachment":[{"href":"https:\/\/roveyayinevi.com.tr\/index.php\/wp-json\/wp\/v2\/media?parent=726296"}],"wp:term":[{"taxonomy":"product_brand","embeddable":true,"href":"https:\/\/roveyayinevi.com.tr\/index.php\/wp-json\/wp\/v2\/product_brand?post=726296"},{"taxonomy":"product_cat","embeddable":true,"href":"https:\/\/roveyayinevi.com.tr\/index.php\/wp-json\/wp\/v2\/product_cat?post=726296"},{"taxonomy":"product_tag","embeddable":true,"href":"https:\/\/roveyayinevi.com.tr\/index.php\/wp-json\/wp\/v2\/product_tag?post=726296"}],"curies":[{"name":"wp","href":"https:\/\/api.w.org\/{rel}","templated":true}]}}