{"id":726295,"date":"2025-08-27T20:04:02","date_gmt":"2025-08-27T17:04:02","guid":{"rendered":"https:\/\/roveyayinevi.com.tr\/index.php\/urun\/satisin-sifreleri\/"},"modified":"2026-04-16T02:34:04","modified_gmt":"2026-04-15T23:34:04","slug":"satisin-sifreleri","status":"publish","type":"product","link":"https:\/\/roveyayinevi.com.tr\/index.php\/urun\/satisin-sifreleri\/","title":{"rendered":"Sat\u0131\u015f\u0131n \u015eifreleri"},"content":{"rendered":"<p>Elma Yay\u0131nevi Sat\u0131\u015f\u0131n \u015eifreleri ile yeniden sizlerle\u2026Yurti\u00e7inde ve yurtd\u0131\u015f\u0131nda olmak \u00fczere iki y\u00fcz binden fazla ki\u015fiye sat\u0131\u015f sunumu yapm\u0131\u015f bir profesyonel sat\u0131\u015f\u0131\u00e7\u0131n\u0131n kaleminden okuyacaks\u0131n\u0131z sat\u0131\u015f\u0131n \u015fifrelerini. Kulland\u0131\u011f\u0131 farkl\u0131 y\u00f6ntemlerle, m\u00fc\u015fteriye olan yakla\u015f\u0131m\u0131yla t\u00fcm s\u0131n\u0131rlar\u0131 zorlayan, bilinenleri tersine \u00e7eviren bir sat\u0131\u015f\u00e7\u0131 Bar\u0131\u015f K\u0131l\u0131\u00e7arslan\u2026Yazar diyor ki,D\u00fcnyan\u0131n en iyi sat\u0131\u015f\u00e7\u0131lar\u0131 da sonucu satabilen, yani m\u00fc\u015fterisinin beyninde \u201cbenden sat\u0131n al\u0131rsan\u0131z hayat\u0131n\u0131zda ne de\u011fi\u015fir\u201din resmini \u00e7izebilen ve bu resmin i\u00e7erisinde hissettirebilenlerdir.Bu resmi \u00e7izebilmek i\u00e7in hem mant\u0131\u011fa hem duygulara hem de i\u00e7g\u00fcd\u00fcsel karar ald\u0131rma y\u00f6ntemlerine ihtiyac\u0131n\u0131z var.\u00c7\u00fcnk\u00fc insanlar sat\u0131n alma karar\u0131na i\u00e7g\u00fcd\u00fcsel ba\u015flar, karar\u0131 duygusal al\u0131r, mant\u0131ksal a\u00e7\u0131klar.Ve sat\u0131\u015f yapabilmek istiyorsan\u0131z \u00fc\u00e7\u00fcn\u00fcn \u015fifrelerini de \u00e7ok iyi bilmelisiniz.O y\u00fczden bu kitapta hem i\u00e7g\u00fcd\u00fcleri hem mant\u0131\u011f\u0131 hem de duygular\u0131 harekete ge\u00e7irerek ikna edebilen on iki sat\u0131\u015f \u015fifresi var.Haydi, o zaman en iyi sat\u0131\u015flar\u0131 yapmak i\u00e7in Sat\u0131\u015f\u0131n \u015eifreleri sizlerle\u2026<span>Tan\u0131t\u0131m Metni<\/span>&lt;\/im<\/p>\n","protected":false},"excerpt":{"rendered":"<p>Elma Yay\u0131nevi Sat\u0131\u015f\u0131n \u015eifreleri ile yeniden sizlerle\u2026Yurti\u00e7inde ve yurtd\u0131\u015f\u0131nda olmak \u00fczere iki y\u00fcz binden fazla ki\u015fiye sat\u0131\u015f sunumu yapm\u0131\u015f bir profesyonel sat\u0131\u015f\u0131\u00e7\u0131n\u0131n kaleminden okuyacaks\u0131n\u0131z sat\u0131\u015f\u0131n \u015fifrelerini.<span class=\"excerpt-hellip\"> [\u2026]<\/span><\/p>\n","protected":false},"featured_media":0,"template":"","meta":{"_monsterinsights_skip_tracking":false,"_monsterinsights_sitenote_active":false,"_monsterinsights_sitenote_note":"","_monsterinsights_sitenote_category":0},"product_brand":[],"product_cat":[13043,17647],"product_tag":[],"class_list":{"0":"post-726295","1":"product","2":"type-product","3":"status-publish","5":"product_cat-ekonomi","6":"product_cat-is-dunyasi","7":"pa_cilt-ciltsiz","8":"pa_tur-kitap","9":"pa_yayinevi-elma-yayinevi","10":"pa_yazar-baris-kilicarslan","12":"first","13":"instock","14":"sale","15":"shipping-taxable","16":"purchasable","17":"product-type-simple"},"_links":{"self":[{"href":"https:\/\/roveyayinevi.com.tr\/index.php\/wp-json\/wp\/v2\/product\/726295","targetHints":{"allow":["GET"]}}],"collection":[{"href":"https:\/\/roveyayinevi.com.tr\/index.php\/wp-json\/wp\/v2\/product"}],"about":[{"href":"https:\/\/roveyayinevi.com.tr\/index.php\/wp-json\/wp\/v2\/types\/product"}],"wp:attachment":[{"href":"https:\/\/roveyayinevi.com.tr\/index.php\/wp-json\/wp\/v2\/media?parent=726295"}],"wp:term":[{"taxonomy":"product_brand","embeddable":true,"href":"https:\/\/roveyayinevi.com.tr\/index.php\/wp-json\/wp\/v2\/product_brand?post=726295"},{"taxonomy":"product_cat","embeddable":true,"href":"https:\/\/roveyayinevi.com.tr\/index.php\/wp-json\/wp\/v2\/product_cat?post=726295"},{"taxonomy":"product_tag","embeddable":true,"href":"https:\/\/roveyayinevi.com.tr\/index.php\/wp-json\/wp\/v2\/product_tag?post=726295"}],"curies":[{"name":"wp","href":"https:\/\/api.w.org\/{rel}","templated":true}]}}