{"id":726293,"date":"2025-08-27T20:04:00","date_gmt":"2025-08-27T17:04:00","guid":{"rendered":"https:\/\/roveyayinevi.com.tr\/index.php\/urun\/alesta-turk-ceza-hukuku-ozel-hukumler\/"},"modified":"2026-04-16T02:34:04","modified_gmt":"2026-04-15T23:34:04","slug":"alesta-turk-ceza-hukuku-ozel-hukumler","status":"publish","type":"product","link":"https:\/\/roveyayinevi.com.tr\/index.php\/urun\/alesta-turk-ceza-hukuku-ozel-hukumler\/","title":{"rendered":"Alesta T\u00fcrk Ceza Hukuku \u00d6zel H\u00fck\u00fcmler"},"content":{"rendered":"<p>Elinizdeki kitap akademik bir \u00e7al\u0131\u015fma olmay\u0131p yaln\u0131zca H\u00e2kimlik ve di\u011fer merkezi s\u0131navlara girecek \u00f6\u011frencilere y\u00f6nelik olarak haz\u0131rlanm\u0131\u015ft\u0131r. Bu ama\u00e7la da ge\u00e7mi\u015f y\u0131llar\u0131n \u00f6zellikle de son birka\u00e7 y\u0131l\u0131n \u00e7\u0131km\u0131\u015f sorular\u0131 dikkatle incelenmi\u015ftir. Bu incelemeden \u00e7\u0131kan sonu\u00e7 \u015fudur ki s\u0131nav sorular\u0131nda 5237 say\u0131l\u0131 T\u00fcrk Ceza Kanunu (TCK)\u2019ya s\u0131k\u0131 s\u0131k\u0131ya ba\u011fl\u0131 kal\u0131nmakta, do\u011frudan bilgi sorular\u0131 soruldu\u011fu gibi \u00f6\u011frencinin soyut bilgiyi somut olaya uygulama kabiliyetini \u00f6l\u00e7en pratik sorular da sorulmaktad\u0131r.Bu \u00e7er\u00e7evede kitap, TCK \u00f6zel h\u00fck\u00fcmlerin sistemati\u011fi esas al\u0131narak her biri kendi i\u00e7inde b\u00f6l\u00fcmlere ayr\u0131lan d\u00f6rt k\u0131s\u0131mdan olu\u015fmakta, her bir b\u00f6l\u00fcmde de konu anlat\u0131m\u0131 ve \u00e7al\u0131\u015fma sorular\u0131 yer almaktad\u0131r.<\/p>\n","protected":false},"excerpt":{"rendered":"<p>Elinizdeki kitap akademik bir \u00e7al\u0131\u015fma olmay\u0131p yaln\u0131zca H\u00e2kimlik ve di\u011fer merkezi s\u0131navlara girecek \u00f6\u011frencilere y\u00f6nelik olarak haz\u0131rlanm\u0131\u015ft\u0131r. Bu ama\u00e7la da ge\u00e7mi\u015f y\u0131llar\u0131n \u00f6zellikle de son birka\u00e7<span class=\"excerpt-hellip\"> [\u2026]<\/span><\/p>\n","protected":false},"featured_media":0,"template":"","meta":{"_monsterinsights_skip_tracking":false,"_monsterinsights_sitenote_active":false,"_monsterinsights_sitenote_note":"","_monsterinsights_sitenote_category":0},"product_brand":[],"product_cat":[15351,15350],"product_tag":[],"class_list":{"0":"post-726293","1":"product","2":"type-product","3":"status-publish","5":"product_cat-ders-kitaplari","6":"product_cat-hukuk","7":"pa_cilt-ciltsiz","8":"pa_tur-kitap","9":"pa_yayinevi-astana-yayinlari","10":"pa_yazar-hakan-serdar","12":"first","13":"instock","14":"sale","15":"shipping-taxable","16":"purchasable","17":"product-type-simple"},"_links":{"self":[{"href":"https:\/\/roveyayinevi.com.tr\/index.php\/wp-json\/wp\/v2\/product\/726293","targetHints":{"allow":["GET"]}}],"collection":[{"href":"https:\/\/roveyayinevi.com.tr\/index.php\/wp-json\/wp\/v2\/product"}],"about":[{"href":"https:\/\/roveyayinevi.com.tr\/index.php\/wp-json\/wp\/v2\/types\/product"}],"wp:attachment":[{"href":"https:\/\/roveyayinevi.com.tr\/index.php\/wp-json\/wp\/v2\/media?parent=726293"}],"wp:term":[{"taxonomy":"product_brand","embeddable":true,"href":"https:\/\/roveyayinevi.com.tr\/index.php\/wp-json\/wp\/v2\/product_brand?post=726293"},{"taxonomy":"product_cat","embeddable":true,"href":"https:\/\/roveyayinevi.com.tr\/index.php\/wp-json\/wp\/v2\/product_cat?post=726293"},{"taxonomy":"product_tag","embeddable":true,"href":"https:\/\/roveyayinevi.com.tr\/index.php\/wp-json\/wp\/v2\/product_tag?post=726293"}],"curies":[{"name":"wp","href":"https:\/\/api.w.org\/{rel}","templated":true}]}}