{"id":726292,"date":"2025-08-27T20:03:59","date_gmt":"2025-08-27T17:03:59","guid":{"rendered":"https:\/\/roveyayinevi.com.tr\/index.php\/urun\/ise-yeniden-baslamak\/"},"modified":"2026-04-16T02:34:04","modified_gmt":"2026-04-15T23:34:04","slug":"ise-yeniden-baslamak","status":"publish","type":"product","link":"https:\/\/roveyayinevi.com.tr\/index.php\/urun\/ise-yeniden-baslamak\/","title":{"rendered":"\u0130\u015fe Yeniden Ba\u015flamak"},"content":{"rendered":"<p>Yazar bu kitab\u0131nda i\u015fe yeniden ba\u015flamaya cesaret eden insanlar\u0131n \u00f6yk\u00fclerini anlat\u0131yor. Onlar\u0131n kar\u015f\u0131la\u015ft\u0131klar\u0131 zorluklar\u0131 nas\u0131l a\u015ft\u0131klar\u0131n\u0131, sorunlar\u0131 nas\u0131l \u00e7\u00f6zd\u00fcklerini g\u00f6steriyor. \u00d6zden Aslan, okuyucusuna \u201ci\u015fe yeniden ba\u015flarken ailenizin, \u00f6zellikle dostlar\u0131n\u0131z\u0131n deste\u011fi \u00e7ok \u00f6nemli\u201d ve \u201cyeniden ba\u015flaman\u0131n stresi, bilinmeyenin korkusu dostlarla azal\u0131yor, hatta sorun \u00e7\u00f6zmek e\u011flenceli bir hal al\u0131yor\u201d diyor. O nedenle bu kitapta eskilerin yan\u0131s\u0131ra yeni kurulan dostluklar\u0131n da kahramanlar\u0131m\u0131z\u0131n ya\u015famlar\u0131na katt\u0131\u011f\u0131 olumlu etkiyi de bulacaks\u0131n\u0131z.Elma Yay\u0131nevi, bir kez daha \u0130\u015fe Yeniden Ba\u015flamak adl\u0131 kitab\u0131yla bulu\u015fuyor okuyucusuyla\u2026Yazar\u0131n yay\u0131nevimizden \u00e7\u0131km\u0131\u015f di\u011fer i\u015f ve y\u00f6netim kitaplar\u0131:Bir \u0130nsan Kaynaklar\u0131 Masal\u0131, \u0130yi ki Farkl\u0131y\u0131z, Zor \u0130nsanlarla Zorlanmadan Ba\u015f Etmek, \u0130\u015fte Zor \u0130nsanlar, Eyvah Y\u00f6netici Oldum,<\/p>\n","protected":false},"excerpt":{"rendered":"<p>Yazar bu kitab\u0131nda i\u015fe yeniden ba\u015flamaya cesaret eden insanlar\u0131n \u00f6yk\u00fclerini anlat\u0131yor. Onlar\u0131n kar\u015f\u0131la\u015ft\u0131klar\u0131 zorluklar\u0131 nas\u0131l a\u015ft\u0131klar\u0131n\u0131, sorunlar\u0131 nas\u0131l \u00e7\u00f6zd\u00fcklerini g\u00f6steriyor. \u00d6zden Aslan, okuyucusuna \u201ci\u015fe yeniden ba\u015flarken<span class=\"excerpt-hellip\"> [\u2026]<\/span><\/p>\n","protected":false},"featured_media":0,"template":"","meta":{"_monsterinsights_skip_tracking":false,"_monsterinsights_sitenote_active":false,"_monsterinsights_sitenote_note":"","_monsterinsights_sitenote_category":0},"product_brand":[],"product_cat":[12365,12364],"product_tag":[],"class_list":{"0":"post-726292","1":"product","2":"type-product","3":"status-publish","5":"product_cat-diger-genel-konular","6":"product_cat-genel-konular","7":"pa_cilt-ciltsiz","8":"pa_tur-kitap","9":"pa_yayinevi-elma-yayinevi","10":"pa_yazar-ozden-aslan","12":"first","13":"instock","14":"sale","15":"shipping-taxable","16":"purchasable","17":"product-type-simple"},"_links":{"self":[{"href":"https:\/\/roveyayinevi.com.tr\/index.php\/wp-json\/wp\/v2\/product\/726292","targetHints":{"allow":["GET"]}}],"collection":[{"href":"https:\/\/roveyayinevi.com.tr\/index.php\/wp-json\/wp\/v2\/product"}],"about":[{"href":"https:\/\/roveyayinevi.com.tr\/index.php\/wp-json\/wp\/v2\/types\/product"}],"wp:attachment":[{"href":"https:\/\/roveyayinevi.com.tr\/index.php\/wp-json\/wp\/v2\/media?parent=726292"}],"wp:term":[{"taxonomy":"product_brand","embeddable":true,"href":"https:\/\/roveyayinevi.com.tr\/index.php\/wp-json\/wp\/v2\/product_brand?post=726292"},{"taxonomy":"product_cat","embeddable":true,"href":"https:\/\/roveyayinevi.com.tr\/index.php\/wp-json\/wp\/v2\/product_cat?post=726292"},{"taxonomy":"product_tag","embeddable":true,"href":"https:\/\/roveyayinevi.com.tr\/index.php\/wp-json\/wp\/v2\/product_tag?post=726292"}],"curies":[{"name":"wp","href":"https:\/\/api.w.org\/{rel}","templated":true}]}}