{"id":726291,"date":"2025-08-27T20:03:59","date_gmt":"2025-08-27T17:03:59","guid":{"rendered":"https:\/\/roveyayinevi.com.tr\/index.php\/urun\/anlat-dede\/"},"modified":"2026-04-16T02:34:04","modified_gmt":"2026-04-15T23:34:04","slug":"anlat-dede","status":"publish","type":"product","link":"https:\/\/roveyayinevi.com.tr\/index.php\/urun\/anlat-dede\/","title":{"rendered":"Anlat Dede"},"content":{"rendered":"<p>Gen\u00e7lerin en sevdi\u011fi kalemlerden Nehir Yarar, bu kitab\u0131yla da gen\u00e7 sevin\u00e7lerin naif orta\u011f\u0131, g\u00fcl\u00fcmseten gen\u00e7lik kayg\u0131lar\u0131n\u0131n zarif s\u00f6zc\u00fcs\u00fc oluyor. Haz\u0131rsan\u0131z o samimi anlat\u0131m dili, bir koluna okul ya\u015fant\u0131s\u0131n\u0131, di\u011ferine tatl\u0131 bir ailenin zorunlu g\u00f6\u00e7le \u015fekillenen derin \u00f6yk\u00fcs\u00fcn\u00fc takacak, usul usul ak\u0131p gidecek.***Herkesin bir hik\u00e2yesi vard\u0131r. G\u00fcnce\u2019nin size anlataca\u011f\u0131 bu hik\u00e2ye ise bol s\u00fcrprizli ve e\u011flenceli. Kimi zaman da biraz karma\u015f\u0131k. Neden mi? Okul hayat\u0131n\u0131n zorluklar\u0131n\u0131 tahmin edersiniz. \u00d6zellikle bitirim ikili Simge ve Selin\u2019in yapt\u0131klar\u0131na hi\u00e7 anlam veremiyor G\u00fcnce. Neyse ki Poyraz fikirleriyle hep yan\u0131nda.G\u00fcnce\u2019nin \u015fenlikli geni\u015f ailesi, mahalle ya\u015fant\u0131s\u0131 ve kedisi Zozo da bu hik\u00e2yeyi epey renklendiriyor, bizden s\u00f6ylemesi. Ama en renklisi, hi\u00e7 ku\u015fkusuz dedesinin anlatacaklar\u0131&#8230;Bir \u00f6dev sayesinde dedesinden dinledikleri, G\u00fcnce\u2019nin hik\u00e2yesinde bamba\u015fka kap\u0131lar a\u00e7acak. Biz de ak\u0131p giden bu konu\u015fkan sat\u0131rlara b\u0131rakaca\u011f\u0131z kendimizi. Haydi!<\/p>\n","protected":false},"excerpt":{"rendered":"<p>Gen\u00e7lerin en sevdi\u011fi kalemlerden Nehir Yarar, bu kitab\u0131yla da gen\u00e7 sevin\u00e7lerin naif orta\u011f\u0131, g\u00fcl\u00fcmseten gen\u00e7lik kayg\u0131lar\u0131n\u0131n zarif s\u00f6zc\u00fcs\u00fc oluyor. Haz\u0131rsan\u0131z o samimi anlat\u0131m dili, bir koluna<span class=\"excerpt-hellip\"> [\u2026]<\/span><\/p>\n","protected":false},"featured_media":0,"template":"","meta":{"_monsterinsights_skip_tracking":false,"_monsterinsights_sitenote_active":false,"_monsterinsights_sitenote_note":"","_monsterinsights_sitenote_category":0},"product_brand":[],"product_cat":[12274,12631],"product_tag":[],"class_list":{"0":"post-726291","1":"product","2":"type-product","3":"status-publish","5":"product_cat-cocuk-ve-genclik-kitaplari","6":"product_cat-diger-cocuk-ve-genclik-kitaplari","7":"pa_cilt-ciltsiz","8":"pa_tur-kitap","9":"pa_yayinevi-elma-cocuk","10":"pa_yazar-nehir-yarar","12":"first","13":"instock","14":"sale","15":"shipping-taxable","16":"purchasable","17":"product-type-simple"},"_links":{"self":[{"href":"https:\/\/roveyayinevi.com.tr\/index.php\/wp-json\/wp\/v2\/product\/726291","targetHints":{"allow":["GET"]}}],"collection":[{"href":"https:\/\/roveyayinevi.com.tr\/index.php\/wp-json\/wp\/v2\/product"}],"about":[{"href":"https:\/\/roveyayinevi.com.tr\/index.php\/wp-json\/wp\/v2\/types\/product"}],"wp:attachment":[{"href":"https:\/\/roveyayinevi.com.tr\/index.php\/wp-json\/wp\/v2\/media?parent=726291"}],"wp:term":[{"taxonomy":"product_brand","embeddable":true,"href":"https:\/\/roveyayinevi.com.tr\/index.php\/wp-json\/wp\/v2\/product_brand?post=726291"},{"taxonomy":"product_cat","embeddable":true,"href":"https:\/\/roveyayinevi.com.tr\/index.php\/wp-json\/wp\/v2\/product_cat?post=726291"},{"taxonomy":"product_tag","embeddable":true,"href":"https:\/\/roveyayinevi.com.tr\/index.php\/wp-json\/wp\/v2\/product_tag?post=726291"}],"curies":[{"name":"wp","href":"https:\/\/api.w.org\/{rel}","templated":true}]}}