{"id":726288,"date":"2025-08-27T20:03:56","date_gmt":"2025-08-27T17:03:56","guid":{"rendered":"https:\/\/roveyayinevi.com.tr\/index.php\/urun\/ask-i-memnu-10\/"},"modified":"2026-04-16T02:34:04","modified_gmt":"2026-04-15T23:34:04","slug":"ask-i-memnu-10","status":"publish","type":"product","link":"https:\/\/roveyayinevi.com.tr\/index.php\/urun\/ask-i-memnu-10\/","title":{"rendered":"A\u015fk- \u0131 Memnu"},"content":{"rendered":"<p>Tanzimat romanlar\u0131n\u0131n baz\u0131 a\u00e7\u0131lardan eksik oldu\u011fu kanaatiyle, kimi ara\u015ft\u0131rmac\u0131lar taraf\u0131ndan T\u00fcrk Edebiyat\u0131n\u0131n ilk \u201cger\u00e7ek\u201d roman\u0131 olarak da kabul g\u00f6ren A\u015fk-\u0131 Memnu, 1899-1900 y\u0131l\u0131nda Servet-i F\u00fcnun dergisinde tefrika edilmi\u015f ve ilk kez kitap olarak 1900 y\u0131l\u0131nda yay\u0131mlanm\u0131\u015ft\u0131r. A\u015fk-\u0131 Memnu, kelime hazinesi bak\u0131m\u0131ndan hayli zengin olmakla beraber, anla\u015f\u0131lmas\u0131 zor ve g\u00fcndelik kullan\u0131mda pek rastlanmayan kelimelerin yo\u011fun olmas\u0131 sebebiyle 1920 y\u0131l\u0131ndan sonraki bask\u0131lar\u0131nda yazar taraf\u0131ndan sadele\u015ftirilmi\u015ftir. 1939 y\u0131l\u0131nda Latin harfleriyle yeni bir bask\u0131 yap\u0131lm\u0131\u015f, Halid Ziya bu bask\u0131 i\u00e7in bir sadele\u015ftirme daha yapm\u0131\u015f fakat \u00fcslup ve muhtevada herhangi bir de\u011fi\u015fikli\u011fe gitmemi\u015ftir. Tefrika edildi\u011fi d\u00f6nemde de b\u00fcy\u00fck alaka g\u00f6ren eser, aradan ge\u00e7en zamana ra\u011fmen h\u00e2l\u00e2 pop\u00fclerli\u011fini ve de\u011ferini korumakta olup Servet-i F\u00fcnun d\u00f6nemi T\u00fcrk edebiyat\u0131n\u0131n \u015faheserlerinden say\u0131lmaktad\u0131r. Yazar\u0131n en m\u00fchim romanlar\u0131ndan say\u0131lan bu eser, yasak bir a\u015fk\u0131 en \u00e7arp\u0131c\u0131 \u015fekilde anlat\u0131r. \u201cYasak a\u015fk\u201d temas\u0131 19. y\u00fczy\u0131l\u0131n sonu ve 20. y\u00fczy\u0131l\u0131n ba\u015f\u0131nda bir\u00e7ok romanda rastlanan bir tema olsa da, bunu Halid Ziya kadar haf\u0131zalara kaz\u0131nan bir esere d\u00f6n\u00fc\u015ft\u00fcrebilenlerin say\u0131s\u0131 azd\u0131r. Ahmet Hamdi Tanp\u0131nar\u2019\u0131n ifadesiyle; \u201cHalid Ziya&#8217;ya kadar romanc\u0131 muhayyilesiyle do\u011fmu\u015f tek muharririmiz yoktur. Hepsi roman veya hik\u00e2ye yazmaya hevesli insanlard\u0131r\u201d.  \u201cKendisini aldatmak isteyen bu hain \u015feyi silkip atacakt\u0131, \u00f6lmeyecekti; bu g\u00fczel, gen\u00e7, nefis kad\u0131n ya\u015fayacakt\u0131; sonra birden, art\u0131k k\u0131r\u0131lmaya m\u00fcheyya, \u00e7at\u0131rdayan kap\u0131n\u0131n kar\u015f\u0131s\u0131nda, bile\u011finin mukavemetine bir keselan geldi, sanki onu bir kuvvet b\u00fckt\u00fc, ma\u011flup etti, nihayet o siyah a\u011f\u0131z k\u0131vr\u0131ld\u0131, k\u0131vr\u0131ld\u0131, bir y\u0131lan h\u0131yanetiyle karanl\u0131kta, o elim a\u015fk cerihas\u0131yla s\u0131zlayan noktay\u0131 buldu\u201d.<\/p>\n","protected":false},"excerpt":{"rendered":"<p>Tanzimat romanlar\u0131n\u0131n baz\u0131 a\u00e7\u0131lardan eksik oldu\u011fu kanaatiyle, kimi ara\u015ft\u0131rmac\u0131lar taraf\u0131ndan T\u00fcrk Edebiyat\u0131n\u0131n ilk \u201cger\u00e7ek\u201d roman\u0131 olarak da kabul g\u00f6ren A\u015fk-\u0131 Memnu, 1899-1900 y\u0131l\u0131nda Servet-i F\u00fcnun dergisinde<span class=\"excerpt-hellip\"> [\u2026]<\/span><\/p>\n","protected":false},"featured_media":0,"template":"","meta":{"_monsterinsights_skip_tracking":false,"_monsterinsights_sitenote_active":false,"_monsterinsights_sitenote_note":"","_monsterinsights_sitenote_category":0},"product_brand":[],"product_cat":[12274,20117],"product_tag":[],"class_list":{"0":"post-726288","1":"product","2":"type-product","3":"status-publish","5":"product_cat-cocuk-ve-genclik-kitaplari","6":"product_cat-turk-klasikleri","7":"pa_cilt-ciltsiz","8":"pa_tur-kitap","9":"pa_yayinevi-otuken-nesriyat","10":"pa_yazar-halid-ziya-usakligil","12":"first","13":"instock","14":"sale","15":"shipping-taxable","16":"purchasable","17":"product-type-simple"},"_links":{"self":[{"href":"https:\/\/roveyayinevi.com.tr\/index.php\/wp-json\/wp\/v2\/product\/726288","targetHints":{"allow":["GET"]}}],"collection":[{"href":"https:\/\/roveyayinevi.com.tr\/index.php\/wp-json\/wp\/v2\/product"}],"about":[{"href":"https:\/\/roveyayinevi.com.tr\/index.php\/wp-json\/wp\/v2\/types\/product"}],"wp:attachment":[{"href":"https:\/\/roveyayinevi.com.tr\/index.php\/wp-json\/wp\/v2\/media?parent=726288"}],"wp:term":[{"taxonomy":"product_brand","embeddable":true,"href":"https:\/\/roveyayinevi.com.tr\/index.php\/wp-json\/wp\/v2\/product_brand?post=726288"},{"taxonomy":"product_cat","embeddable":true,"href":"https:\/\/roveyayinevi.com.tr\/index.php\/wp-json\/wp\/v2\/product_cat?post=726288"},{"taxonomy":"product_tag","embeddable":true,"href":"https:\/\/roveyayinevi.com.tr\/index.php\/wp-json\/wp\/v2\/product_tag?post=726288"}],"curies":[{"name":"wp","href":"https:\/\/api.w.org\/{rel}","templated":true}]}}