{"id":726286,"date":"2025-08-27T20:03:54","date_gmt":"2025-08-27T17:03:54","guid":{"rendered":"https:\/\/roveyayinevi.com.tr\/index.php\/urun\/dunyayi-paylasmak-ciltli\/"},"modified":"2026-04-16T02:34:04","modified_gmt":"2026-04-15T23:34:04","slug":"dunyayi-paylasmak-ciltli","status":"publish","type":"product","link":"https:\/\/roveyayinevi.com.tr\/index.php\/urun\/dunyayi-paylasmak-ciltli\/","title":{"rendered":"D\u00fcnyay\u0131 Payla\u015fmak ( Ciltli )"},"content":{"rendered":"<p>On y\u0131l \u00f6nce, gezegenimiz yok olman\u0131n e\u015fi\u011findeydi. Uzay\u0131n derinliklerinde bir yerlerde gezegenlerini bizimle payla\u015fmak isteyen ak\u0131ll\u0131 bir canl\u0131 t\u00fcr\u00fcn\u00fc ar\u0131yorduk. Sonunda D\u00fcnya\u2019y\u0131 ke\u015ffettik: yaln\u0131z k\u00fc\u00e7\u00fck bir sorunumuz vard\u0131: \u0130nsanlar&#8230; Onlar D\u00fcnya\u2019y\u0131 ba\u015fka bir canl\u0131yla payla\u015fmaya haz\u0131r m\u0131yd\u0131 acaba? <\/p>\n","protected":false},"excerpt":{"rendered":"<p>On y\u0131l \u00f6nce, gezegenimiz yok olman\u0131n e\u015fi\u011findeydi. Uzay\u0131n derinliklerinde bir yerlerde gezegenlerini bizimle payla\u015fmak isteyen ak\u0131ll\u0131 bir canl\u0131 t\u00fcr\u00fcn\u00fc ar\u0131yorduk. Sonunda D\u00fcnya\u2019y\u0131 ke\u015ffettik: yaln\u0131z k\u00fc\u00e7\u00fck bir<span class=\"excerpt-hellip\"> [\u2026]<\/span><\/p>\n","protected":false},"featured_media":0,"template":"","meta":{"_monsterinsights_skip_tracking":false,"_monsterinsights_sitenote_active":false,"_monsterinsights_sitenote_note":"","_monsterinsights_sitenote_category":0},"product_brand":[],"product_cat":[12913,12274],"product_tag":[],"class_list":{"0":"post-726286","1":"product","2":"type-product","3":"status-publish","5":"product_cat-3-6-yas-kitaplari","6":"product_cat-cocuk-ve-genclik-kitaplari","7":"pa_cilt-ciltli","8":"pa_tur-kitap","9":"pa_yayinevi-epsilon-ozel-urun","10":"pa_yazar-rifat-batur","12":"first","13":"instock","14":"sale","15":"shipping-taxable","16":"purchasable","17":"product-type-simple"},"_links":{"self":[{"href":"https:\/\/roveyayinevi.com.tr\/index.php\/wp-json\/wp\/v2\/product\/726286","targetHints":{"allow":["GET"]}}],"collection":[{"href":"https:\/\/roveyayinevi.com.tr\/index.php\/wp-json\/wp\/v2\/product"}],"about":[{"href":"https:\/\/roveyayinevi.com.tr\/index.php\/wp-json\/wp\/v2\/types\/product"}],"wp:attachment":[{"href":"https:\/\/roveyayinevi.com.tr\/index.php\/wp-json\/wp\/v2\/media?parent=726286"}],"wp:term":[{"taxonomy":"product_brand","embeddable":true,"href":"https:\/\/roveyayinevi.com.tr\/index.php\/wp-json\/wp\/v2\/product_brand?post=726286"},{"taxonomy":"product_cat","embeddable":true,"href":"https:\/\/roveyayinevi.com.tr\/index.php\/wp-json\/wp\/v2\/product_cat?post=726286"},{"taxonomy":"product_tag","embeddable":true,"href":"https:\/\/roveyayinevi.com.tr\/index.php\/wp-json\/wp\/v2\/product_tag?post=726286"}],"curies":[{"name":"wp","href":"https:\/\/api.w.org\/{rel}","templated":true}]}}