{"id":726283,"date":"2025-08-27T20:03:51","date_gmt":"2025-08-27T17:03:51","guid":{"rendered":"https:\/\/roveyayinevi.com.tr\/index.php\/urun\/mai-ve-siyah-12\/"},"modified":"2026-04-16T02:34:04","modified_gmt":"2026-04-15T23:34:04","slug":"mai-ve-siyah-12","status":"publish","type":"product","link":"https:\/\/roveyayinevi.com.tr\/index.php\/urun\/mai-ve-siyah-12\/","title":{"rendered":"Mai ve Siyah"},"content":{"rendered":"<p>Halid Ziya U\u015fakl\u0131gil\u2019in Bat\u0131l\u0131 anlamda T\u00fcrk roman\u0131n\u0131n ba\u015flang\u0131c\u0131 kabul edilen bu eseri, 1900\u2019l\u00fc y\u0131llarda \u0130stanbul\u2019da ya\u015fayan Ahmet Cemil\u2019in \u00fcnl\u00fc bir yazar olma ve L\u00e2mia ile evlenme hayalini, babas\u0131n\u0131n \u00f6l\u00fcm\u00fcn\u00fcn ard\u0131ndan ger\u00e7ek hayatla tan\u0131\u015fmas\u0131n\u0131, sonra yine hayallerinin pe\u015finden ko\u015fmas\u0131n\u0131, bu u\u011furda karde\u015fini dahi feda edi\u015fini, hatta L\u00e2mia\u2019y\u0131 kaybedi\u015fini, sonra \u00fcnl\u00fc bir yazar olma \u00fcmidini de kaybedi\u015fini psikolojik tahliller e\u015fli\u011finde anlat\u0131r. Halid Ziya\u2019n\u0131n di\u011fer romanlar\u0131nda da rastlad\u0131\u011f\u0131m\u0131z bu tahliller, devam\u0131nda psikolojik \u00e7\u00f6z\u00fcmlemeleri de getirir. Ahmet Cemil hayaller kurar, fakat hayallerinin h\u00fcsranla neticelenmesi \u00fczerine ger\u00e7eklere uyan\u0131r. Her \u00fcmidin ve hayalin ard\u0131ndan gelen bu uyan\u0131\u015flar onun ger\u00e7ekleri idrakini artt\u0131r\u0131r. Her uyan\u0131\u015f\u0131nda hakikate daha yak\u0131n ve hayallerinden daha uzaktad\u0131r. Her uyan\u0131\u015f, biraz daha kendi \u00e7aresizli\u011fini hat\u0131rlat\u0131r\u2026 \u201cBak \u015fu semaya, ne g\u00f6r\u00fcyorsun, mailiklerden m\u00fcrekkep bir derya\u2026 G\u00f6zlerinle onun i\u00e7ine girmeye \u00e7al\u0131\u015f; o mailikleri y\u0131rtmak i\u00e7in u\u011fra\u015f, Ne g\u00f6r\u00fcyorsun? Mai\u2026 Daima mai\u2026 De\u011fil mi? Sonra, bak aya\u011f\u0131m\u0131z\u0131n alt\u0131ndaki topra\u011fa, ne buluyorsun? Donmu\u015f, simsiyah bir renk\u2026 Of!.. O siyah tabakalar\u0131 par\u00e7alayarak i\u00e7eriye bak; in, in, in, ne kadar inebilmek m\u00fcmk\u00fcnse o kadar in; ne buluyorsun? O siyahl\u0131klar i\u00e7inde ne buluyorsun? Siyah\u2026 Daima siyah, de\u011fil mi? \u0130\u015fte \u00f6yle bir \u015fey yazmak istiyorum ki yukar\u0131 bak\u0131lsa mai ve daima mai; a\u015fa\u011f\u0131 bak\u0131lsa siyah, daima siyah\u2026\u201d<\/p>\n","protected":false},"excerpt":{"rendered":"<p>Halid Ziya U\u015fakl\u0131gil\u2019in Bat\u0131l\u0131 anlamda T\u00fcrk roman\u0131n\u0131n ba\u015flang\u0131c\u0131 kabul edilen bu eseri, 1900\u2019l\u00fc y\u0131llarda \u0130stanbul\u2019da ya\u015fayan Ahmet Cemil\u2019in \u00fcnl\u00fc bir yazar olma ve L\u00e2mia ile evlenme<span class=\"excerpt-hellip\"> [\u2026]<\/span><\/p>\n","protected":false},"featured_media":0,"template":"","meta":{"_monsterinsights_skip_tracking":false,"_monsterinsights_sitenote_active":false,"_monsterinsights_sitenote_note":"","_monsterinsights_sitenote_category":0},"product_brand":[],"product_cat":[12291,12711],"product_tag":[],"class_list":{"0":"post-726283","1":"product","2":"type-product","3":"status-publish","5":"product_cat-edebiyat","6":"product_cat-roman-oyku","7":"pa_cilt-ciltsiz","8":"pa_tur-kitap","9":"pa_yayinevi-otuken-nesriyat","10":"pa_yazar-halid-ziya-usakligil","12":"first","13":"instock","14":"sale","15":"shipping-taxable","16":"purchasable","17":"product-type-simple"},"_links":{"self":[{"href":"https:\/\/roveyayinevi.com.tr\/index.php\/wp-json\/wp\/v2\/product\/726283","targetHints":{"allow":["GET"]}}],"collection":[{"href":"https:\/\/roveyayinevi.com.tr\/index.php\/wp-json\/wp\/v2\/product"}],"about":[{"href":"https:\/\/roveyayinevi.com.tr\/index.php\/wp-json\/wp\/v2\/types\/product"}],"wp:attachment":[{"href":"https:\/\/roveyayinevi.com.tr\/index.php\/wp-json\/wp\/v2\/media?parent=726283"}],"wp:term":[{"taxonomy":"product_brand","embeddable":true,"href":"https:\/\/roveyayinevi.com.tr\/index.php\/wp-json\/wp\/v2\/product_brand?post=726283"},{"taxonomy":"product_cat","embeddable":true,"href":"https:\/\/roveyayinevi.com.tr\/index.php\/wp-json\/wp\/v2\/product_cat?post=726283"},{"taxonomy":"product_tag","embeddable":true,"href":"https:\/\/roveyayinevi.com.tr\/index.php\/wp-json\/wp\/v2\/product_tag?post=726283"}],"curies":[{"name":"wp","href":"https:\/\/api.w.org\/{rel}","templated":true}]}}