{"id":726282,"date":"2025-08-27T20:03:50","date_gmt":"2025-08-27T17:03:50","guid":{"rendered":"https:\/\/roveyayinevi.com.tr\/index.php\/urun\/kirik-hayatlar-4\/"},"modified":"2026-04-16T02:34:04","modified_gmt":"2026-04-15T23:34:04","slug":"kirik-hayatlar-4","status":"publish","type":"product","link":"https:\/\/roveyayinevi.com.tr\/index.php\/urun\/kirik-hayatlar-4\/","title":{"rendered":"K\u0131r\u0131k Hayatlar"},"content":{"rendered":"<p>Halid Ziya\u2019n\u0131n Servet-i F\u00fcnun d\u00f6nemi romanlar\u0131ndan sonuncusu olan K\u0131r\u0131k Hayatlar, Halid Ziya\u2019n\u0131n iki m\u00fchim ve nispeten daha pop\u00fcler eserleri say\u0131lan Mai ve Siyah ile A\u015fk-\u0131 Memnu\u2019nun ard\u0131ndan Bat\u0131l\u0131 roman tekniklerine uygun olarak yazd\u0131\u011f\u0131 di\u011fer roman\u0131d\u0131r. Bu iki eserin gerisinde yahut g\u00f6lgesinde kalm\u0131\u015f gibi g\u00f6r\u00fcnse de, Halid Ziya, Suut Kemal Yetkin\u2019e yazd\u0131\u011f\u0131 mektupta K\u0131r\u0131k Hayatlar roman\u0131n\u0131 di\u011fer romanlar\u0131ndan daha iyi buldu\u011funu ifade eder.\u0130lk kez 1901 y\u0131l\u0131nda Servet-i F\u00fcnun dergisinde tefrika edilen ve H\u00fcseyin Cahit Yal\u00e7\u0131n\u2019\u0131n \u201cEdebiyat ve Hukuk\u201d ba\u015fl\u0131kl\u0131 yaz\u0131s\u0131 sebebiyle dergi kapat\u0131l\u0131nca yar\u0131m kalan tefrika, 1924 y\u0131l\u0131nda kitap olarak yay\u0131mlanm\u0131\u015ft\u0131r.Halid Ziya, roman\u0131nda yanl\u0131\u015f Bat\u0131l\u0131la\u015fmay\u0131, bozulan, da\u011f\u0131lan, k\u0131r\u0131lan hayatlar\u0131 ve \u00e7e\u015fitli aile trajedilerini anlat\u0131r ve sebep-sonu\u00e7 ili\u015fkisinde sebepler \u00e7emberini hayli geni\u015f tutar. Tats\u0131z bir neticeye varan ili\u015fkilerin tek sorumlusu yoktur onun i\u00e7in\u2026 Ve tek bir nedeni de\u2026 O; mutsuzluklar\u0131n, dramlar\u0131n, k\u0131r\u0131lm\u0131\u015f hayatlar\u0131n kayna\u011f\u0131n\u0131 bir\u00e7ok sebepte arar. \u201cAh! Bu yolda izdiva\u00e7lar cemiyet hayat\u0131 i\u00e7in ne m\u00fcthi\u015f, ne m\u00fchlik bir marazd\u0131r. Sonra, bunun ne kadar kay\u0131ts\u0131z, masum duygularla yay\u0131ld\u0131\u011f\u0131na, s\u00fcnnet edilir, mektebe ba\u015flatt\u0131r\u0131l\u0131r gibi m\u00fcr\u00fcvvet g\u00f6rmek i\u00e7in, bu \u201cm\u00fcr\u00fcvvet\u201d kelimesinin etraf\u0131nda kurulan izdiva\u00e7lar\u0131n nas\u0131l yap\u0131ld\u0131\u011f\u0131na dikkat edilse insan \u015fa\u015far. M\u00fcr\u00fcvvet&#8230; Bilseler bu m\u00fcr\u00fcvvet kelimesinin alt\u0131nda ne cinayetler sakl\u0131d\u0131r\u201d.<\/p>\n","protected":false},"excerpt":{"rendered":"<p>Halid Ziya\u2019n\u0131n Servet-i F\u00fcnun d\u00f6nemi romanlar\u0131ndan sonuncusu olan K\u0131r\u0131k Hayatlar, Halid Ziya\u2019n\u0131n iki m\u00fchim ve nispeten daha pop\u00fcler eserleri say\u0131lan Mai ve Siyah ile A\u015fk-\u0131 Memnu\u2019nun<span class=\"excerpt-hellip\"> [\u2026]<\/span><\/p>\n","protected":false},"featured_media":0,"template":"","meta":{"_monsterinsights_skip_tracking":false,"_monsterinsights_sitenote_active":false,"_monsterinsights_sitenote_note":"","_monsterinsights_sitenote_category":0},"product_brand":[],"product_cat":[12291,12711],"product_tag":[],"class_list":{"0":"post-726282","1":"product","2":"type-product","3":"status-publish","5":"product_cat-edebiyat","6":"product_cat-roman-oyku","7":"pa_cilt-ciltsiz","8":"pa_tur-kitap","9":"pa_yayinevi-otuken-nesriyat","10":"pa_yazar-halid-ziya-usakligil","12":"first","13":"instock","14":"sale","15":"shipping-taxable","16":"purchasable","17":"product-type-simple"},"_links":{"self":[{"href":"https:\/\/roveyayinevi.com.tr\/index.php\/wp-json\/wp\/v2\/product\/726282","targetHints":{"allow":["GET"]}}],"collection":[{"href":"https:\/\/roveyayinevi.com.tr\/index.php\/wp-json\/wp\/v2\/product"}],"about":[{"href":"https:\/\/roveyayinevi.com.tr\/index.php\/wp-json\/wp\/v2\/types\/product"}],"wp:attachment":[{"href":"https:\/\/roveyayinevi.com.tr\/index.php\/wp-json\/wp\/v2\/media?parent=726282"}],"wp:term":[{"taxonomy":"product_brand","embeddable":true,"href":"https:\/\/roveyayinevi.com.tr\/index.php\/wp-json\/wp\/v2\/product_brand?post=726282"},{"taxonomy":"product_cat","embeddable":true,"href":"https:\/\/roveyayinevi.com.tr\/index.php\/wp-json\/wp\/v2\/product_cat?post=726282"},{"taxonomy":"product_tag","embeddable":true,"href":"https:\/\/roveyayinevi.com.tr\/index.php\/wp-json\/wp\/v2\/product_tag?post=726282"}],"curies":[{"name":"wp","href":"https:\/\/api.w.org\/{rel}","templated":true}]}}