{"id":726278,"date":"2025-08-27T20:03:47","date_gmt":"2025-08-27T17:03:47","guid":{"rendered":"https:\/\/roveyayinevi.com.tr\/index.php\/urun\/aforizmalar-altay-oktem\/"},"modified":"2026-04-16T02:34:04","modified_gmt":"2026-04-15T23:34:04","slug":"aforizmalar-altay-oktem","status":"publish","type":"product","link":"https:\/\/roveyayinevi.com.tr\/index.php\/urun\/aforizmalar-altay-oktem\/","title":{"rendered":"Aforizmalar &#8211; Altay \u00d6ktem"},"content":{"rendered":"<p>Yar\u0131m kalm\u0131\u015f a\u015fklar\u0131n h\u00e2l\u00e2 bir yerlerde kanad\u0131\u011f\u0131n\u0131 g\u00f6r\u00fcrs\u00fcn.<\/p>\n","protected":false},"excerpt":{"rendered":"<p>Yar\u0131m kalm\u0131\u015f a\u015fklar\u0131n h\u00e2l\u00e2 bir yerlerde kanad\u0131\u011f\u0131n\u0131 g\u00f6r\u00fcrs\u00fcn.<\/p>\n","protected":false},"featured_media":0,"template":"","meta":{"_monsterinsights_skip_tracking":false,"_monsterinsights_sitenote_active":false,"_monsterinsights_sitenote_note":"","_monsterinsights_sitenote_category":0},"product_brand":[],"product_cat":[75065,12291],"product_tag":[],"class_list":{"0":"post-726278","1":"product","2":"type-product","3":"status-publish","5":"product_cat-aforizmalar","6":"product_cat-edebiyat","7":"pa_cilt-ciltsiz","8":"pa_tur-kitap","9":"pa_yayinevi-siyah-beyaz","10":"pa_yazar-altay-oktem","12":"first","13":"instock","14":"sale","15":"shipping-taxable","16":"purchasable","17":"product-type-simple"},"_links":{"self":[{"href":"https:\/\/roveyayinevi.com.tr\/index.php\/wp-json\/wp\/v2\/product\/726278","targetHints":{"allow":["GET"]}}],"collection":[{"href":"https:\/\/roveyayinevi.com.tr\/index.php\/wp-json\/wp\/v2\/product"}],"about":[{"href":"https:\/\/roveyayinevi.com.tr\/index.php\/wp-json\/wp\/v2\/types\/product"}],"wp:attachment":[{"href":"https:\/\/roveyayinevi.com.tr\/index.php\/wp-json\/wp\/v2\/media?parent=726278"}],"wp:term":[{"taxonomy":"product_brand","embeddable":true,"href":"https:\/\/roveyayinevi.com.tr\/index.php\/wp-json\/wp\/v2\/product_brand?post=726278"},{"taxonomy":"product_cat","embeddable":true,"href":"https:\/\/roveyayinevi.com.tr\/index.php\/wp-json\/wp\/v2\/product_cat?post=726278"},{"taxonomy":"product_tag","embeddable":true,"href":"https:\/\/roveyayinevi.com.tr\/index.php\/wp-json\/wp\/v2\/product_tag?post=726278"}],"curies":[{"name":"wp","href":"https:\/\/api.w.org\/{rel}","templated":true}]}}