{"id":726272,"date":"2025-08-27T20:03:42","date_gmt":"2025-08-27T17:03:42","guid":{"rendered":"https:\/\/roveyayinevi.com.tr\/index.php\/urun\/ilkcagda-doga-felsefeleri\/"},"modified":"2026-04-16T02:34:03","modified_gmt":"2026-04-15T23:34:03","slug":"ilkcagda-doga-felsefeleri","status":"publish","type":"product","link":"https:\/\/roveyayinevi.com.tr\/index.php\/urun\/ilkcagda-doga-felsefeleri\/","title":{"rendered":"\u0130lk\u00e7a\u011f\u2019da Do\u011fa Felsefeleri"},"content":{"rendered":"<p>\u0130lk\u00e7a\u011f felsefesi, her \u015feyden \u00f6nce do\u011faya y\u00f6neliktir. Do\u011fada g\u00f6zlemlenen de\u011fi\u015fim olgusunu tart\u0131\u015farak zenginle\u015fir ve somut varl\u0131\u011f\u0131n a\u00e7\u0131klamalar\u0131 olarak iki doru\u011fa y\u00fckselir. Doruklardan biri M\u00d6 5. y\u00fczy\u0131l\u0131n son yar\u0131s\u0131nda Demokritos taraf\u0131ndan ortaya at\u0131lan atomculuk, \u00f6b\u00fcr\u00fc de ondan yakla\u015f\u0131k bir y\u00fczy\u0131l sonra geli\u015ftirilen Aristoteles felsefesidir. Bu kitab\u0131n \u00f6nde gelen amac\u0131, \u0130lk\u00e7a\u011f do\u011fa felsefesinin yal\u0131n a\u00e7\u0131klamalarla ba\u015flay\u0131p g\u00f6z kama\u015ft\u0131ran bir h\u0131zla iki, \u00fc\u00e7 y\u00fczy\u0131l i\u00e7inde b\u00f6yle bir kuramsal d\u00fczeye ula\u015fmas\u0131n\u0131, bir felsefi etkile\u015fim s\u00fcreci olarak betimlemek ve bu olgunun \u00fcr\u00fcnlerinin yak\u0131n \u00e7a\u011f d\u00fc\u015f\u00fcncesiyle olan kimi ili\u015fkilerini saptamak. Kitapta kuramlar\u0131 tan\u0131tan a\u00e7\u0131klamalar, filozoflar\u0131n kendi \u00f6nermeleriyle i\u00e7 i\u00e7e \u00f6r\u00fclerek sunuluyor.\u201c\u0130lk\u00e7a\u011f d\u00fc\u015f\u00fcncesinin k\u0131sa say\u0131labilecek bir s\u00fcrede neler ba\u015farabildi\u011fi hayret uyand\u0131r\u0131c\u0131d\u0131r. Bu kitap, konusunu kimi varl\u0131kbilim sorunlar\u0131 \u00e7evresinde s\u0131n\u0131rlayan bir \u0130lk\u00e7a\u011f felsefesi tarihi. Bu d\u00f6nemi her y\u00f6n\u00fcyle ve kapsaml\u0131 bir bi\u00e7imde betimlemek yerine, \u00e7a\u011f\u0131n odaktaki tart\u0131\u015fmas\u0131na e\u011fildim. De\u011fi\u015fim olgusuna ili\u015fkin bu tart\u0131\u015fman\u0131n felsefenin ilk \u00fc\u00e7 y\u00fcz y\u0131l\u0131 i\u00e7inde fiziksel varl\u0131\u011f\u0131n do\u011fas\u0131na ili\u015fkin kavray\u0131\u015f\u0131 ne b\u00fcy\u00fck bir derinli\u011fe g\u00f6t\u00fcrebildi\u011fini betimlemeye \u00e7al\u0131\u015ft\u0131m. Bunu daha yak\u0131n \u00e7a\u011flarla ili\u015fkiler de kurarak, ele\u015ftirel bir bi\u00e7imde irdelemeyi ama\u00e7lad\u0131m.\u201dArda Denkel<\/p>\n","protected":false},"excerpt":{"rendered":"<p>\u0130lk\u00e7a\u011f felsefesi, her \u015feyden \u00f6nce do\u011faya y\u00f6neliktir. Do\u011fada g\u00f6zlemlenen de\u011fi\u015fim olgusunu tart\u0131\u015farak zenginle\u015fir ve somut varl\u0131\u011f\u0131n a\u00e7\u0131klamalar\u0131 olarak iki doru\u011fa y\u00fckselir. Doruklardan biri M\u00d6 5. y\u00fczy\u0131l\u0131n<span class=\"excerpt-hellip\"> [\u2026]<\/span><\/p>\n","protected":false},"featured_media":0,"template":"","meta":{"_monsterinsights_skip_tracking":false,"_monsterinsights_sitenote_active":false,"_monsterinsights_sitenote_note":"","_monsterinsights_sitenote_category":0},"product_brand":[],"product_cat":[12388,14717],"product_tag":[],"class_list":{"0":"post-726272","1":"product","2":"type-product","3":"status-publish","5":"product_cat-felsefe","6":"product_cat-felsefe-tarihi","7":"pa_cilt-ciltsiz","8":"pa_tur-kitap","9":"pa_yayinevi-dogu-bati-yayinlari","10":"pa_yazar-arda-denkel","12":"first","13":"instock","14":"sale","15":"shipping-taxable","16":"purchasable","17":"product-type-simple"},"_links":{"self":[{"href":"https:\/\/roveyayinevi.com.tr\/index.php\/wp-json\/wp\/v2\/product\/726272","targetHints":{"allow":["GET"]}}],"collection":[{"href":"https:\/\/roveyayinevi.com.tr\/index.php\/wp-json\/wp\/v2\/product"}],"about":[{"href":"https:\/\/roveyayinevi.com.tr\/index.php\/wp-json\/wp\/v2\/types\/product"}],"wp:attachment":[{"href":"https:\/\/roveyayinevi.com.tr\/index.php\/wp-json\/wp\/v2\/media?parent=726272"}],"wp:term":[{"taxonomy":"product_brand","embeddable":true,"href":"https:\/\/roveyayinevi.com.tr\/index.php\/wp-json\/wp\/v2\/product_brand?post=726272"},{"taxonomy":"product_cat","embeddable":true,"href":"https:\/\/roveyayinevi.com.tr\/index.php\/wp-json\/wp\/v2\/product_cat?post=726272"},{"taxonomy":"product_tag","embeddable":true,"href":"https:\/\/roveyayinevi.com.tr\/index.php\/wp-json\/wp\/v2\/product_tag?post=726272"}],"curies":[{"name":"wp","href":"https:\/\/api.w.org\/{rel}","templated":true}]}}