{"id":726271,"date":"2025-08-27T20:03:41","date_gmt":"2025-08-27T17:03:41","guid":{"rendered":"https:\/\/roveyayinevi.com.tr\/index.php\/urun\/daglari-kesfet-dunyayi-ogreniyorum\/"},"modified":"2026-04-16T02:34:03","modified_gmt":"2026-04-15T23:34:03","slug":"daglari-kesfet-dunyayi-ogreniyorum","status":"publish","type":"product","link":"https:\/\/roveyayinevi.com.tr\/index.php\/urun\/daglari-kesfet-dunyayi-ogreniyorum\/","title":{"rendered":"Da\u011flar\u0131 Ke\u015ffet  D\u00fcnyayi \u00d6\u011freniyorum"},"content":{"rendered":"<p>Da\u011flarda gezintiye \u00e7\u0131kt\u0131\u011f\u0131nda, birbirinden g\u00fczel do\u011fa harikalar\u0131yla kar\u015f\u0131la\u015fabilirsin. Da\u011flarda hangi hayvanlar ve bitkiler ya\u015far? Teleferi\u011fe nas\u0131l binilir? Da\u011fc\u0131lar da\u011fa t\u0131rman\u0131rken hangi malzemelere ihtiya\u00e7 duyarlar? Bir da\u011f gezisinde g\u00f6r\u00fclebilecek g\u00fczellikleri ke\u015ffetmeye haz\u0131r m\u0131s\u0131n? <\/p>\n","protected":false},"excerpt":{"rendered":"<p>Da\u011flarda gezintiye \u00e7\u0131kt\u0131\u011f\u0131nda, birbirinden g\u00fczel do\u011fa harikalar\u0131yla kar\u015f\u0131la\u015fabilirsin. Da\u011flarda hangi hayvanlar ve bitkiler ya\u015far? Teleferi\u011fe nas\u0131l binilir? Da\u011fc\u0131lar da\u011fa t\u0131rman\u0131rken hangi malzemelere ihtiya\u00e7 duyarlar? Bir da\u011f<span class=\"excerpt-hellip\"> [\u2026]<\/span><\/p>\n","protected":false},"featured_media":0,"template":"","meta":{"_monsterinsights_skip_tracking":false,"_monsterinsights_sitenote_active":false,"_monsterinsights_sitenote_note":"","_monsterinsights_sitenote_category":0},"product_brand":[],"product_cat":[12274,12518],"product_tag":[],"class_list":{"0":"post-726271","1":"product","2":"type-product","3":"status-publish","5":"product_cat-cocuk-ve-genclik-kitaplari","6":"product_cat-okul-oncesi-kitaplar","7":"pa_cilt-ciltsiz","8":"pa_tur-kitap","9":"pa_yayinevi-is-bankasi-kultur-yayinlari","10":"pa_yazar-laura-leintz","12":"first","13":"instock","14":"sale","15":"shipping-taxable","16":"purchasable","17":"product-type-simple"},"_links":{"self":[{"href":"https:\/\/roveyayinevi.com.tr\/index.php\/wp-json\/wp\/v2\/product\/726271","targetHints":{"allow":["GET"]}}],"collection":[{"href":"https:\/\/roveyayinevi.com.tr\/index.php\/wp-json\/wp\/v2\/product"}],"about":[{"href":"https:\/\/roveyayinevi.com.tr\/index.php\/wp-json\/wp\/v2\/types\/product"}],"wp:attachment":[{"href":"https:\/\/roveyayinevi.com.tr\/index.php\/wp-json\/wp\/v2\/media?parent=726271"}],"wp:term":[{"taxonomy":"product_brand","embeddable":true,"href":"https:\/\/roveyayinevi.com.tr\/index.php\/wp-json\/wp\/v2\/product_brand?post=726271"},{"taxonomy":"product_cat","embeddable":true,"href":"https:\/\/roveyayinevi.com.tr\/index.php\/wp-json\/wp\/v2\/product_cat?post=726271"},{"taxonomy":"product_tag","embeddable":true,"href":"https:\/\/roveyayinevi.com.tr\/index.php\/wp-json\/wp\/v2\/product_tag?post=726271"}],"curies":[{"name":"wp","href":"https:\/\/api.w.org\/{rel}","templated":true}]}}