{"id":726267,"date":"2025-08-27T20:03:38","date_gmt":"2025-08-27T17:03:38","guid":{"rendered":"https:\/\/roveyayinevi.com.tr\/index.php\/urun\/mesafeyi-koruyalim\/"},"modified":"2026-04-16T02:34:03","modified_gmt":"2026-04-15T23:34:03","slug":"mesafeyi-koruyalim","status":"publish","type":"product","link":"https:\/\/roveyayinevi.com.tr\/index.php\/urun\/mesafeyi-koruyalim\/","title":{"rendered":"Mesafeyi Koruyal\u0131m"},"content":{"rendered":"<p>Mesafeyi Koruyal\u0131mDuru\u2019nun can\u0131 biraz s\u0131k\u0131l\u0131yordu. Anneannesini ve dedesini \u00e7ok \u00f6zlemi\u015fti. Arkada\u015flar\u0131yla parkta oynayam\u0131yor, okula gidemiyordu. Neyse ki bu zor d\u00f6nem ge\u00e7iciydi ve d\u00fcnya koronavir\u00fcsten kurtuldu\u011funda, her \u015fey eski haline d\u00f6necekti. Duru da o zamana kadar nas\u0131l davranaca\u011f\u0131n\u0131 \u00e7ok iyi biliyordu.<\/p>\n","protected":false},"excerpt":{"rendered":"<p>Mesafeyi Koruyal\u0131mDuru\u2019nun can\u0131 biraz s\u0131k\u0131l\u0131yordu. Anneannesini ve dedesini \u00e7ok \u00f6zlemi\u015fti. Arkada\u015flar\u0131yla parkta oynayam\u0131yor, okula gidemiyordu. Neyse ki bu zor d\u00f6nem ge\u00e7iciydi ve d\u00fcnya koronavir\u00fcsten kurtuldu\u011funda, her<span class=\"excerpt-hellip\"> [\u2026]<\/span><\/p>\n","protected":false},"featured_media":0,"template":"","meta":{"_monsterinsights_skip_tracking":false,"_monsterinsights_sitenote_active":false,"_monsterinsights_sitenote_note":"","_monsterinsights_sitenote_category":0},"product_brand":[],"product_cat":[12274,12518],"product_tag":[],"class_list":{"0":"post-726267","1":"product","2":"type-product","3":"status-publish","5":"product_cat-cocuk-ve-genclik-kitaplari","6":"product_cat-okul-oncesi-kitaplar","7":"pa_cilt-ciltsiz","8":"pa_tur-kitap","9":"pa_yayinevi-is-bankasi-kultur-yayinlari","10":"pa_yazar-eva-lohmann","12":"first","13":"instock","14":"sale","15":"shipping-taxable","16":"purchasable","17":"product-type-simple"},"_links":{"self":[{"href":"https:\/\/roveyayinevi.com.tr\/index.php\/wp-json\/wp\/v2\/product\/726267","targetHints":{"allow":["GET"]}}],"collection":[{"href":"https:\/\/roveyayinevi.com.tr\/index.php\/wp-json\/wp\/v2\/product"}],"about":[{"href":"https:\/\/roveyayinevi.com.tr\/index.php\/wp-json\/wp\/v2\/types\/product"}],"wp:attachment":[{"href":"https:\/\/roveyayinevi.com.tr\/index.php\/wp-json\/wp\/v2\/media?parent=726267"}],"wp:term":[{"taxonomy":"product_brand","embeddable":true,"href":"https:\/\/roveyayinevi.com.tr\/index.php\/wp-json\/wp\/v2\/product_brand?post=726267"},{"taxonomy":"product_cat","embeddable":true,"href":"https:\/\/roveyayinevi.com.tr\/index.php\/wp-json\/wp\/v2\/product_cat?post=726267"},{"taxonomy":"product_tag","embeddable":true,"href":"https:\/\/roveyayinevi.com.tr\/index.php\/wp-json\/wp\/v2\/product_tag?post=726267"}],"curies":[{"name":"wp","href":"https:\/\/api.w.org\/{rel}","templated":true}]}}