{"id":726266,"date":"2025-08-27T20:03:37","date_gmt":"2025-08-27T17:03:37","guid":{"rendered":"https:\/\/roveyayinevi.com.tr\/index.php\/urun\/gokyuzune-bak\/"},"modified":"2026-04-16T02:34:03","modified_gmt":"2026-04-15T23:34:03","slug":"gokyuzune-bak","status":"publish","type":"product","link":"https:\/\/roveyayinevi.com.tr\/index.php\/urun\/gokyuzune-bak\/","title":{"rendered":"G\u00f6ky\u00fcz\u00fcne Bak !"},"content":{"rendered":"<p>Evren\u2019de ka\u00e7 tane y\u0131ld\u0131z var? Teleskobu kim icat etti? Uzay yolculu\u011fu yapan hayvanlar hangileri? Nept\u00fcn\u2019de g\u00f6ky\u00fcz\u00fc ne renk? Sat\u00fcrn\u2019\u00fcn ka\u00e7 tane uydusu var?Bu kitapta bu sorulara ve uzay\u0131n ke\u015ffine dair ba\u015fka pek \u00e7ok ilgin\u00e7 soruya cevap bulacaks\u0131n.Kim astronot olma hayali kurmaz ki?G\u00f6ky\u00fcz\u00fcne bak ve y\u0131ld\u0131zlara yolculuk yap!<\/p>\n","protected":false},"excerpt":{"rendered":"<p>Evren\u2019de ka\u00e7 tane y\u0131ld\u0131z var? Teleskobu kim icat etti? Uzay yolculu\u011fu yapan hayvanlar hangileri? Nept\u00fcn\u2019de g\u00f6ky\u00fcz\u00fc ne renk? Sat\u00fcrn\u2019\u00fcn ka\u00e7 tane uydusu var?Bu kitapta bu sorulara<span class=\"excerpt-hellip\"> [\u2026]<\/span><\/p>\n","protected":false},"featured_media":0,"template":"","meta":{"_monsterinsights_skip_tracking":false,"_monsterinsights_sitenote_active":false,"_monsterinsights_sitenote_note":"","_monsterinsights_sitenote_category":0},"product_brand":[],"product_cat":[13829,12274],"product_tag":[],"class_list":{"0":"post-726266","1":"product","2":"type-product","3":"status-publish","5":"product_cat-bilimsel-kitaplar","6":"product_cat-cocuk-ve-genclik-kitaplari","7":"pa_cilt-ciltsiz","8":"pa_tur-kitap","9":"pa_yayinevi-is-bankasi-kultur-yayinlari","10":"pa_yazar-jose-ramon-alonso","12":"first","13":"instock","14":"sale","15":"shipping-taxable","16":"purchasable","17":"product-type-simple"},"_links":{"self":[{"href":"https:\/\/roveyayinevi.com.tr\/index.php\/wp-json\/wp\/v2\/product\/726266","targetHints":{"allow":["GET"]}}],"collection":[{"href":"https:\/\/roveyayinevi.com.tr\/index.php\/wp-json\/wp\/v2\/product"}],"about":[{"href":"https:\/\/roveyayinevi.com.tr\/index.php\/wp-json\/wp\/v2\/types\/product"}],"wp:attachment":[{"href":"https:\/\/roveyayinevi.com.tr\/index.php\/wp-json\/wp\/v2\/media?parent=726266"}],"wp:term":[{"taxonomy":"product_brand","embeddable":true,"href":"https:\/\/roveyayinevi.com.tr\/index.php\/wp-json\/wp\/v2\/product_brand?post=726266"},{"taxonomy":"product_cat","embeddable":true,"href":"https:\/\/roveyayinevi.com.tr\/index.php\/wp-json\/wp\/v2\/product_cat?post=726266"},{"taxonomy":"product_tag","embeddable":true,"href":"https:\/\/roveyayinevi.com.tr\/index.php\/wp-json\/wp\/v2\/product_tag?post=726266"}],"curies":[{"name":"wp","href":"https:\/\/api.w.org\/{rel}","templated":true}]}}