{"id":726260,"date":"2025-08-27T20:03:32","date_gmt":"2025-08-27T17:03:32","guid":{"rendered":"https:\/\/roveyayinevi.com.tr\/index.php\/urun\/cimen-yapraklari-ii-ciltli\/"},"modified":"2026-04-03T02:41:29","modified_gmt":"2026-04-02T23:41:29","slug":"cimen-yapraklari-ii-ciltli","status":"publish","type":"product","link":"https:\/\/roveyayinevi.com.tr\/index.php\/urun\/cimen-yapraklari-ii-ciltli\/","title":{"rendered":"\u00c7imen Yapraklar\u0131 \u2013 II &#8211; (Ciltli )"},"content":{"rendered":"<p>Walt Whitman (1819-1892): Amerikan \u015fiir gelene\u011finin \u00f6nde gelen, kurucu \u015fairlerinden Walt Whitman soka\u011f\u0131n, kalabal\u0131klar\u0131n ve onlar\u0131 olu\u015fturan bireylerin s\u00f6zc\u00fcs\u00fcd\u00fcr. Amerika\u2019da demokrasi, ulus olma, beden ve cinsellik kavramlar\u0131n\u0131 \u015fiire ta\u015f\u0131yan Whitman ilk modernist \u015fairlerdendir. \u00c7imen Yapraklar\u0131\u2019n\u0131n ilk bask\u0131s\u0131 1855 y\u0131l\u0131nda yap\u0131ld\u0131, bir \u00f6ns\u00f6z ve 12 ba\u015fl\u0131ks\u0131z \u015fiirden ibaretti. Whitman ya\u015fam\u0131 boyunca yazd\u0131\u011f\u0131 \u015fiirleri kitab\u0131na ekleyerek defalarca yeni bask\u0131lar\u0131n\u0131 haz\u0131rlad\u0131. Son g\u00fcnlerini yine \u00c7imen Yapraklar\u0131\u2019n\u0131n son bask\u0131s\u0131n\u0131 d\u00fczenleyerek ge\u00e7irdi. \u00d6l\u00fcm d\u00f6\u015fe\u011fi edisyonu olarak adland\u0131r\u0131lan bu bask\u0131da \u015fairin \u201cYolculu\u011fun Sonundan Geriye Do\u011fru Bir Bak\u0131\u015f\u201d adl\u0131 yaz\u0131s\u0131yla birlikte kitap 438 sayfayd\u0131 ve 400 civar\u0131nda \u015fiirden olu\u015fuyordu. \u00c7imen Yapraklar\u0131\u2019n\u0131 olu\u015fturan b\u00fct\u00fcn \u015fiirler Hasan \u00c2li Y\u00fccel Klasikler Dizisi\u2019nde yay\u0131mlan\u0131rken d\u00f6rt ciltte topland\u0131. Elinizdeki kitap bu ciltlerin ikincisidir.<\/p>\n","protected":false},"excerpt":{"rendered":"<p>Walt Whitman (1819-1892): Amerikan \u015fiir gelene\u011finin \u00f6nde gelen, kurucu \u015fairlerinden Walt Whitman soka\u011f\u0131n, kalabal\u0131klar\u0131n ve onlar\u0131 olu\u015fturan bireylerin s\u00f6zc\u00fcs\u00fcd\u00fcr. Amerika\u2019da demokrasi, ulus olma, beden ve cinsellik<span class=\"excerpt-hellip\"> [\u2026]<\/span><\/p>\n","protected":false},"featured_media":0,"template":"","meta":{"_monsterinsights_skip_tracking":false,"_monsterinsights_sitenote_active":false,"_monsterinsights_sitenote_note":"","_monsterinsights_sitenote_category":0},"product_brand":[],"product_cat":[12291,12711],"product_tag":[],"class_list":{"0":"post-726260","1":"product","2":"type-product","3":"status-publish","5":"product_cat-edebiyat","6":"product_cat-roman-oyku","7":"pa_cilt-ciltli","8":"pa_tur-kitap","9":"pa_yayinevi-is-bankasi-kultur-yayinlari","10":"pa_yazar-walt-whitman","12":"first","13":"instock","14":"sale","15":"shipping-taxable","16":"purchasable","17":"product-type-simple"},"_links":{"self":[{"href":"https:\/\/roveyayinevi.com.tr\/index.php\/wp-json\/wp\/v2\/product\/726260","targetHints":{"allow":["GET"]}}],"collection":[{"href":"https:\/\/roveyayinevi.com.tr\/index.php\/wp-json\/wp\/v2\/product"}],"about":[{"href":"https:\/\/roveyayinevi.com.tr\/index.php\/wp-json\/wp\/v2\/types\/product"}],"wp:attachment":[{"href":"https:\/\/roveyayinevi.com.tr\/index.php\/wp-json\/wp\/v2\/media?parent=726260"}],"wp:term":[{"taxonomy":"product_brand","embeddable":true,"href":"https:\/\/roveyayinevi.com.tr\/index.php\/wp-json\/wp\/v2\/product_brand?post=726260"},{"taxonomy":"product_cat","embeddable":true,"href":"https:\/\/roveyayinevi.com.tr\/index.php\/wp-json\/wp\/v2\/product_cat?post=726260"},{"taxonomy":"product_tag","embeddable":true,"href":"https:\/\/roveyayinevi.com.tr\/index.php\/wp-json\/wp\/v2\/product_tag?post=726260"}],"curies":[{"name":"wp","href":"https:\/\/api.w.org\/{rel}","templated":true}]}}