{"id":726259,"date":"2025-08-27T20:03:31","date_gmt":"2025-08-27T17:03:31","guid":{"rendered":"https:\/\/roveyayinevi.com.tr\/index.php\/urun\/geriye-bakis-2000den-1887ye\/"},"modified":"2026-04-16T02:34:03","modified_gmt":"2026-04-15T23:34:03","slug":"geriye-bakis-2000den-1887ye","status":"publish","type":"product","link":"https:\/\/roveyayinevi.com.tr\/index.php\/urun\/geriye-bakis-2000den-1887ye\/","title":{"rendered":"Geriye Bak\u0131\u015f 2000\u2019den 1887\u2019ye"},"content":{"rendered":"<p>Uykusuzluk sorunu \u00e7eken Julian West, 1887 y\u0131l\u0131nda Boston\u2019da hipnotik bir uykuya yatar ve 2000 y\u0131l\u0131nda uyan\u0131r. Birle\u015fik Devletler, her \u015feyin yepyeni bir devlet d\u00fczeniyle y\u00f6netildi\u011fi, demokratik ve e\u015fit bir toplum haline gelmi\u015ftir. Edward Bellamy\u2019nin Geriye Bak\u0131\u015f\u2019\u0131, okuyucuyu kapitalizmin h\u00fckm\u00fcndeki 19. y\u00fczy\u0131l\u0131n sonlar\u0131ndan al\u0131p 21. y\u00fczy\u0131l\u0131n sosyalist idealine g\u00f6t\u00fcr\u00fcr. Geriye Bak\u0131\u015f bir\u00e7ok y\u00f6nden 19. y\u00fczy\u0131la has romantik bir \u00fctopyad\u0131r; ba\u015fka bir a\u00e7\u0131dan da anlat\u0131c\u0131 ve zaman yolcusu Julian West ile onun 21. y\u00fczy\u0131l rehberi ve ak\u0131l hocas\u0131 Dr. Leete aras\u0131ndaki konu\u015fmalar\u0131n \u0131\u015f\u0131\u011f\u0131nda, insanl\u0131\u011f\u0131 bekleyen olas\u0131l\u0131klar\u0131n karma\u015f\u0131k bir incelemesidir. Bellamy, okuyucuya 19. y\u00fczy\u0131l\u0131n ortalar\u0131ndan sonlar\u0131na kadar ya\u015fanan toplumsal sorunlar ve s\u0131k\u0131nt\u0131lar hakk\u0131nda bilgi verir; ayn\u0131 zamanda milenyum i\u00e7in de \u00fctopik bir vizyon sunar. Dr. Leete\u2019in ve ailesinin anlatt\u0131klar\u0131nda Bellamy\u2019nin 2000 y\u0131l\u0131n\u0131n siyasi ve ekonomik ko\u015fullar\u0131na ili\u015fkin ayr\u0131nt\u0131l\u0131 tahayy\u00fclleri gizlidir<\/p>\n","protected":false},"excerpt":{"rendered":"<p>Uykusuzluk sorunu \u00e7eken Julian West, 1887 y\u0131l\u0131nda Boston\u2019da hipnotik bir uykuya yatar ve 2000 y\u0131l\u0131nda uyan\u0131r. Birle\u015fik Devletler, her \u015feyin yepyeni bir devlet d\u00fczeniyle y\u00f6netildi\u011fi, demokratik<span class=\"excerpt-hellip\"> [\u2026]<\/span><\/p>\n","protected":false},"featured_media":0,"template":"","meta":{"_monsterinsights_skip_tracking":false,"_monsterinsights_sitenote_active":false,"_monsterinsights_sitenote_note":"","_monsterinsights_sitenote_category":0},"product_brand":[],"product_cat":[12291,26797],"product_tag":[],"class_list":{"0":"post-726259","1":"product","2":"type-product","3":"status-publish","5":"product_cat-edebiyat","6":"product_cat-modern-klasikler","7":"pa_cilt-ciltsiz","8":"pa_tur-kitap","9":"pa_yayinevi-is-bankasi-kultur-yayinlari","10":"pa_yazar-edward-bellamy","12":"first","13":"instock","14":"sale","15":"shipping-taxable","16":"purchasable","17":"product-type-simple"},"_links":{"self":[{"href":"https:\/\/roveyayinevi.com.tr\/index.php\/wp-json\/wp\/v2\/product\/726259","targetHints":{"allow":["GET"]}}],"collection":[{"href":"https:\/\/roveyayinevi.com.tr\/index.php\/wp-json\/wp\/v2\/product"}],"about":[{"href":"https:\/\/roveyayinevi.com.tr\/index.php\/wp-json\/wp\/v2\/types\/product"}],"wp:attachment":[{"href":"https:\/\/roveyayinevi.com.tr\/index.php\/wp-json\/wp\/v2\/media?parent=726259"}],"wp:term":[{"taxonomy":"product_brand","embeddable":true,"href":"https:\/\/roveyayinevi.com.tr\/index.php\/wp-json\/wp\/v2\/product_brand?post=726259"},{"taxonomy":"product_cat","embeddable":true,"href":"https:\/\/roveyayinevi.com.tr\/index.php\/wp-json\/wp\/v2\/product_cat?post=726259"},{"taxonomy":"product_tag","embeddable":true,"href":"https:\/\/roveyayinevi.com.tr\/index.php\/wp-json\/wp\/v2\/product_tag?post=726259"}],"curies":[{"name":"wp","href":"https:\/\/api.w.org\/{rel}","templated":true}]}}