{"id":726257,"date":"2025-08-27T20:03:29","date_gmt":"2025-08-27T17:03:29","guid":{"rendered":"https:\/\/roveyayinevi.com.tr\/index.php\/urun\/her-kalbe-bahar-gelir-ama-bazilari-cicek-acar\/"},"modified":"2026-04-16T02:34:03","modified_gmt":"2026-04-15T23:34:03","slug":"her-kalbe-bahar-gelir-ama-bazilari-cicek-acar","status":"publish","type":"product","link":"https:\/\/roveyayinevi.com.tr\/index.php\/urun\/her-kalbe-bahar-gelir-ama-bazilari-cicek-acar\/","title":{"rendered":"Her Kalbe Bahar Gelir Ama Baz\u0131lar\u0131 \u00c7i\u00e7ek A\u00e7ar"},"content":{"rendered":"<p>\u0130\u00e7ime att\u0131\u011f\u0131m kar taneleri kadar k\u00fc\u00e7\u00fck \u015feylerin zamanla \u00f6n\u00fcnde durulmaz bir \u00e7\u0131\u011fa d\u00f6n\u00fc\u015febilece\u011fini \u00f6\u011frendim. Oysa bir da\u011f\u0131n zirvesine d\u00fc\u015fen ufac\u0131k kar taneleri gibiydi hepsi&#8230; Zamanla yuvarlan\u0131p d\u00f6nd\u00fcler i\u00e7imde, b\u00fcy\u00fcd\u00fcler ve kocaman bir \u00e7\u0131\u011fa d\u00f6n\u00fc\u015ft\u00fcler.Me\u011fer her \u015feyi i\u00e7ine atmak bir felaketmi\u015f&#8230;\u00c7\u00fcnk\u00fc i\u00e7ine att\u0131klar\u0131n\u0131n alt\u0131nda ezilir, yorulurmu\u015f insan.Sen benim i\u00e7ime att\u0131\u011f\u0131m her \u015feysin. \u00c7ocuklu\u011fum, gen\u00e7li\u011fim, al\u0131nganl\u0131\u011f\u0131m, pi\u015fmanl\u0131\u011f\u0131m, umudum&#8230; Sen benim hissettiklerimsin&#8230; Sen, bir daha hissedemeyece\u011fim tek \u015feysin&#8230;Ne olurdu kar\u015f\u0131mda dursayd\u0131n \u015fimdi? S\u0131ms\u0131k\u0131 sar\u0131labilseydim boynuna, kokunu i\u00e7ime \u00e7ekerek a\u011flayabilseydim omzunda&#8230; Ne olurdu k\u00fc\u00e7\u00fcc\u00fck bir ihtimal daha olsayd\u0131? Ke\u015fke bunlar\u0131 sana s\u00f6yleyebilmenin ba\u015fka bir yolunu bulabilseydim.Ne yaz\u0131k ki bu m\u00fcmk\u00fcn de\u011fil!\u0130\u00e7imden bir \u00e7\u0131\u011fl\u0131k gibi kopup gidiyor hissettiklerim&#8230; Umar\u0131m duyars\u0131n beni, umar\u0131m hissedersin kalbimden ge\u00e7enleri.Seni her \u015feyden \u00e7ok seviyorum.<\/p>\n","protected":false},"excerpt":{"rendered":"<p>\u0130\u00e7ime att\u0131\u011f\u0131m kar taneleri kadar k\u00fc\u00e7\u00fck \u015feylerin zamanla \u00f6n\u00fcnde durulmaz bir \u00e7\u0131\u011fa d\u00f6n\u00fc\u015febilece\u011fini \u00f6\u011frendim. Oysa bir da\u011f\u0131n zirvesine d\u00fc\u015fen ufac\u0131k kar taneleri gibiydi hepsi&#8230; Zamanla yuvarlan\u0131p<span class=\"excerpt-hellip\"> [\u2026]<\/span><\/p>\n","protected":false},"featured_media":0,"template":"","meta":{"_monsterinsights_skip_tracking":false,"_monsterinsights_sitenote_active":false,"_monsterinsights_sitenote_note":"","_monsterinsights_sitenote_category":0},"product_brand":[],"product_cat":[12291,12711],"product_tag":[],"class_list":{"0":"post-726257","1":"product","2":"type-product","3":"status-publish","5":"product_cat-edebiyat","6":"product_cat-roman-oyku","7":"pa_cilt-ciltsiz","8":"pa_tur-kitap","9":"pa_yayinevi-destek-yayinlari","10":"pa_yazar-ezgin-kilic","12":"first","13":"instock","14":"sale","15":"shipping-taxable","16":"purchasable","17":"product-type-simple"},"_links":{"self":[{"href":"https:\/\/roveyayinevi.com.tr\/index.php\/wp-json\/wp\/v2\/product\/726257","targetHints":{"allow":["GET"]}}],"collection":[{"href":"https:\/\/roveyayinevi.com.tr\/index.php\/wp-json\/wp\/v2\/product"}],"about":[{"href":"https:\/\/roveyayinevi.com.tr\/index.php\/wp-json\/wp\/v2\/types\/product"}],"wp:attachment":[{"href":"https:\/\/roveyayinevi.com.tr\/index.php\/wp-json\/wp\/v2\/media?parent=726257"}],"wp:term":[{"taxonomy":"product_brand","embeddable":true,"href":"https:\/\/roveyayinevi.com.tr\/index.php\/wp-json\/wp\/v2\/product_brand?post=726257"},{"taxonomy":"product_cat","embeddable":true,"href":"https:\/\/roveyayinevi.com.tr\/index.php\/wp-json\/wp\/v2\/product_cat?post=726257"},{"taxonomy":"product_tag","embeddable":true,"href":"https:\/\/roveyayinevi.com.tr\/index.php\/wp-json\/wp\/v2\/product_tag?post=726257"}],"curies":[{"name":"wp","href":"https:\/\/api.w.org\/{rel}","templated":true}]}}