{"id":726255,"date":"2025-08-27T20:03:28","date_gmt":"2025-08-27T17:03:28","guid":{"rendered":"https:\/\/roveyayinevi.com.tr\/index.php\/urun\/kopek-adam-3-iki-kedicigin-hikayesi\/"},"modified":"2026-04-16T02:34:03","modified_gmt":"2026-04-15T23:34:03","slug":"kopek-adam-3-iki-kedicigin-hikayesi","status":"publish","type":"product","link":"https:\/\/roveyayinevi.com.tr\/index.php\/urun\/kopek-adam-3-iki-kedicigin-hikayesi\/","title":{"rendered":"K\u00f6pek Adam -3 \/ \u0130ki Kedici\u011fin Hikayesi"},"content":{"rendered":"<p>Dav Pilkey\u2019e \u00e7ocukken DEHB ve disleksi tan\u0131s\u0131 konmu\u015ftu. Dav s\u0131n\u0131f\u0131n d\u00fczenini o kadar bozuyordu ki, \u00f6\u011fretmeni onu her g\u00fcn koridorda oturtmak zorunda kal\u0131yordu. Neyse ki Dav, resim \u00e7izmeyi ve \u00f6yk\u00fc yazmay\u0131 \u00e7ok seviyordu. Koridorda ge\u00e7irdi\u011fi zaman\u0131 kendi \u00e7izgi roman\u0131n\u0131 yaratarak ge\u00e7irmeye ba\u015flad\u0131. K\u00f6pek Adam ve Kaptan D\u00fc\u015f\u00fckdon burada ortaya \u00e7\u0131kt\u0131. \u00dcniversite y\u0131llar\u0131nda tan\u0131\u015ft\u0131\u011f\u0131 bir \u00f6\u011fretmeni Dav\u2019i resim \u00e7izmesi ve yazmas\u0131 i\u00e7in te\u015fvik etti. 1986 y\u0131l\u0131nda uluslararas\u0131 bir yar\u0131\u015fmay\u0131 kazand\u0131. Bunun sonucunda ilk kitab\u0131 olan World War Won yay\u0131mland\u0131. 1994\u2019de yay\u0131mlanan Dog Breath adl\u0131 kitab\u0131 ile 1998\u2019de Kaliforniya Gen\u00e7 Okur Madalyas\u0131\u2019n\u0131 kazand\u0131. Ard\u0131ndan 1997 y\u0131l\u0131nda The Paperboy ile Caldecott Onur \u00d6d\u00fcl\u00fc\u2019n\u00fc ald\u0131. 2002 y\u0131l\u0131nda yay\u0131mlanan ve Kaptan D\u00fc\u015f\u00fckdon karakterlerinden biri olan S\u00fcper Bezli Bebek\u2019 in Maceralar\u0131, USA Today\u2019in hem yeti\u015fkin hem de \u00e7ocuklar i\u00e7in en \u00e7ok satan kitaplar listesinde alt\u0131nc\u0131 s\u0131raya y\u00fckseldi ve ayn\u0131 zamanda New York Times en \u00e7ok satanlar listesinde de yer ald\u0131. Daha sonra yay\u0131mlanan Gelecekten Gelen Kung-Fu Ma\u011fara Adamlar\u0131 Uk ve Gluk\u2019un Maceralar\u0131 ve S\u00fcper Bezli Bebek 2: Tuvalet H\u0131rs\u0131zlar\u0131n\u0131n Sald\u0131r\u0131s\u0131, USA Today\u2019in en \u00e7ok satanlar listesine girdi. Bu \u00e7izgi romanlar\u0131n al\u0131\u015f\u0131lm\u0131\u015f\u0131n d\u0131\u015f\u0131ndaki tarz\u0131 \u00e7ocuklardaki bask\u0131lanm\u0131\u015f yarat\u0131c\u0131l\u0131\u011f\u0131 y\u00fcreklendirmeyi ama\u00e7l\u0131yordu. Pilkey\u2019in hik\u00e2yeleri yar\u0131 otobiyografik \u00f6zellikler ta\u015f\u0131maktad\u0131r ayn\u0131 zamanda arkada\u015fl\u0131k, ho\u015fg\u00f6r\u00fc ve iyi kalplilerin zaferini \u00f6ne \u00e7\u0131karan evrensel temalar\u0131 da konu edinmi\u015ftir. Dav, Kuzeybat\u0131 Pasifik\u2019te e\u015fiyle birlikte kanoya binmeyi \u00e7ok seviyor.<\/p>\n","protected":false},"excerpt":{"rendered":"<p>Dav Pilkey\u2019e \u00e7ocukken DEHB ve disleksi tan\u0131s\u0131 konmu\u015ftu. Dav s\u0131n\u0131f\u0131n d\u00fczenini o kadar bozuyordu ki, \u00f6\u011fretmeni onu her g\u00fcn koridorda oturtmak zorunda kal\u0131yordu. Neyse ki Dav,<span class=\"excerpt-hellip\"> [\u2026]<\/span><\/p>\n","protected":false},"featured_media":0,"template":"","meta":{"_monsterinsights_skip_tracking":false,"_monsterinsights_sitenote_active":false,"_monsterinsights_sitenote_note":"","_monsterinsights_sitenote_category":0},"product_brand":[],"product_cat":[12689,12274],"product_tag":[],"class_list":{"0":"post-726255","1":"product","2":"type-product","3":"status-publish","5":"product_cat-cizgi-roman-cocuk-ve-genclik-kitaplari","6":"product_cat-cocuk-ve-genclik-kitaplari","7":"pa_cilt-ciltsiz","8":"pa_tur-kitap","9":"pa_yayinevi-altin-kitaplar","10":"pa_yazar-dav-pilkey","12":"first","13":"instock","14":"sale","15":"shipping-taxable","16":"purchasable","17":"product-type-simple"},"_links":{"self":[{"href":"https:\/\/roveyayinevi.com.tr\/index.php\/wp-json\/wp\/v2\/product\/726255","targetHints":{"allow":["GET"]}}],"collection":[{"href":"https:\/\/roveyayinevi.com.tr\/index.php\/wp-json\/wp\/v2\/product"}],"about":[{"href":"https:\/\/roveyayinevi.com.tr\/index.php\/wp-json\/wp\/v2\/types\/product"}],"wp:attachment":[{"href":"https:\/\/roveyayinevi.com.tr\/index.php\/wp-json\/wp\/v2\/media?parent=726255"}],"wp:term":[{"taxonomy":"product_brand","embeddable":true,"href":"https:\/\/roveyayinevi.com.tr\/index.php\/wp-json\/wp\/v2\/product_brand?post=726255"},{"taxonomy":"product_cat","embeddable":true,"href":"https:\/\/roveyayinevi.com.tr\/index.php\/wp-json\/wp\/v2\/product_cat?post=726255"},{"taxonomy":"product_tag","embeddable":true,"href":"https:\/\/roveyayinevi.com.tr\/index.php\/wp-json\/wp\/v2\/product_tag?post=726255"}],"curies":[{"name":"wp","href":"https:\/\/api.w.org\/{rel}","templated":true}]}}