{"id":726254,"date":"2025-08-27T20:03:27","date_gmt":"2025-08-27T17:03:27","guid":{"rendered":"https:\/\/roveyayinevi.com.tr\/index.php\/urun\/cizgi-romanda-aksiyon-cizimi\/"},"modified":"2026-04-16T02:34:03","modified_gmt":"2026-04-15T23:34:03","slug":"cizgi-romanda-aksiyon-cizimi","status":"publish","type":"product","link":"https:\/\/roveyayinevi.com.tr\/index.php\/urun\/cizgi-romanda-aksiyon-cizimi\/","title":{"rendered":"\u00c7izgi Romanda Aksiyon \u00c7izimi"},"content":{"rendered":"<p>Bir \u00e7izgi roman sanat\u00e7\u0131s\u0131 olmaya aday \u00e7izerlerin hepsi asl\u0131nda ne \u00e7izmek ister? Tabii ki aksiyon. Deneyimli \u00e7izgi roman sanat\u00e7\u0131s\u0131 Lee Garbett bu kitapta \u00e7izgi romanlar\u0131n en e\u011flenceli ve de en \u00f6nemli k\u0131sm\u0131 olan aksiyon sahnelerinin nas\u0131l \u00e7izilece\u011fine dair son derece pratik bilgiler veriyor.<\/p>\n","protected":false},"excerpt":{"rendered":"<p>Bir \u00e7izgi roman sanat\u00e7\u0131s\u0131 olmaya aday \u00e7izerlerin hepsi asl\u0131nda ne \u00e7izmek ister? Tabii ki aksiyon. Deneyimli \u00e7izgi roman sanat\u00e7\u0131s\u0131 Lee Garbett bu kitapta \u00e7izgi romanlar\u0131n en<span class=\"excerpt-hellip\"> [\u2026]<\/span><\/p>\n","protected":false},"featured_media":0,"template":"","meta":{"_monsterinsights_skip_tracking":false,"_monsterinsights_sitenote_active":false,"_monsterinsights_sitenote_note":"","_monsterinsights_sitenote_category":0},"product_brand":[],"product_cat":[12416,12291],"product_tag":[],"class_list":{"0":"post-726254","1":"product","2":"type-product","3":"status-publish","5":"product_cat-cizgi-roman","6":"product_cat-edebiyat","7":"pa_cilt-ciltsiz","8":"pa_tur-kitap","9":"pa_yayinevi-bilge-kultur-sanat","10":"pa_yazar-lee-garbett","12":"first","13":"instock","14":"sale","15":"shipping-taxable","16":"purchasable","17":"product-type-simple"},"_links":{"self":[{"href":"https:\/\/roveyayinevi.com.tr\/index.php\/wp-json\/wp\/v2\/product\/726254","targetHints":{"allow":["GET"]}}],"collection":[{"href":"https:\/\/roveyayinevi.com.tr\/index.php\/wp-json\/wp\/v2\/product"}],"about":[{"href":"https:\/\/roveyayinevi.com.tr\/index.php\/wp-json\/wp\/v2\/types\/product"}],"wp:attachment":[{"href":"https:\/\/roveyayinevi.com.tr\/index.php\/wp-json\/wp\/v2\/media?parent=726254"}],"wp:term":[{"taxonomy":"product_brand","embeddable":true,"href":"https:\/\/roveyayinevi.com.tr\/index.php\/wp-json\/wp\/v2\/product_brand?post=726254"},{"taxonomy":"product_cat","embeddable":true,"href":"https:\/\/roveyayinevi.com.tr\/index.php\/wp-json\/wp\/v2\/product_cat?post=726254"},{"taxonomy":"product_tag","embeddable":true,"href":"https:\/\/roveyayinevi.com.tr\/index.php\/wp-json\/wp\/v2\/product_tag?post=726254"}],"curies":[{"name":"wp","href":"https:\/\/api.w.org\/{rel}","templated":true}]}}