{"id":726253,"date":"2025-08-27T20:03:26","date_gmt":"2025-08-27T17:03:26","guid":{"rendered":"https:\/\/roveyayinevi.com.tr\/index.php\/urun\/kendini-varedebilme-etigi\/"},"modified":"2026-04-16T02:34:03","modified_gmt":"2026-04-15T23:34:03","slug":"kendini-varedebilme-etigi","status":"publish","type":"product","link":"https:\/\/roveyayinevi.com.tr\/index.php\/urun\/kendini-varedebilme-etigi\/","title":{"rendered":"Kendini Varedebilme Eti\u011fi"},"content":{"rendered":"<p>Demet Kurto\u011flu Ta\u015fdelen, bu kitab\u0131nda ki\u015finin olanakl\u0131 felsefi geli\u015fimi penceresinden bakarak evrensel, i\u015flevsel ve de\u011fi\u015fime do\u011fru y\u00f6nlendiren bir etik g\u00f6r\u00fc\u015f geli\u015ftiriyor. Hem kuramsal birikimine hem de deneyimlerine dayanarak geli\u015ftirdi\u011fi kendini varedebilme eti\u011fini varolu\u015fsal, fizik-metafizik ve estetik ba\u011flamlar i\u00e7erisinden ara\u015ft\u0131r\u0131yor. Ki\u015finin kendiyle ve ba\u015fkalar\u0131yla olan ili\u015fkisini temel alarak olu\u015fturdu\u011fu kendini varedebilme eti\u011finde etik bilin\u00e7 i\u00e7in vazge\u00e7ilmez olan kendilik bilgisinin pe\u015fine d\u00fc\u015f\u00fcyor ve d\u00fc\u015f\u00fcnceyle eyleme ge\u00e7i\u015fte \u00f6nceli\u011fi hep ki\u015finin ya\u015fam\u0131ndaki felsefi geli\u015fime veriyor.Bir felsefe yapma bi\u00e7imi olarak kendi geli\u015ftirip ders ve at\u00f6lyelerde uygulad\u0131\u011f\u0131 performatif felsefe alan\u0131n\u0131 da kitaba ta\u015f\u0131yan Demet Kurto\u011flu Ta\u015fdelen okuru yazmaya, devinmeye ve dans etmeye y\u00f6nlendiriyor. Evrensel bir etik i\u00e7erisinde geli\u015ftirdi\u011fi kendini varedebilme iyi\u2019lerinin kitab\u0131n bu son b\u00f6l\u00fcm\u00fcnde estetize olduklar\u0131na tan\u0131k oluyoruz.A\u015fk ve sessizlik kavramlar\u0131n\u0131 etik ba\u011flama ta\u015f\u0131yan, okura kendi ya\u015fam\u0131n\u0131n sorumlulu\u011funu almas\u0131 ve ba\u015fkalar\u0131yla olan ili\u015fkisinde kendini de\u011fi\u015ftirip d\u00f6n\u00fc\u015ft\u00fcrebilmesi i\u00e7in cesaret veren ve Biraradal\u0131k Manifestosu ile biten bu kitap ku\u015fkusuz al\u0131\u015f\u0131lm\u0131\u015f\u0131n d\u0131\u015f\u0131nda yeni ve canl\u0131 bir etik g\u00f6r\u00fc\u015f ortaya koyuyor.<\/p>\n","protected":false},"excerpt":{"rendered":"<p>Demet Kurto\u011flu Ta\u015fdelen, bu kitab\u0131nda ki\u015finin olanakl\u0131 felsefi geli\u015fimi penceresinden bakarak evrensel, i\u015flevsel ve de\u011fi\u015fime do\u011fru y\u00f6nlendiren bir etik g\u00f6r\u00fc\u015f geli\u015ftiriyor. Hem kuramsal birikimine hem de<span class=\"excerpt-hellip\"> [\u2026]<\/span><\/p>\n","protected":false},"featured_media":0,"template":"","meta":{"_monsterinsights_skip_tracking":false,"_monsterinsights_sitenote_active":false,"_monsterinsights_sitenote_note":"","_monsterinsights_sitenote_category":0},"product_brand":[],"product_cat":[12389,12388],"product_tag":[],"class_list":{"0":"post-726253","1":"product","2":"type-product","3":"status-publish","5":"product_cat-diger-felsefe","6":"product_cat-felsefe","7":"pa_cilt-ciltsiz","8":"pa_tur-kitap","9":"pa_yayinevi-pinhan-yayincilik","10":"pa_yazar-demet-kurtoglu-tasdelen","12":"first","13":"instock","14":"sale","15":"shipping-taxable","16":"purchasable","17":"product-type-simple"},"_links":{"self":[{"href":"https:\/\/roveyayinevi.com.tr\/index.php\/wp-json\/wp\/v2\/product\/726253","targetHints":{"allow":["GET"]}}],"collection":[{"href":"https:\/\/roveyayinevi.com.tr\/index.php\/wp-json\/wp\/v2\/product"}],"about":[{"href":"https:\/\/roveyayinevi.com.tr\/index.php\/wp-json\/wp\/v2\/types\/product"}],"wp:attachment":[{"href":"https:\/\/roveyayinevi.com.tr\/index.php\/wp-json\/wp\/v2\/media?parent=726253"}],"wp:term":[{"taxonomy":"product_brand","embeddable":true,"href":"https:\/\/roveyayinevi.com.tr\/index.php\/wp-json\/wp\/v2\/product_brand?post=726253"},{"taxonomy":"product_cat","embeddable":true,"href":"https:\/\/roveyayinevi.com.tr\/index.php\/wp-json\/wp\/v2\/product_cat?post=726253"},{"taxonomy":"product_tag","embeddable":true,"href":"https:\/\/roveyayinevi.com.tr\/index.php\/wp-json\/wp\/v2\/product_tag?post=726253"}],"curies":[{"name":"wp","href":"https:\/\/api.w.org\/{rel}","templated":true}]}}