{"id":726252,"date":"2025-08-27T20:03:25","date_gmt":"2025-08-27T17:03:25","guid":{"rendered":"https:\/\/roveyayinevi.com.tr\/index.php\/urun\/dolayimsiz-erotik-veya-muzikal-erotik-evreler\/"},"modified":"2026-04-16T02:34:03","modified_gmt":"2026-04-15T23:34:03","slug":"dolayimsiz-erotik-veya-muzikal-erotik-evreler","status":"publish","type":"product","link":"https:\/\/roveyayinevi.com.tr\/index.php\/urun\/dolayimsiz-erotik-veya-muzikal-erotik-evreler\/","title":{"rendered":"Dolay\u0131ms\u0131z Erotik veya  M\u00fczikal Erotik Evreler"},"content":{"rendered":"<p>Varolu\u015f\u00e7u felsefenin babas\u0131 Kiekegaard, Ya\/Ya da\u2019n\u0131n b\u00f6l\u00fcmlerinden biri olan Dolay\u0131ms\u0131z Erotik veya M\u00fczikal Erotik Evreler\u2019de felsefe anlay\u0131\u015f\u0131n\u0131 Mozart\u2019\u0131n m\u00fczi\u011fiyle g\u00f6zler \u00f6n\u00fcne serer. \u0130nsan ya\u015fam\u0131n\u0131 \u00fc\u00e7 evreye \u2013estetik, etik ve dinsel\u2013 ay\u0131ran filozof m\u00fczikal evreleri de \u00fc\u00e7e ay\u0131r\u0131r: Birinci evre Mozart\u2019\u0131n operas\u0131 Figaro\u2019nun D\u00fc\u011f\u00fcn\u00fc\u2019ndeki u\u015fak karakteriyle; ikinci evre Sihirli Fl\u00fct\u2019teki Papageno\u2019yla; \u00fc\u00e7\u00fcnc\u00fc evre Don Giovanni\u2019yle temsil edilir. Kierkegaard\u2019un tan\u0131mlad\u0131\u011f\u0131 estetik evrede, arzu bu m\u00fczikal evrelerin her birinde mevcuttur, ancak \u201cilk evrede hayal eden, ikincisinde arayan, \u00fc\u00e7\u00fcnc\u00fcs\u00fcnde de arzulayan\u201d olarak vard\u0131r. Kierkagaard bu eserinde gerek zengin \u00fcslubuyla gerekse Mozart\u2019\u0131n m\u00fczi\u011fiyle s\u00fcsledi\u011fi varolu\u015f\u00e7u anlay\u0131\u015f\u0131yla felsefe severlere tad\u0131 hi\u00e7 eskimeyecek bir eser arma\u011fan ediyor.  <\/p>\n","protected":false},"excerpt":{"rendered":"<p>Varolu\u015f\u00e7u felsefenin babas\u0131 Kiekegaard, Ya\/Ya da\u2019n\u0131n b\u00f6l\u00fcmlerinden biri olan Dolay\u0131ms\u0131z Erotik veya M\u00fczikal Erotik Evreler\u2019de felsefe anlay\u0131\u015f\u0131n\u0131 Mozart\u2019\u0131n m\u00fczi\u011fiyle g\u00f6zler \u00f6n\u00fcne serer. \u0130nsan ya\u015fam\u0131n\u0131 \u00fc\u00e7 evreye<span class=\"excerpt-hellip\"> [\u2026]<\/span><\/p>\n","protected":false},"featured_media":0,"template":"","meta":{"_monsterinsights_skip_tracking":false,"_monsterinsights_sitenote_active":false,"_monsterinsights_sitenote_note":"","_monsterinsights_sitenote_category":0},"product_brand":[],"product_cat":[12389,12388],"product_tag":[],"class_list":{"0":"post-726252","1":"product","2":"type-product","3":"status-publish","5":"product_cat-diger-felsefe","6":"product_cat-felsefe","7":"pa_cilt-ciltsiz","8":"pa_tur-kitap","9":"pa_yayinevi-alfa-yayinlari","10":"pa_yazar-soren-kierkegaard","12":"first","13":"instock","14":"sale","15":"shipping-taxable","16":"purchasable","17":"product-type-simple"},"_links":{"self":[{"href":"https:\/\/roveyayinevi.com.tr\/index.php\/wp-json\/wp\/v2\/product\/726252","targetHints":{"allow":["GET"]}}],"collection":[{"href":"https:\/\/roveyayinevi.com.tr\/index.php\/wp-json\/wp\/v2\/product"}],"about":[{"href":"https:\/\/roveyayinevi.com.tr\/index.php\/wp-json\/wp\/v2\/types\/product"}],"wp:attachment":[{"href":"https:\/\/roveyayinevi.com.tr\/index.php\/wp-json\/wp\/v2\/media?parent=726252"}],"wp:term":[{"taxonomy":"product_brand","embeddable":true,"href":"https:\/\/roveyayinevi.com.tr\/index.php\/wp-json\/wp\/v2\/product_brand?post=726252"},{"taxonomy":"product_cat","embeddable":true,"href":"https:\/\/roveyayinevi.com.tr\/index.php\/wp-json\/wp\/v2\/product_cat?post=726252"},{"taxonomy":"product_tag","embeddable":true,"href":"https:\/\/roveyayinevi.com.tr\/index.php\/wp-json\/wp\/v2\/product_tag?post=726252"}],"curies":[{"name":"wp","href":"https:\/\/api.w.org\/{rel}","templated":true}]}}