{"id":726248,"date":"2025-08-27T20:03:22","date_gmt":"2025-08-27T17:03:22","guid":{"rendered":"https:\/\/roveyayinevi.com.tr\/index.php\/urun\/serif-hayvanlar-aleminde-alfabe-kitabi\/"},"modified":"2026-04-16T02:34:03","modified_gmt":"2026-04-15T23:34:03","slug":"serif-hayvanlar-aleminde-alfabe-kitabi","status":"publish","type":"product","link":"https:\/\/roveyayinevi.com.tr\/index.php\/urun\/serif-hayvanlar-aleminde-alfabe-kitabi\/","title":{"rendered":"\u015eerif Hayvanlar Aleminde Alfabe Kitab\u0131"},"content":{"rendered":"<p>Harfleri \u00f6\u011frenmek i\u00e7in kolay ve e\u011flenceli bir ba\u015flang\u0131\u00e7!Parmaklar\u0131n\u0131 harflerin i\u00e7inde gezdir, tekrar ve tekrar yaz. T\u00fcm alfabeyi harika hayvan dostlar\u0131nla birlikte dokunarak \u00f6\u011fren. Renkli hayvan \u00e7izimleriyle dolu bu alfabe kitab\u0131nda harfler, sayfalara derin olarak bas\u0131lm\u0131\u015ft\u0131r. \u00c7ocuklar sayfalara dokunduklar\u0131nda parmaklar\u0131 harflerin i\u00e7ine girer ve harfin \u015feklini hisseder. Harfler, hayvan isimleriyle birlikte seslendirildi\u011finde, \u00e7ocuklar o harfin sesini \u00f6\u011frenir. A harfini aslan ile e\u015fle\u015ftirir ve Aaaa sesini hat\u0131rlar\u2026 \u015eerif Hayvanlar \u00c2leminde Alfabe Kitab\u0131\u2019yla hikayeler \u00fcretebilir, bu kitab\u0131 ikiniz i\u00e7in daha da \u00f6zel bir hale getirebilirsiniz. Renkli ve kaliteli \u00e7izimlerle \u00e7ocuklar\u0131n hayal g\u00fcc\u00fcn\u00fc ve \u00f6zel bask\u0131lar\u0131yla dokunma hissini harekete ge\u00e7irir. <\/p>\n","protected":false},"excerpt":{"rendered":"<p>Harfleri \u00f6\u011frenmek i\u00e7in kolay ve e\u011flenceli bir ba\u015flang\u0131\u00e7!Parmaklar\u0131n\u0131 harflerin i\u00e7inde gezdir, tekrar ve tekrar yaz. T\u00fcm alfabeyi harika hayvan dostlar\u0131nla birlikte dokunarak \u00f6\u011fren. Renkli hayvan \u00e7izimleriyle<span class=\"excerpt-hellip\"> [\u2026]<\/span><\/p>\n","protected":false},"featured_media":0,"template":"","meta":{"_monsterinsights_skip_tracking":false,"_monsterinsights_sitenote_active":false,"_monsterinsights_sitenote_note":"","_monsterinsights_sitenote_category":0},"product_brand":[],"product_cat":[12274,12518],"product_tag":[],"class_list":{"0":"post-726248","1":"product","2":"type-product","3":"status-publish","5":"product_cat-cocuk-ve-genclik-kitaplari","6":"product_cat-okul-oncesi-kitaplar","7":"pa_cilt-ciltli","8":"pa_tur-kitap","9":"pa_yayinevi-ucan-kitap","10":"pa_yazar-ucan-kitap-kolektif","12":"first","13":"instock","14":"sale","15":"shipping-taxable","16":"purchasable","17":"product-type-simple"},"_links":{"self":[{"href":"https:\/\/roveyayinevi.com.tr\/index.php\/wp-json\/wp\/v2\/product\/726248","targetHints":{"allow":["GET"]}}],"collection":[{"href":"https:\/\/roveyayinevi.com.tr\/index.php\/wp-json\/wp\/v2\/product"}],"about":[{"href":"https:\/\/roveyayinevi.com.tr\/index.php\/wp-json\/wp\/v2\/types\/product"}],"wp:attachment":[{"href":"https:\/\/roveyayinevi.com.tr\/index.php\/wp-json\/wp\/v2\/media?parent=726248"}],"wp:term":[{"taxonomy":"product_brand","embeddable":true,"href":"https:\/\/roveyayinevi.com.tr\/index.php\/wp-json\/wp\/v2\/product_brand?post=726248"},{"taxonomy":"product_cat","embeddable":true,"href":"https:\/\/roveyayinevi.com.tr\/index.php\/wp-json\/wp\/v2\/product_cat?post=726248"},{"taxonomy":"product_tag","embeddable":true,"href":"https:\/\/roveyayinevi.com.tr\/index.php\/wp-json\/wp\/v2\/product_tag?post=726248"}],"curies":[{"name":"wp","href":"https:\/\/api.w.org\/{rel}","templated":true}]}}