{"id":726244,"date":"2025-08-27T20:03:19","date_gmt":"2025-08-27T17:03:19","guid":{"rendered":"https:\/\/roveyayinevi.com.tr\/index.php\/urun\/2008den-2018e-kuresel-krizin-10-yili\/"},"modified":"2026-04-16T02:34:03","modified_gmt":"2026-04-15T23:34:03","slug":"2008den-2018e-kuresel-krizin-10-yili","status":"publish","type":"product","link":"https:\/\/roveyayinevi.com.tr\/index.php\/urun\/2008den-2018e-kuresel-krizin-10-yili\/","title":{"rendered":"2008\u2019den 2018\u2019e K\u00fcresel Krizin 10 Y\u0131l\u0131"},"content":{"rendered":"<p>Y\u00fckselen Piyasalar ve T\u00fcrkiye: Finansal Sorunlar, Beklentiler Global Piyasalarda Kriz Riski, T\u00fcrkiye\u2019ye ve Kurumlar\u0131m\u0131za Olas\u0131 Etkileri Kriz D\u00f6neminde Bankac\u0131l\u0131k: \u2018Sekt\u00f6rdeki Hatalar, F\u0131rsatlar, Uygulamalar\u2019 \u00dczerine G\u00f6r\u00fc\u015f ve Tavsiyeler Global Kriz, D\u00fcnya ve T\u00fcrkiye 2009 De\u011ferlendirmesi, 2010 ve Sonras\u0131 \u0130\u00e7in Beklentiler 21. Y\u00fczy\u0131lda Yeni Bir D\u00fcnya Sava\u015f\u0131 T\u00fcr\u00fc: \u2018Kur Sava\u015flar\u0131\u2019 2010 Y\u0131l\u0131 Biterken D\u00fcnya\u2019daki Son Finansal Geli\u015fmeler ve T\u00fcrkiye Uluslar aras\u0131 Finansal Krizin M\u00fclki \u0130dare Ba\u011flant\u0131s\u0131 D\u00fcnya ve T\u00fcrkiye\u2019de \u015eubat \u2013 Mart 2011 Aylar\u0131ndaki Finansal Geli\u015fmeler Finans Piyasalar\u0131nda Dengeler Sa\u011flanam\u0131yor, Yeni Bir Mali D\u00fczene \u0130htiya\u00e7 Var! Global Ekonomilerde Ac\u0131mas\u0131z Sava\u015f: \u2018K\u0131yamete Giden Yol: Armageddon mu?\u2019 Global Finansal Piyasalar\u0131n 2011 Y\u0131l\u0131 Genel De\u011ferlendirmesi ve 2012 Y\u0131l\u0131 i\u00e7in Beklentiler K\u00fcresel Finans Sistemindeki G\u00fcncel Geli\u015fmeler ve Krizin Gelece\u011fi Kriz (Na Crisis) \u2018D\u00fc\u015f\u00fcn\u00fcp Karar Vermek\u2019 veya \u2018Takdiri \u0130lahi\u2019: Hnagisi?   Piyasalarda Kelebek Etkisi (The Butterfly Effect) ve Kusursuz F\u0131rt\u0131nalar D\u00f6nemi 2015 Y\u0131l\u0131 Biterken K\u00fcresel Krizde Durum 2016 Y\u0131l\u0131nda da Ekonomik Belirsizlik (Risk) B\u00fcy\u00fcyor  2016\u2019n\u0131n Ard\u0131ndan D\u00fcnya Ekonomisi  Krizin 10. Y\u0131l\u0131nda D\u00fcnya ve T\u00fcrkiye Ekonomisi: 2017 Y\u0131l\u0131 ve Sonras\u0131  K\u00fcresel Krizin On Y\u0131l\u0131: \u2018Bitmeyen Senfoni\u2019<\/p>\n","protected":false},"excerpt":{"rendered":"<p>Y\u00fckselen Piyasalar ve T\u00fcrkiye: Finansal Sorunlar, Beklentiler Global Piyasalarda Kriz Riski, T\u00fcrkiye\u2019ye ve Kurumlar\u0131m\u0131za Olas\u0131 Etkileri Kriz D\u00f6neminde Bankac\u0131l\u0131k: \u2018Sekt\u00f6rdeki Hatalar, F\u0131rsatlar, Uygulamalar\u2019 \u00dczerine G\u00f6r\u00fc\u015f ve<span class=\"excerpt-hellip\"> [\u2026]<\/span><\/p>\n","protected":false},"featured_media":0,"template":"","meta":{"_monsterinsights_skip_tracking":false,"_monsterinsights_sitenote_active":false,"_monsterinsights_sitenote_note":"","_monsterinsights_sitenote_category":0},"product_brand":[],"product_cat":[13043,65318],"product_tag":[],"class_list":{"0":"post-726244","1":"product","2":"type-product","3":"status-publish","5":"product_cat-ekonomi","6":"product_cat-kuresellesme","7":"pa_cilt-ciltsiz","8":"pa_tur-kitap","9":"pa_yayinevi-gazi-kitabevi","10":"pa_yazar-niyazi-erdogan","12":"first","13":"instock","14":"sale","15":"shipping-taxable","16":"purchasable","17":"product-type-simple"},"_links":{"self":[{"href":"https:\/\/roveyayinevi.com.tr\/index.php\/wp-json\/wp\/v2\/product\/726244","targetHints":{"allow":["GET"]}}],"collection":[{"href":"https:\/\/roveyayinevi.com.tr\/index.php\/wp-json\/wp\/v2\/product"}],"about":[{"href":"https:\/\/roveyayinevi.com.tr\/index.php\/wp-json\/wp\/v2\/types\/product"}],"wp:attachment":[{"href":"https:\/\/roveyayinevi.com.tr\/index.php\/wp-json\/wp\/v2\/media?parent=726244"}],"wp:term":[{"taxonomy":"product_brand","embeddable":true,"href":"https:\/\/roveyayinevi.com.tr\/index.php\/wp-json\/wp\/v2\/product_brand?post=726244"},{"taxonomy":"product_cat","embeddable":true,"href":"https:\/\/roveyayinevi.com.tr\/index.php\/wp-json\/wp\/v2\/product_cat?post=726244"},{"taxonomy":"product_tag","embeddable":true,"href":"https:\/\/roveyayinevi.com.tr\/index.php\/wp-json\/wp\/v2\/product_tag?post=726244"}],"curies":[{"name":"wp","href":"https:\/\/api.w.org\/{rel}","templated":true}]}}