{"id":726243,"date":"2025-08-27T20:03:19","date_gmt":"2025-08-27T17:03:19","guid":{"rendered":"https:\/\/roveyayinevi.com.tr\/index.php\/urun\/saglik-hizmetlerinde-etkinlik-olcumu\/"},"modified":"2026-04-16T02:34:03","modified_gmt":"2026-04-15T23:34:03","slug":"saglik-hizmetlerinde-etkinlik-olcumu","status":"publish","type":"product","link":"https:\/\/roveyayinevi.com.tr\/index.php\/urun\/saglik-hizmetlerinde-etkinlik-olcumu\/","title":{"rendered":"Sa\u011fl\u0131k Hizmetlerinde Etkinlik \u00d6l\u00e7\u00fcm\u00fc"},"content":{"rendered":"<p>\u0130\u00e7indekiler G\u0130R\u0130\u015e 1. TEMEL KAVRAMLAR 2. ETK\u0130NL\u0130K \u00d6L\u00c7\u00dcM\u00dcNDE KULLANILAN Y\u00d6NTEMLER 3. VER\u0130 ZARFLAMA ANAL\u0130Z\u0130 4. SA\u011eLIK H\u0130ZMETLER\u0130N\u0130N VER\u0130 ZARFLAMA ANAL\u0130Z\u0130 Y\u00d6NTEM\u0130YLE ETK\u0130NL\u0130KLER\u0130N\u0130N DE\u011eERLEND\u0130R\u0130LMES\u0130: L\u0130TARAT\u00dcR \u00d6RNEKLER\u0130 <\/p>\n","protected":false},"excerpt":{"rendered":"<p>\u0130\u00e7indekiler G\u0130R\u0130\u015e 1. TEMEL KAVRAMLAR 2. ETK\u0130NL\u0130K \u00d6L\u00c7\u00dcM\u00dcNDE KULLANILAN Y\u00d6NTEMLER 3. VER\u0130 ZARFLAMA ANAL\u0130Z\u0130 4. SA\u011eLIK H\u0130ZMETLER\u0130N\u0130N VER\u0130 ZARFLAMA ANAL\u0130Z\u0130 Y\u00d6NTEM\u0130YLE ETK\u0130NL\u0130KLER\u0130N\u0130N DE\u011eERLEND\u0130R\u0130LMES\u0130: L\u0130TARAT\u00dcR \u00d6RNEKLER\u0130<\/p>\n","protected":false},"featured_media":0,"template":"","meta":{"_monsterinsights_skip_tracking":false,"_monsterinsights_sitenote_active":false,"_monsterinsights_sitenote_note":"","_monsterinsights_sitenote_category":0},"product_brand":[],"product_cat":[13366,13365],"product_tag":[],"class_list":{"0":"post-726243","1":"product","2":"type-product","3":"status-publish","5":"product_cat-diger-saglik","6":"product_cat-saglik","7":"pa_cilt-ciltsiz","8":"pa_tur-kitap","9":"pa_yayinevi-gazi-kitabevi","10":"pa_yazar-nazan-torun","12":"first","13":"instock","14":"sale","15":"shipping-taxable","16":"purchasable","17":"product-type-simple"},"_links":{"self":[{"href":"https:\/\/roveyayinevi.com.tr\/index.php\/wp-json\/wp\/v2\/product\/726243","targetHints":{"allow":["GET"]}}],"collection":[{"href":"https:\/\/roveyayinevi.com.tr\/index.php\/wp-json\/wp\/v2\/product"}],"about":[{"href":"https:\/\/roveyayinevi.com.tr\/index.php\/wp-json\/wp\/v2\/types\/product"}],"wp:attachment":[{"href":"https:\/\/roveyayinevi.com.tr\/index.php\/wp-json\/wp\/v2\/media?parent=726243"}],"wp:term":[{"taxonomy":"product_brand","embeddable":true,"href":"https:\/\/roveyayinevi.com.tr\/index.php\/wp-json\/wp\/v2\/product_brand?post=726243"},{"taxonomy":"product_cat","embeddable":true,"href":"https:\/\/roveyayinevi.com.tr\/index.php\/wp-json\/wp\/v2\/product_cat?post=726243"},{"taxonomy":"product_tag","embeddable":true,"href":"https:\/\/roveyayinevi.com.tr\/index.php\/wp-json\/wp\/v2\/product_tag?post=726243"}],"curies":[{"name":"wp","href":"https:\/\/api.w.org\/{rel}","templated":true}]}}