{"id":726242,"date":"2025-08-27T20:03:18","date_gmt":"2025-08-27T17:03:18","guid":{"rendered":"https:\/\/roveyayinevi.com.tr\/index.php\/urun\/doviz-kuru-rejimlerinin-finansal-istikrar-uzerine-etkisi-ve-politika-onerileri-turkiye-ornegi\/"},"modified":"2026-04-16T02:34:03","modified_gmt":"2026-04-15T23:34:03","slug":"doviz-kuru-rejimlerinin-finansal-istikrar-uzerine-etkisi-ve-politika-onerileri-turkiye-ornegi","status":"publish","type":"product","link":"https:\/\/roveyayinevi.com.tr\/index.php\/urun\/doviz-kuru-rejimlerinin-finansal-istikrar-uzerine-etkisi-ve-politika-onerileri-turkiye-ornegi\/","title":{"rendered":"D\u00f6viz Kuru Rejimlerinin Finansal \u0130stikrar \u00dczerine Etkisi ve Politika \u00d6nerileri : T\u00fcrkiye \u00d6rne\u011fi"},"content":{"rendered":"<p>\u0130\u00e7indekiler B\u0130R\u0130NC\u0130 B\u00d6L\u00dcM D\u00f6viz Kuru Rejimleri ve Finansal \u0130stikrara Y\u00f6nelik Teorik \u00c7er\u00e7eve \u0130K\u0130NC\u0130 B\u00d6LT\u00fcrkiye\u2019de Uygulanan D\u00f6viz Kuru Rejimleri \u00dc\u00c7\u00dcNC\u00dc B\u00d6L\u00dcM T\u00fcrkiye\u2019ye Y\u00f6nelik Finansal \u0130stikrar\u0131n Tespiti Amac\u0131yla Model Olu\u015fturulmas\u0131 ve Sonu\u00e7lar\u0131 D\u00d6RD\u00dcNC\u00dc B\u00d6LT\u00fcrkiye\u2019ye Uygulanan D\u00f6viz Kuru Rejimleri ile Finansal \u0130stikrar Aras\u0131ndaki \u0130li\u015fkiye Y\u00f6nelik Analiz Sonu\u00e7lar\u0131 <\/p>\n","protected":false},"excerpt":{"rendered":"<p>\u0130\u00e7indekiler B\u0130R\u0130NC\u0130 B\u00d6L\u00dcM D\u00f6viz Kuru Rejimleri ve Finansal \u0130stikrara Y\u00f6nelik Teorik \u00c7er\u00e7eve \u0130K\u0130NC\u0130 B\u00d6LT\u00fcrkiye\u2019de Uygulanan D\u00f6viz Kuru Rejimleri \u00dc\u00c7\u00dcNC\u00dc B\u00d6L\u00dcM T\u00fcrkiye\u2019ye Y\u00f6nelik Finansal \u0130stikrar\u0131n Tespiti Amac\u0131yla<span class=\"excerpt-hellip\"> [\u2026]<\/span><\/p>\n","protected":false},"featured_media":0,"template":"","meta":{"_monsterinsights_skip_tracking":false,"_monsterinsights_sitenote_active":false,"_monsterinsights_sitenote_note":"","_monsterinsights_sitenote_category":0},"product_brand":[],"product_cat":[17249,13043],"product_tag":[],"class_list":{"0":"post-726242","1":"product","2":"type-product","3":"status-publish","5":"product_cat-borsa-finans","6":"product_cat-ekonomi","7":"pa_cilt-ciltsiz","8":"pa_tur-kitap","9":"pa_yayinevi-gazi-kitabevi","10":"pa_yazar-sebnem-tas","12":"first","13":"instock","14":"sale","15":"shipping-taxable","16":"purchasable","17":"product-type-simple"},"_links":{"self":[{"href":"https:\/\/roveyayinevi.com.tr\/index.php\/wp-json\/wp\/v2\/product\/726242","targetHints":{"allow":["GET"]}}],"collection":[{"href":"https:\/\/roveyayinevi.com.tr\/index.php\/wp-json\/wp\/v2\/product"}],"about":[{"href":"https:\/\/roveyayinevi.com.tr\/index.php\/wp-json\/wp\/v2\/types\/product"}],"wp:attachment":[{"href":"https:\/\/roveyayinevi.com.tr\/index.php\/wp-json\/wp\/v2\/media?parent=726242"}],"wp:term":[{"taxonomy":"product_brand","embeddable":true,"href":"https:\/\/roveyayinevi.com.tr\/index.php\/wp-json\/wp\/v2\/product_brand?post=726242"},{"taxonomy":"product_cat","embeddable":true,"href":"https:\/\/roveyayinevi.com.tr\/index.php\/wp-json\/wp\/v2\/product_cat?post=726242"},{"taxonomy":"product_tag","embeddable":true,"href":"https:\/\/roveyayinevi.com.tr\/index.php\/wp-json\/wp\/v2\/product_tag?post=726242"}],"curies":[{"name":"wp","href":"https:\/\/api.w.org\/{rel}","templated":true}]}}